{"id":25913,"date":"2024-10-21T12:03:58","date_gmt":"2024-10-21T12:03:58","guid":{"rendered":"https:\/\/mailprovider.com\/iwwer-mailprovider\/"},"modified":"2024-11-01T12:49:08","modified_gmt":"2024-11-01T12:49:08","slug":"iwwer-mailprovider","status":"publish","type":"page","link":"https:\/\/mailprovider.com\/lb\/iwwer-mailprovider\/","title":{"rendered":"Iwwer MailProvider"},"content":{"rendered":"\t\t<div data-elementor-type=\"wp-page\" data-elementor-id=\"25913\" class=\"elementor elementor-25913 elementor-23117\">\n\t\t\t\t<div class=\"elementor-element elementor-element-567238a2 e-con-full e-flex e-con e-parent\" data-id=\"567238a2\" data-element_type=\"container\">\n\t\t<div class=\"elementor-element elementor-element-4b1656a9 hero-section e-flex e-con-boxed e-con e-child\" data-id=\"4b1656a9\" data-element_type=\"container\" data-settings=\"{&quot;background_background&quot;:&quot;classic&quot;,&quot;ekit_section_parallax_bg&quot;:&quot;yes&quot;,&quot;ekit_section_parallax_bg_speed&quot;:0.8}\">\n\t\t\t\t\t<div class=\"e-con-inner\">\n\t\t<div class=\"elementor-element elementor-element-4c1c2137 e-con-full e-flex e-con e-child\" data-id=\"4c1c2137\" data-element_type=\"container\">\n\t\t\t\t<div class=\"elementor-element elementor-element-15877a9d elementor-widget elementor-widget-elementskit-fancy-animated-text\" data-id=\"15877a9d\" data-element_type=\"widget\" data-settings=\"{&quot;ekit_we_effect_on&quot;:&quot;none&quot;}\" data-widget_type=\"elementskit-fancy-animated-text.default\">\n\t\t\t\t<div class=\"elementor-widget-container\">\n\t\t\t\t\t<div class=\"ekit-wid-con\" >            <h1 class=\"ekit-fancy-text push\" data-id=\"15877a9d\" data-animation-settings=\"{&quot;animationStyle&quot;:&quot;animated&quot;,&quot;animationDelay&quot;:2000,&quot;loadingBar&quot;:3800,&quot;lettersDelay&quot;:50,&quot;typeLettersDelay&quot;:150,&quot;duration&quot;:500,&quot;revealDuration&quot;:600,&quot;revealAnimationDelay&quot;:1500}\">\n                            <span class=\"ekit-fancy-prefix-text\">Eng besser Welt f\u00e4nkt un mat<\/span>\n                        <span class=\"ekit-fancy-text-lists\">\n                                        <b class=\"ekit-fancy-text elementor-repeater-item-b9b00af is-visible\">Privatsph\u00e4r<\/b>\n                                        <b class=\"ekit-fancy-text elementor-repeater-item-7c0a76c \">digital Fr\u00e4iheet<\/b>\n                                        <b class=\"ekit-fancy-text elementor-repeater-item-7722b76 \">S\u00e9chert<\/b>\n                                    <\/span>\n                        <\/h1>\n        <\/div>\t\t\t\t<\/div>\n\t\t\t\t<\/div>\n\t\t\t\t<div class=\"elementor-element elementor-element-e3d9b19 elementor-widget elementor-widget-elementskit-heading\" data-id=\"e3d9b19\" data-element_type=\"widget\" data-settings=\"{&quot;ekit_we_effect_on&quot;:&quot;css&quot;}\" data-widget_type=\"elementskit-heading.default\">\n\t\t\t\t<div class=\"elementor-widget-container\">\n\t\t\t\t\t<div class=\"ekit-wid-con\" ><div class=\"ekit-heading elementskit-section-title-wraper text_left   ekit_heading_tablet-   ekit_heading_mobile-\"><h1 class=\"ekit-heading--title elementskit-section-title \">Kommunikatiounsinstrumenter<\/h1>\t\t\t\t<div class='ekit-heading__description'>\n\t\t\t\t\t<p>MailProvider.com gouf 2024 zu L\u00ebtzebuerg vun enger Grupp IT-Vision\u00e4ren gegr\u00ebnnt, d\u00e9i eng besser Internet vis\u00e9iert hunn, wou Privatsph\u00e4r de Standard ass.<\/p>\n\t\t\t\t<\/div>\n\t\t\t<\/div><\/div>\t\t\t\t<\/div>\n\t\t\t\t<\/div>\n\t\t<div class=\"elementor-element elementor-element-7ca05f7f e-con-full e-flex e-con e-child\" data-id=\"7ca05f7f\" data-element_type=\"container\">\n\t\t\t\t<div class=\"elementor-element elementor-element-48c1a804 elementor-align-left elementor-widget__width-auto elementor-widget elementor-widget-elementskit-button\" data-id=\"48c1a804\" data-element_type=\"widget\" data-settings=\"{&quot;ekit_we_effect_on&quot;:&quot;none&quot;}\" data-widget_type=\"elementskit-button.default\">\n\t\t\t\t<div class=\"elementor-widget-container\">\n\t\t\t\t\t<div class=\"ekit-wid-con\" >\t\t<div class=\"ekit-btn-wraper\">\n\t\t\t\t\t\t\t<a href=\"#\" class=\"elementskit-btn  whitespace--normal\" id=\"\">\n\t\t\t\t\tL\u00e9ier m\u00e9i<i class=\"fas fa-caret-right\"><\/i>\t\t\t\t<\/a>\n\t\t\t\t\t<\/div>\n        <\/div>\t\t\t\t<\/div>\n\t\t\t\t<\/div>\n\t\t\t\t<\/div>\n\t\t\t\t<\/div>\n\t\t\t\t\t<\/div>\n\t\t\t\t<\/div>\n\t\t\t\t<\/div>\n\t\t<div class=\"elementor-element elementor-element-3e11bc93 e-flex e-con-boxed e-con e-parent\" data-id=\"3e11bc93\" data-element_type=\"container\" data-settings=\"{&quot;background_background&quot;:&quot;classic&quot;}\">\n\t\t\t\t\t<div class=\"e-con-inner\">\n\t\t<div class=\"elementor-element elementor-element-21c9fa1a e-con-full e-flex e-con e-child\" data-id=\"21c9fa1a\" data-element_type=\"container\">\n\t\t<div class=\"elementor-element elementor-element-32214dbd e-con-full e-flex e-con e-child\" data-id=\"32214dbd\" data-element_type=\"container\">\n\t\t\t\t<div class=\"elementor-element elementor-element-4ff20371 animated-fast elementor-invisible elementor-widget elementor-widget-elementskit-heading\" data-id=\"4ff20371\" data-element_type=\"widget\" data-settings=\"{&quot;_animation&quot;:&quot;fadeIn&quot;,&quot;ekit_we_effect_on&quot;:&quot;css&quot;,&quot;_animation_delay&quot;:100}\" data-widget_type=\"elementskit-heading.default\">\n\t\t\t\t<div class=\"elementor-widget-container\">\n\t\t\t\t\t<div class=\"ekit-wid-con\" ><div class=\"ekit-heading elementskit-section-title-wraper text_center   ekit_heading_tablet-   ekit_heading_mobile-text_left\"><h6 class=\"elementskit-section-subtitle  \">\n\t\t\t\t\t\tEch g\u00e9if d&#039;Gleewe vun der Kierch Gemeinschaft w\u00e9i en extrem motiv\u00e9ierend Erfahrung beschreiwen.\n\t\t\t\t\t<\/h6><h2 class=\"ekit-heading--title elementskit-section-title \">Mir hunn MailProvider.com entw\u00e9ckelt, fir eng aner Optioun ze bidden.<\/h2>\t\t\t\t<div class='ekit-heading__description'>\n\t\t\t\t\t<p>Et huet alles mat dem World Wide Web ugefaangen. S\u00ebcherz\u00e4it huet de Web eis Liewen transform\u00e9iert. Awer fir vill Leit heiteg heescht den Zougang zum Internet dacks, datt se grouss Quantit\u00e9iten pers\u00e9inlech Donn\u00e9e\u00ebn un Firmen ofginn, d\u00e9i Profit iwwer Privatsph\u00e4r sch\u00e4tzen. An ville Regiounen misse Regierungen d\u00ebs Donn\u00e9e\u00ebn, fir d'Fr\u00e4iheeten hirer Bierger ze beschr\u00e4nken.   <\/p>\n\t\t\t\t<\/div>\n\t\t\t<\/div><\/div>\t\t\t\t<\/div>\n\t\t\t\t<\/div>\n\t\t\t\t<\/div>\n\t\t\t\t<\/div>\n\t\t<div class=\"elementor-element elementor-element-75b0f3b4 e-con-full e-flex e-con e-child\" data-id=\"75b0f3b4\" data-element_type=\"container\">\n\t\t<div class=\"elementor-element elementor-element-19e6333d e-con-full elementor-hidden-tablet e-flex e-con e-child\" data-id=\"19e6333d\" data-element_type=\"container\">\n\t\t\t\t<div class=\"elementor-element elementor-element-77961bdc animated-fast elementor-invisible elementor-widget elementor-widget-image\" data-id=\"77961bdc\" data-element_type=\"widget\" data-settings=\"{&quot;_animation&quot;:&quot;fadeInUp&quot;,&quot;_animation_delay&quot;:100,&quot;ekit_we_effect_on&quot;:&quot;none&quot;}\" data-widget_type=\"image.default\">\n\t\t\t\t<div class=\"elementor-widget-container\">\n\t\t\t\t\t\t\t\t\t\t\t\t\t\t\t<img fetchpriority=\"high\" decoding=\"async\" width=\"900\" height=\"1200\" src=\"https:\/\/mailprovider.com\/wp-content\/uploads\/2024\/10\/sd1170fyb2y.jpg\" class=\"attachment-full size-full wp-image-25914\" alt=\"\" srcset=\"https:\/\/mailprovider.com\/wp-content\/uploads\/2024\/10\/sd1170fyb2y.jpg 900w, https:\/\/mailprovider.com\/wp-content\/uploads\/2024\/10\/sd1170fyb2y-225x300.jpg 225w, https:\/\/mailprovider.com\/wp-content\/uploads\/2024\/10\/sd1170fyb2y-768x1024.jpg 768w, https:\/\/mailprovider.com\/wp-content\/uploads\/2024\/10\/sd1170fyb2y-710x947.jpg 710w\" sizes=\"(max-width: 900px) 100vw, 900px\" title=\"\">\t\t\t\t\t\t\t\t\t\t\t\t\t\t\t<\/div>\n\t\t\t\t<\/div>\n\t\t\t\t<div class=\"elementor-element elementor-element-5ccc5826 animated-fast elementor-invisible elementor-widget elementor-widget-image\" data-id=\"5ccc5826\" data-element_type=\"widget\" data-settings=\"{&quot;_animation&quot;:&quot;fadeInUp&quot;,&quot;_animation_delay&quot;:100,&quot;ekit_we_effect_on&quot;:&quot;none&quot;}\" data-widget_type=\"image.default\">\n\t\t\t\t<div class=\"elementor-widget-container\">\n\t\t\t\t\t\t\t\t\t\t\t\t\t\t\t<img decoding=\"async\" width=\"1600\" height=\"1071\" data-src=\"https:\/\/mailprovider.com\/wp-content\/uploads\/2024\/10\/evwwr6nmdf8.jpg\" class=\"attachment-full size-full wp-image-25916 lazyload\" alt=\"\" data-srcset=\"https:\/\/mailprovider.com\/wp-content\/uploads\/2024\/10\/evwwr6nmdf8.jpg 1600w, https:\/\/mailprovider.com\/wp-content\/uploads\/2024\/10\/evwwr6nmdf8-300x201.jpg 300w, https:\/\/mailprovider.com\/wp-content\/uploads\/2024\/10\/evwwr6nmdf8-1024x685.jpg 1024w, https:\/\/mailprovider.com\/wp-content\/uploads\/2024\/10\/evwwr6nmdf8-768x514.jpg 768w, https:\/\/mailprovider.com\/wp-content\/uploads\/2024\/10\/evwwr6nmdf8-1536x1028.jpg 1536w, https:\/\/mailprovider.com\/wp-content\/uploads\/2024\/10\/evwwr6nmdf8-710x475.jpg 710w\" data-sizes=\"(max-width: 1600px) 100vw, 1600px\" title=\"\" src=\"data:image\/svg+xml;base64,PHN2ZyB3aWR0aD0iMSIgaGVpZ2h0PSIxIiB4bWxucz0iaHR0cDovL3d3dy53My5vcmcvMjAwMC9zdmciPjwvc3ZnPg==\" style=\"--smush-placeholder-width: 1600px; --smush-placeholder-aspect-ratio: 1600\/1071;\">\t\t\t\t\t\t\t\t\t\t\t\t\t\t\t<\/div>\n\t\t\t\t<\/div>\n\t\t\t\t<\/div>\n\t\t<div class=\"elementor-element elementor-element-a5164fb e-con-full elementor-hidden-tablet e-flex e-con e-child\" data-id=\"a5164fb\" data-element_type=\"container\">\n\t\t\t\t<div class=\"elementor-element elementor-element-726f7927 animated-fast elementor-invisible elementor-widget elementor-widget-image\" data-id=\"726f7927\" data-element_type=\"widget\" data-settings=\"{&quot;_animation&quot;:&quot;fadeInUp&quot;,&quot;_animation_delay&quot;:200,&quot;ekit_we_effect_on&quot;:&quot;none&quot;}\" data-widget_type=\"image.default\">\n\t\t\t\t<div class=\"elementor-widget-container\">\n\t\t\t\t\t\t\t\t\t\t\t\t\t\t\t<img decoding=\"async\" width=\"1600\" height=\"1067\" data-src=\"https:\/\/mailprovider.com\/wp-content\/uploads\/2024\/10\/qyeaig-nyni.jpg\" class=\"attachment-full size-full wp-image-25915 lazyload\" alt=\"\" data-srcset=\"https:\/\/mailprovider.com\/wp-content\/uploads\/2024\/10\/qyeaig-nyni.jpg 1600w, https:\/\/mailprovider.com\/wp-content\/uploads\/2024\/10\/qyeaig-nyni-300x200.jpg 300w, https:\/\/mailprovider.com\/wp-content\/uploads\/2024\/10\/qyeaig-nyni-1024x683.jpg 1024w, https:\/\/mailprovider.com\/wp-content\/uploads\/2024\/10\/qyeaig-nyni-768x512.jpg 768w, https:\/\/mailprovider.com\/wp-content\/uploads\/2024\/10\/qyeaig-nyni-1536x1024.jpg 1536w, https:\/\/mailprovider.com\/wp-content\/uploads\/2024\/10\/qyeaig-nyni-710x473.jpg 710w\" data-sizes=\"(max-width: 1600px) 100vw, 1600px\" title=\"\" src=\"data:image\/svg+xml;base64,PHN2ZyB3aWR0aD0iMSIgaGVpZ2h0PSIxIiB4bWxucz0iaHR0cDovL3d3dy53My5vcmcvMjAwMC9zdmciPjwvc3ZnPg==\" style=\"--smush-placeholder-width: 1600px; --smush-placeholder-aspect-ratio: 1600\/1067;\">\t\t\t\t\t\t\t\t\t\t\t\t\t\t\t<\/div>\n\t\t\t\t<\/div>\n\t\t\t\t<div class=\"elementor-element elementor-element-8f27842 animated-fast elementor-invisible elementor-widget elementor-widget-image\" data-id=\"8f27842\" data-element_type=\"widget\" data-settings=\"{&quot;_animation&quot;:&quot;fadeInUp&quot;,&quot;_animation_delay&quot;:200,&quot;ekit_we_effect_on&quot;:&quot;none&quot;}\" data-widget_type=\"image.default\">\n\t\t\t\t<div class=\"elementor-widget-container\">\n\t\t\t\t\t\t\t\t\t\t\t\t\t\t\t<img decoding=\"async\" width=\"900\" height=\"1200\" data-src=\"https:\/\/mailprovider.com\/wp-content\/uploads\/2024\/10\/gf6vc-nmwrq.jpg\" class=\"attachment-full size-full wp-image-25917 lazyload\" alt=\"\" data-srcset=\"https:\/\/mailprovider.com\/wp-content\/uploads\/2024\/10\/gf6vc-nmwrq.jpg 900w, https:\/\/mailprovider.com\/wp-content\/uploads\/2024\/10\/gf6vc-nmwrq-225x300.jpg 225w, https:\/\/mailprovider.com\/wp-content\/uploads\/2024\/10\/gf6vc-nmwrq-768x1024.jpg 768w, https:\/\/mailprovider.com\/wp-content\/uploads\/2024\/10\/gf6vc-nmwrq-710x947.jpg 710w\" data-sizes=\"(max-width: 900px) 100vw, 900px\" title=\"\" src=\"data:image\/svg+xml;base64,PHN2ZyB3aWR0aD0iMSIgaGVpZ2h0PSIxIiB4bWxucz0iaHR0cDovL3d3dy53My5vcmcvMjAwMC9zdmciPjwvc3ZnPg==\" style=\"--smush-placeholder-width: 900px; --smush-placeholder-aspect-ratio: 900\/1200;\">\t\t\t\t\t\t\t\t\t\t\t\t\t\t\t<\/div>\n\t\t\t\t<\/div>\n\t\t\t\t<\/div>\n\t\t<div class=\"elementor-element elementor-element-e860aba e-con-full e-flex e-con e-child\" data-id=\"e860aba\" data-element_type=\"container\">\n\t\t\t\t<div class=\"elementor-element elementor-element-40dd3214 animated-fast ekit-equal-height-disable elementor-invisible elementor-widget elementor-widget-elementskit-icon-box\" data-id=\"40dd3214\" data-element_type=\"widget\" data-settings=\"{&quot;_animation&quot;:&quot;fadeInUp&quot;,&quot;_animation_delay&quot;:100,&quot;ekit_we_effect_on&quot;:&quot;none&quot;}\" data-widget_type=\"elementskit-icon-box.default\">\n\t\t\t\t<div class=\"elementor-widget-container\">\n\t\t\t\t\t<div class=\"ekit-wid-con\" >        <!-- link opening -->\n                <!-- end link opening -->\n\n        <div class=\"elementskit-infobox text-left text-left icon-top-align elementor-animation-   \">\n                    <div class=\"elementskit-box-header elementor-animation-\">\n                <div class=\"elementskit-info-box-icon  \">\n                    <i aria-hidden=\"true\" class=\"elementkit-infobox-icon icon icon-book1\"><\/i>\n                <\/div>\n          <\/div>\n                        <div class=\"box-body\">\n                            <h4 class=\"elementskit-info-box-title\">\n                    Eng M\u00ebnsch-zentr\u00e9iert Internet                <\/h4>\n                        \t\t  \t<p>MailProvider gouf geschafen, fir Individuen iwwer Profitter ze priorit\u00e4r, an all eenzel Persoun ze bef\u00e4egeren, d'Kontroll iwwer hir digital Liewen ze iwwerhuelen.<\/p>\n                                <\/div>\n        \n        \n                <\/div>\n        <\/div>\t\t\t\t<\/div>\n\t\t\t\t<\/div>\n\t\t\t\t<div class=\"elementor-element elementor-element-4f994ab9 animated-fast ekit-equal-height-disable elementor-invisible elementor-widget elementor-widget-elementskit-icon-box\" data-id=\"4f994ab9\" data-element_type=\"widget\" data-settings=\"{&quot;_animation&quot;:&quot;fadeInUp&quot;,&quot;_animation_delay&quot;:200,&quot;ekit_we_effect_on&quot;:&quot;none&quot;}\" data-widget_type=\"elementskit-icon-box.default\">\n\t\t\t\t<div class=\"elementor-widget-container\">\n\t\t\t\t\t<div class=\"ekit-wid-con\" >        <!-- link opening -->\n                <!-- end link opening -->\n\n        <div class=\"elementskit-infobox text-left text-left icon-top-align elementor-animation-   \">\n                    <div class=\"elementskit-box-header elementor-animation-\">\n                <div class=\"elementskit-info-box-icon  \">\n                    <i aria-hidden=\"true\" class=\"elementkit-infobox-icon icon icon-basket1\"><\/i>\n                <\/div>\n          <\/div>\n                        <div class=\"box-body\">\n                            <h4 class=\"elementskit-info-box-title\">\n                    S\u00e9cher a gesch\u00fctzt Kommunikatioun                <\/h4>\n                        \t\t  \t<p>An d\u00ebsem neie Paradigma k\u00ebnnen d'Benotzer fr\u00e4i kommuniz\u00e9ieren, w\u00e4hrend se hir Donn\u00e9e\u00ebn, Identit\u00e9it a Privatsph\u00e4r g\u00e9int Ausbeutung an Cybergeforen sch\u00fctzen.<\/p>\n                                <\/div>\n        \n        \n                <\/div>\n        <\/div>\t\t\t\t<\/div>\n\t\t\t\t<\/div>\n\t\t\t\t<div class=\"elementor-element elementor-element-5e135c0b animated-fast ekit-equal-height-disable elementor-invisible elementor-widget elementor-widget-elementskit-icon-box\" data-id=\"5e135c0b\" data-element_type=\"widget\" data-settings=\"{&quot;_animation&quot;:&quot;fadeInUp&quot;,&quot;_animation_delay&quot;:300,&quot;ekit_we_effect_on&quot;:&quot;none&quot;}\" data-widget_type=\"elementskit-icon-box.default\">\n\t\t\t\t<div class=\"elementor-widget-container\">\n\t\t\t\t\t<div class=\"ekit-wid-con\" >        <!-- link opening -->\n                <!-- end link opening -->\n\n        <div class=\"elementskit-infobox text-left text-left icon-top-align elementor-animation-   \">\n                    <div class=\"elementskit-box-header elementor-animation-\">\n                <div class=\"elementskit-info-box-icon  \">\n                    <i aria-hidden=\"true\" class=\"elementkit-infobox-icon icon icon-heart\"><\/i>\n                <\/div>\n          <\/div>\n                        <div class=\"box-body\">\n                            <h4 class=\"elementskit-info-box-title\">\n                    Eng Gemeinschafts-gesteiert Missioun                <\/h4>\n                        \t\t  \t<p>2024 duerch privat Financierungen lanc\u00e9iert, bleift MailProvider engag\u00e9iert fir seng non-profit Wuerzelen, a garant\u00e9iert datt eisem Fokus \u00ebmmer op der D\u00e9ngschtleeschtung fir eis Benotzer l\u00e4it, net op Reklammeuren.<\/p>\n                                <\/div>\n        \n        \n                <\/div>\n        <\/div>\t\t\t\t<\/div>\n\t\t\t\t<\/div>\n\t\t\t\t<\/div>\n\t\t\t\t<\/div>\n\t\t\t\t\t<\/div>\n\t\t\t\t<\/div>\n\t\t\t\t<\/div>\n\t\t","protected":false},"excerpt":{"rendered":"<p>Eng besser Welt f\u00e4nkt un mat Privatsph\u00e4r digital Fr\u00e4iheet S\u00e9chert Kommunikatiounsinstrumenter MailProvider.com gouf 2024 zu L\u00ebtzebuerg vun enger Grupp IT-Vision\u00e4ren gegr\u00ebnnt, d\u00e9i eng besser Internet vis\u00e9iert hunn, wou Privatsph\u00e4r de Standard ass. L\u00e9ier m\u00e9i Ech g\u00e9if d&#039;Gleewe vun der Kierch Gemeinschaft w\u00e9i en extrem motiv\u00e9ierend Erfahrung beschreiwen. Mir hunn MailProvider.com entw\u00e9ckelt, fir eng aner Optioun [&hellip;]<\/p>\n","protected":false},"author":1,"featured_media":0,"parent":0,"menu_order":0,"comment_status":"closed","ping_status":"closed","template":"","meta":{"footnotes":""},"class_list":["post-25913","page","type-page","status-publish","hentry"],"_links":{"self":[{"href":"https:\/\/mailprovider.com\/lb\/wp-json\/wp\/v2\/pages\/25913","targetHints":{"allow":["GET"]}}],"collection":[{"href":"https:\/\/mailprovider.com\/lb\/wp-json\/wp\/v2\/pages"}],"about":[{"href":"https:\/\/mailprovider.com\/lb\/wp-json\/wp\/v2\/types\/page"}],"author":[{"embeddable":true,"href":"https:\/\/mailprovider.com\/lb\/wp-json\/wp\/v2\/users\/1"}],"replies":[{"embeddable":true,"href":"https:\/\/mailprovider.com\/lb\/wp-json\/wp\/v2\/comments?post=25913"}],"version-history":[{"count":0,"href":"https:\/\/mailprovider.com\/lb\/wp-json\/wp\/v2\/pages\/25913\/revisions"}],"wp:attachment":[{"href":"https:\/\/mailprovider.com\/lb\/wp-json\/wp\/v2\/media?parent=25913"}],"curies":[{"name":"wp","href":"https:\/\/api.w.org\/{rel}","templated":true}]}}