{"id":25887,"date":"2023-09-27T15:45:09","date_gmt":"2023-09-27T15:45:09","guid":{"rendered":"https:\/\/mailprovider.com\/kontakt\/"},"modified":"2024-10-31T13:57:06","modified_gmt":"2024-10-31T13:57:06","slug":"kontakt","status":"publish","type":"page","link":"https:\/\/mailprovider.com\/lb\/kontakt\/","title":{"rendered":"Kontakt"},"content":{"rendered":"\t\t<div data-elementor-type=\"wp-page\" data-elementor-id=\"25887\" class=\"elementor elementor-25887 elementor-844\">\n\t\t\t\t<div class=\"elementor-element elementor-element-ed479d7 e-con-full e-flex e-con e-parent\" data-id=\"ed479d7\" data-element_type=\"container\" data-settings=\"{&quot;background_background&quot;:&quot;classic&quot;}\">\n\t\t<div class=\"elementor-element elementor-element-4a456d74 e-con-full animated-fast e-flex elementor-invisible e-con e-child\" data-id=\"4a456d74\" data-element_type=\"container\" data-settings=\"{&quot;background_background&quot;:&quot;classic&quot;,&quot;animation&quot;:&quot;fadeIn&quot;,&quot;animation_delay&quot;:100}\">\n\t\t\t\t<div class=\"elementor-element elementor-element-5d38f555 elementor-widget__width-inherit elementor-widget elementor-widget-elementskit-google-map\" data-id=\"5d38f555\" data-element_type=\"widget\" data-settings=\"{&quot;ekit_we_effect_on&quot;:&quot;none&quot;}\" data-widget_type=\"elementskit-google-map.default\">\n\t\t\t\t<div class=\"elementor-widget-container\">\n\t\t\t\t\t<div class=\"ekit-wid-con\" >\n\t\t\t<div class=\"ekit-google-map\" id=\"ekit-google-map-5d38f555\" data-id=\"5d38f555\" data-api_key=\"AIzaSyAtNHF_zcTz4lpsUoDy7z71vwZPSfR5Rkk\" style=\"margin-left:auto;margin-right:auto;text-align:center;\" data-map_type=\"marker\" data-map_zoom=\"6\" data-map_theme=\"%22%5B%7B%5C%22featureType%5C%22%3A%5C%22administrative%5C%22%2C%5C%22elementType%5C%22%3A%5C%22labels.text.fill%5C%22%2C%5C%22stylers%5C%22%3A%5B%7B%5C%22color%5C%22%3A%5C%22%236195a0%5C%22%7D%5D%7D%2C%7B%5C%22featureType%5C%22%3A%5C%22administrative.province%5C%22%2C%5C%22elementType%5C%22%3A%5C%22geometry.stroke%5C%22%2C%5C%22stylers%5C%22%3A%5B%7B%5C%22visibility%5C%22%3A%5C%22off%5C%22%7D%5D%7D%2C%7B%5C%22featureType%5C%22%3A%5C%22landscape%5C%22%2C%5C%22elementType%5C%22%3A%5C%22geometry%5C%22%2C%5C%22stylers%5C%22%3A%5B%7B%5C%22lightness%5C%22%3A%5C%220%5C%22%7D%2C%7B%5C%22saturation%5C%22%3A%5C%220%5C%22%7D%2C%7B%5C%22color%5C%22%3A%5C%22%23f5f5f2%5C%22%7D%2C%7B%5C%22gamma%5C%22%3A%5C%221%5C%22%7D%5D%7D%2C%7B%5C%22featureType%5C%22%3A%5C%22landscape.man_made%5C%22%2C%5C%22elementType%5C%22%3A%5C%22all%5C%22%2C%5C%22stylers%5C%22%3A%5B%7B%5C%22lightness%5C%22%3A%5C%22-3%5C%22%7D%2C%7B%5C%22gamma%5C%22%3A%5C%221.00%5C%22%7D%5D%7D%2C%7B%5C%22featureType%5C%22%3A%5C%22landscape.natural.terrain%5C%22%2C%5C%22elementType%5C%22%3A%5C%22all%5C%22%2C%5C%22stylers%5C%22%3A%5B%7B%5C%22visibility%5C%22%3A%5C%22off%5C%22%7D%5D%7D%2C%7B%5C%22featureType%5C%22%3A%5C%22poi%5C%22%2C%5C%22elementType%5C%22%3A%5C%22all%5C%22%2C%5C%22stylers%5C%22%3A%5B%7B%5C%22visibility%5C%22%3A%5C%22off%5C%22%7D%5D%7D%2C%7B%5C%22featureType%5C%22%3A%5C%22poi.park%5C%22%2C%5C%22elementType%5C%22%3A%5C%22geometry.fill%5C%22%2C%5C%22stylers%5C%22%3A%5B%7B%5C%22color%5C%22%3A%5C%22%23bae5ce%5C%22%7D%2C%7B%5C%22visibility%5C%22%3A%5C%22on%5C%22%7D%5D%7D%2C%7B%5C%22featureType%5C%22%3A%5C%22road%5C%22%2C%5C%22elementType%5C%22%3A%5C%22all%5C%22%2C%5C%22stylers%5C%22%3A%5B%7B%5C%22saturation%5C%22%3A-100%7D%2C%7B%5C%22lightness%5C%22%3A45%7D%2C%7B%5C%22visibility%5C%22%3A%5C%22simplified%5C%22%7D%5D%7D%2C%7B%5C%22featureType%5C%22%3A%5C%22road.highway%5C%22%2C%5C%22elementType%5C%22%3A%5C%22all%5C%22%2C%5C%22stylers%5C%22%3A%5B%7B%5C%22visibility%5C%22%3A%5C%22simplified%5C%22%7D%5D%7D%2C%7B%5C%22featureType%5C%22%3A%5C%22road.highway%5C%22%2C%5C%22elementType%5C%22%3A%5C%22geometry.fill%5C%22%2C%5C%22stylers%5C%22%3A%5B%7B%5C%22color%5C%22%3A%5C%22%23fac9a9%5C%22%7D%2C%7B%5C%22visibility%5C%22%3A%5C%22simplified%5C%22%7D%5D%7D%2C%7B%5C%22featureType%5C%22%3A%5C%22road.highway%5C%22%2C%5C%22elementType%5C%22%3A%5C%22labels.text%5C%22%2C%5C%22stylers%5C%22%3A%5B%7B%5C%22color%5C%22%3A%5C%22%234e4e4e%5C%22%7D%5D%7D%2C%7B%5C%22featureType%5C%22%3A%5C%22road.arterial%5C%22%2C%5C%22elementType%5C%22%3A%5C%22labels.text.fill%5C%22%2C%5C%22stylers%5C%22%3A%5B%7B%5C%22color%5C%22%3A%5C%22%23787878%5C%22%7D%5D%7D%2C%7B%5C%22featureType%5C%22%3A%5C%22road.arterial%5C%22%2C%5C%22elementType%5C%22%3A%5C%22labels.icon%5C%22%2C%5C%22stylers%5C%22%3A%5B%7B%5C%22visibility%5C%22%3A%5C%22off%5C%22%7D%5D%7D%2C%7B%5C%22featureType%5C%22%3A%5C%22transit%5C%22%2C%5C%22elementType%5C%22%3A%5C%22all%5C%22%2C%5C%22stylers%5C%22%3A%5B%7B%5C%22visibility%5C%22%3A%5C%22simplified%5C%22%7D%5D%7D%2C%7B%5C%22featureType%5C%22%3A%5C%22transit.station.airport%5C%22%2C%5C%22elementType%5C%22%3A%5C%22labels.icon%5C%22%2C%5C%22stylers%5C%22%3A%5B%7B%5C%22hue%5C%22%3A%5C%22%230a00ff%5C%22%7D%2C%7B%5C%22saturation%5C%22%3A%5C%22-77%5C%22%7D%2C%7B%5C%22gamma%5C%22%3A%5C%220.57%5C%22%7D%2C%7B%5C%22lightness%5C%22%3A%5C%220%5C%22%7D%5D%7D%2C%7B%5C%22featureType%5C%22%3A%5C%22transit.station.rail%5C%22%2C%5C%22elementType%5C%22%3A%5C%22labels.text.fill%5C%22%2C%5C%22stylers%5C%22%3A%5B%7B%5C%22color%5C%22%3A%5C%22%2343321e%5C%22%7D%5D%7D%2C%7B%5C%22featureType%5C%22%3A%5C%22transit.station.rail%5C%22%2C%5C%22elementType%5C%22%3A%5C%22labels.icon%5C%22%2C%5C%22stylers%5C%22%3A%5B%7B%5C%22hue%5C%22%3A%5C%22%23ff6c00%5C%22%7D%2C%7B%5C%22lightness%5C%22%3A%5C%224%5C%22%7D%2C%7B%5C%22gamma%5C%22%3A%5C%220.75%5C%22%7D%2C%7B%5C%22saturation%5C%22%3A%5C%22-68%5C%22%7D%5D%7D%2C%7B%5C%22featureType%5C%22%3A%5C%22water%5C%22%2C%5C%22elementType%5C%22%3A%5C%22all%5C%22%2C%5C%22stylers%5C%22%3A%5B%7B%5C%22color%5C%22%3A%5C%22%23eaf6f8%5C%22%7D%2C%7B%5C%22visibility%5C%22%3A%5C%22on%5C%22%7D%5D%7D%2C%7B%5C%22featureType%5C%22%3A%5C%22water%5C%22%2C%5C%22elementType%5C%22%3A%5C%22geometry.fill%5C%22%2C%5C%22stylers%5C%22%3A%5B%7B%5C%22color%5C%22%3A%5C%22%23c7eced%5C%22%7D%5D%7D%2C%7B%5C%22featureType%5C%22%3A%5C%22water%5C%22%2C%5C%22elementType%5C%22%3A%5C%22labels.text.fill%5C%22%2C%5C%22stylers%5C%22%3A%5B%7B%5C%22lightness%5C%22%3A%5C%22-49%5C%22%7D%2C%7B%5C%22saturation%5C%22%3A%5C%22-53%5C%22%7D%2C%7B%5C%22gamma%5C%22%3A%5C%220.79%5C%22%7D%5D%7D%5D%22\" data-map_markers=\"%5B%7B%22map_marker_title%22%3A%22B%5Cu00fcro+L%5Cu00ebtzebuerg%22%2C%22map_marker_lat%22%3A%2249.60859501157802%22%2C%22map_marker_lng%22%3A%226.119345341937968%22%2C%22_id%22%3A%22526ee5f%22%2C%22map_marker_content%22%3A%22%3Cstrong%3EEist+B%5Cu00fcro+zu+L%5Cu00ebtzebuerg+%3C%5C%2Fstrong%3E%3Cbr%3E29+Bd+Grande-Duchesse+Charlotte%2C+1331+Belair+L%5Cu00ebtzebuerg%22%2C%22index%22%3A0%2C%22map_marker_icon_enable%22%3A%22no%22%2C%22map_marker_icon%22%3Anull%2C%22map_marker_icon_width%22%3Anull%2C%22map_marker_icon_height%22%3Anull%7D%2C%7B%22map_marker_title%22%3A%22Buro+Holland%22%2C%22map_marker_lat%22%3A%2251.84772372130777%22%2C%22map_marker_lng%22%3A%224.4907523151395266%22%2C%22_id%22%3A%2230c9daa%22%2C%22map_marker_content%22%3A%22%3Cstrong%3EHollannescht+Buro+%3C%5C%2Fstrong%3E%3Cbr%3EWaddenring+207%2C+2993+VC%2C+Barendrecht%2C+Holland%22%2C%22index%22%3A1%2C%22map_marker_icon_enable%22%3A%22no%22%2C%22map_marker_icon%22%3Anull%2C%22map_marker_icon_width%22%3Anull%2C%22map_marker_icon_height%22%3Anull%7D%5D\" data-map_polylines=\"null\" data-map_streeview_control=\"false\" data-map_type_control=\"false\" data-map_zoom_control=\"true\" data-map_fullscreen_control=\"true\" data-map_scroll_zoom=\"false\"><\/div>\n\t\t\t<div class=\"google-map-notice\"><\/div>\n\t<\/div>\t\t\t\t<\/div>\n\t\t\t\t<\/div>\n\t\t\t\t<\/div>\n\t\t<div class=\"elementor-element elementor-element-3f28b265 e-con-full e-flex e-con e-child\" data-id=\"3f28b265\" data-element_type=\"container\">\n\t\t<div class=\"elementor-element elementor-element-17e0f8db e-con-full e-flex e-con e-child\" data-id=\"17e0f8db\" data-element_type=\"container\">\n\t\t\t\t<div class=\"elementor-element elementor-element-5192039f animated-fast elementor-invisible elementor-widget elementor-widget-elementskit-heading\" data-id=\"5192039f\" data-element_type=\"widget\" data-settings=\"{&quot;_animation&quot;:&quot;fadeIn&quot;,&quot;_animation_delay&quot;:200,&quot;ekit_we_effect_on&quot;:&quot;none&quot;}\" data-widget_type=\"elementskit-heading.default\">\n\t\t\t\t<div class=\"elementor-widget-container\">\n\t\t\t\t\t<div class=\"ekit-wid-con\" ><div class=\"ekit-heading elementskit-section-title-wraper text_left   ekit_heading_tablet-   ekit_heading_mobile-\"><h6 class=\"elementskit-section-subtitle   ekit-heading__subtitle-has-border\">\n\t\t\t\t\t\tKontakt\u00e9iert eis\n\t\t\t\t\t<\/h6><h1 class=\"ekit-heading--title elementskit-section-title \">Mir sinn do fir Iech<\/h1>\t\t\t\t<div class='ekit-heading__description'>\n\t\t\t\t\t<p>Hutt Dir eng Fro oder Feedback? F\u00ebllt de Formulaire hei \u00ebnnen aus, a mir mellen eis sou s\u00e9ier w\u00e9i m\u00e9iglech zr\u00e9ck. <\/p>\n\t\t\t\t<\/div>\n\t\t\t<\/div><\/div>\t\t\t\t<\/div>\n\t\t\t\t<\/div>\n\t\t\t\t<div class=\"elementor-element elementor-element-7dfa6215 elementor-widget__width-inherit animated-fast elementor-invisible elementor-widget elementor-widget-elementskit-contact-form7\" data-id=\"7dfa6215\" data-element_type=\"widget\" data-settings=\"{&quot;_animation&quot;:&quot;fadeIn&quot;,&quot;_animation_delay&quot;:200,&quot;ekit_we_effect_on&quot;:&quot;none&quot;}\" data-widget_type=\"elementskit-contact-form7.default\">\n\t\t\t\t<div class=\"elementor-widget-container\">\n\t\t\t\t\t<div class=\"ekit-wid-con\" ><div class=\"ekit-form\">\n<div class=\"wpcf7 no-js\" id=\"wpcf7-f10448-o1\" lang=\"en-US\" dir=\"ltr\" data-wpcf7-id=\"10448\">\n<div class=\"screen-reader-response\"><p role=\"status\" aria-live=\"polite\" aria-atomic=\"true\"><\/p> <ul><\/ul><\/div>\n<form action=\"\/lb\/wp-json\/wp\/v2\/pages\/25887#wpcf7-f10448-o1\" method=\"post\" class=\"wpcf7-form init\" aria-label=\"Contact form\" novalidate=\"novalidate\" data-status=\"init\">\n<fieldset class=\"hidden-fields-container\"><input type=\"hidden\" name=\"_wpcf7\" value=\"10448\" \/><input type=\"hidden\" name=\"_wpcf7_version\" value=\"6.1.1\" \/><input type=\"hidden\" name=\"_wpcf7_locale\" value=\"en_US\" \/><input type=\"hidden\" name=\"_wpcf7_unit_tag\" value=\"wpcf7-f10448-o1\" \/><input type=\"hidden\" name=\"_wpcf7_container_post\" value=\"0\" \/><input type=\"hidden\" name=\"_wpcf7_posted_data_hash\" value=\"\" \/>\n<\/fieldset>\n<div class=\"keydesign-label\">\n\t<p><label>Name<\/label><span class=\"wpcf7-form-control-wrap\" data-name=\"your-name\"><input size=\"40\" maxlength=\"400\" class=\"wpcf7-form-control wpcf7-text wpcf7-validates-as-required\" aria-required=\"true\" aria-invalid=\"false\" value=\"\" type=\"text\" name=\"your-name\" \/><\/span>\n\t<\/p>\n<\/div>\n<div class=\"keydesign-label\">\n\t<p><label>Email address<\/label><span class=\"wpcf7-form-control-wrap\" data-name=\"your-email\"><input size=\"40\" maxlength=\"400\" class=\"wpcf7-form-control wpcf7-email wpcf7-validates-as-required wpcf7-text wpcf7-validates-as-email\" aria-required=\"true\" aria-invalid=\"false\" value=\"\" type=\"email\" name=\"your-email\" \/><\/span>\n\t<\/p>\n<\/div>\n<div class=\"keydesign-label\">\n\t<p><label>Message<\/label><span class=\"wpcf7-form-control-wrap\" data-name=\"your-message\"><textarea cols=\"40\" rows=\"10\" maxlength=\"2000\" class=\"wpcf7-form-control wpcf7-textarea\" aria-invalid=\"false\" name=\"your-message\"><\/textarea><\/span>\n\t<\/p>\n<\/div>\n<p><input class=\"wpcf7-form-control wpcf7-submit has-spinner\" type=\"submit\" value=\"Submit\" \/>\n<\/p><div class=\"wpcf7-response-output\" aria-hidden=\"true\"><\/div>\n<\/form>\n<\/div>\n<\/div><\/div>\t\t\t\t<\/div>\n\t\t\t\t<\/div>\n\t\t\t\t<\/div>\n\t\t\t\t<\/div>\n\t\t\t\t<\/div>\n\t\t<div class=\"elementor-element elementor-element-6da51e94 e-flex e-con-boxed e-con e-parent\" data-id=\"6da51e94\" data-element_type=\"container\" data-settings=\"{&quot;background_background&quot;:&quot;classic&quot;}\">\n\t\t\t\t\t<div class=\"e-con-inner\">\n\t\t<div class=\"elementor-element elementor-element-6864f48d e-con-full e-flex e-con e-child\" data-id=\"6864f48d\" data-element_type=\"container\">\n\t\t<div class=\"elementor-element elementor-element-33157fda e-con-full e-flex e-con e-child\" data-id=\"33157fda\" data-element_type=\"container\">\n\t\t\t\t<div class=\"elementor-element elementor-element-72937e76 animated-fast elementor-invisible elementor-widget elementor-widget-elementskit-heading\" data-id=\"72937e76\" data-element_type=\"widget\" data-settings=\"{&quot;_animation&quot;:&quot;fadeIn&quot;,&quot;_animation_delay&quot;:100,&quot;ekit_we_effect_on&quot;:&quot;none&quot;}\" data-widget_type=\"elementskit-heading.default\">\n\t\t\t\t<div class=\"elementor-widget-container\">\n\t\t\t\t\t<div class=\"ekit-wid-con\" ><div class=\"ekit-heading elementskit-section-title-wraper text_left   ekit_heading_tablet-   ekit_heading_mobile-\"><h2 class=\"ekit-heading--title elementskit-section-title \">Sicht Dir no <span>\u00cbnnerst\u00ebtzung?<\/span><\/h2>\t\t\t\t<div class='ekit-heading__description'>\n\t\t\t\t\t<p>Mir verstoen, datt Dir manchmol eng h\u00ebllefend Hand braucht. Fannt d\u00e9i H\u00ebllef, d\u00e9i Dir hei \u00ebnnen braucht. <\/p>\n\t\t\t\t<\/div>\n\t\t\t<\/div><\/div>\t\t\t\t<\/div>\n\t\t\t\t<\/div>\n\t\t\t\t<\/div>\n\t\t<div class=\"elementor-element elementor-element-1438549e e-con-full e-flex e-con e-child\" data-id=\"1438549e\" data-element_type=\"container\">\n\t\t\t\t<div class=\"elementor-element elementor-element-6bd17613 animated-fast elementor-invisible elementor-widget elementor-widget-elementskit-heading\" data-id=\"6bd17613\" data-element_type=\"widget\" data-settings=\"{&quot;_animation&quot;:&quot;fadeIn&quot;,&quot;_animation_delay&quot;:200,&quot;ekit_we_effect_on&quot;:&quot;none&quot;}\" data-widget_type=\"elementskit-heading.default\">\n\t\t\t\t<div class=\"elementor-widget-container\">\n\t\t\t\t\t<div class=\"ekit-wid-con\" ><div class=\"ekit-heading elementskit-section-title-wraper text_left   ekit_heading_tablet-   ekit_heading_mobile-\">\t\t\t\t<div class='ekit-heading__description'>\n\t\t\t\t\t<p>Mir bidden eng Palette vun \u00ebmfaassende Support-Optiounen, fir Iech an all Schr\u00ebtt vum Wee ze h\u00ebllefen. Ob Dir eng technesch Fro hutt, Rotschl\u00e9i braucht fir eis Funktiounen ze benotzen, oder mat aneren Benotzer w\u00ebllt verbonne sinn, mir sinn do fir Iech. <\/p>\n\t\t\t\t<\/div>\n\t\t\t<\/div><\/div>\t\t\t\t<\/div>\n\t\t\t\t<\/div>\n\t\t\t\t<\/div>\n\t\t\t\t<\/div>\n\t\t<div class=\"elementor-element elementor-element-7bbc9607 e-con-full e-flex e-con e-child\" data-id=\"7bbc9607\" data-element_type=\"container\">\n\t\t<div class=\"elementor-element elementor-element-38bd25d9 e-con-full e-flex e-con e-child\" data-id=\"38bd25d9\" data-element_type=\"container\">\n\t\t\t\t<div class=\"elementor-element elementor-element-20955304 widget-link-underline animated-fast ekit-equal-height-disable elementor-invisible elementor-widget elementor-widget-elementskit-icon-box\" data-id=\"20955304\" data-element_type=\"widget\" data-settings=\"{&quot;_animation&quot;:&quot;fadeInUp&quot;,&quot;_animation_delay&quot;:100,&quot;ekit_we_effect_on&quot;:&quot;none&quot;}\" data-widget_type=\"elementskit-icon-box.default\">\n\t\t\t\t<div class=\"elementor-widget-container\">\n\t\t\t\t\t<div class=\"ekit-wid-con\" >        <!-- link opening -->\n                <!-- end link opening -->\n\n        <div class=\"elementskit-infobox text-left text-left icon-top-align elementor-animation-   \">\n                    <div class=\"elementskit-box-header elementor-animation-\">\n                <div class=\"elementskit-info-box-icon  \">\n                    <i aria-hidden=\"true\" class=\"elementkit-infobox-icon icon icon-chat\"><\/i>\n                <\/div>\n          <\/div>\n                        <div class=\"box-body\">\n                            <h3 class=\"elementskit-info-box-title\">\n                    Support Zentrum                <\/h3>\n                        \t\t  \t<p>Fannt direkt \u00c4ntwerten op heefeg Froe. Mir hunn eng Rei vun Ressourcen zesummegestallt, fir Iech ze leeden. <\/p>\n                                        <div class=\"box-footer disable_hover_button\">\n                    <div class=\"btn-wraper\">\n                                                            <a class=\"elementskit-btn whitespace--normal\" href=\"#\">\n                                        Kuckt et eens!                                    <\/a>\n                                                        <\/div>\n                <\/div>\n                    <\/div>\n        \n        \n                <\/div>\n        <\/div>\t\t\t\t<\/div>\n\t\t\t\t<\/div>\n\t\t\t\t<\/div>\n\t\t<div class=\"elementor-element elementor-element-817fa26 e-con-full e-flex e-con e-child\" data-id=\"817fa26\" data-element_type=\"container\">\n\t\t\t\t<div class=\"elementor-element elementor-element-5e26a4bb widget-link-underline animated-fast ekit-equal-height-disable elementor-invisible elementor-widget elementor-widget-elementskit-icon-box\" data-id=\"5e26a4bb\" data-element_type=\"widget\" data-settings=\"{&quot;_animation&quot;:&quot;fadeInUp&quot;,&quot;_animation_delay&quot;:200,&quot;ekit_we_effect_on&quot;:&quot;none&quot;}\" data-widget_type=\"elementskit-icon-box.default\">\n\t\t\t\t<div class=\"elementor-widget-container\">\n\t\t\t\t\t<div class=\"ekit-wid-con\" >        <!-- link opening -->\n                <!-- end link opening -->\n\n        <div class=\"elementskit-infobox text-left text-left icon-top-align elementor-animation-   \">\n                    <div class=\"elementskit-box-header elementor-animation-\">\n                <div class=\"elementskit-info-box-icon  \">\n                    <i aria-hidden=\"true\" class=\"elementkit-infobox-icon icon icon-settings-2\"><\/i>\n                <\/div>\n          <\/div>\n                        <div class=\"box-body\">\n                            <h3 class=\"elementskit-info-box-title\">\n                    Entw\u00e9cklerguiden                <\/h3>\n                        \t\t  \t<p>Detaill\u00e9iert Dokumentatioun, Codebeispiller a bescht Practicen, fir Iech ze h\u00ebllefen, \u00c4r Projeten ze verbesseren.<\/p>\n                                        <div class=\"box-footer disable_hover_button\">\n                    <div class=\"btn-wraper\">\n                                                            <a class=\"elementskit-btn whitespace--normal\" href=\"#\">\n                                        Kuckt et eens!                                    <\/a>\n                                                        <\/div>\n                <\/div>\n                    <\/div>\n        \n        \n                <\/div>\n        <\/div>\t\t\t\t<\/div>\n\t\t\t\t<\/div>\n\t\t\t\t<\/div>\n\t\t<div class=\"elementor-element elementor-element-5a78c6be e-con-full e-flex e-con e-child\" data-id=\"5a78c6be\" data-element_type=\"container\">\n\t\t\t\t<div class=\"elementor-element elementor-element-54993926 widget-link-underline animated-fast ekit-equal-height-disable elementor-invisible elementor-widget elementor-widget-elementskit-icon-box\" data-id=\"54993926\" data-element_type=\"widget\" data-settings=\"{&quot;_animation&quot;:&quot;fadeInUp&quot;,&quot;_animation_delay&quot;:300,&quot;ekit_we_effect_on&quot;:&quot;none&quot;}\" data-widget_type=\"elementskit-icon-box.default\">\n\t\t\t\t<div class=\"elementor-widget-container\">\n\t\t\t\t\t<div class=\"ekit-wid-con\" >        <!-- link opening -->\n                <!-- end link opening -->\n\n        <div class=\"elementskit-infobox text-left text-left icon-top-align elementor-animation-   \">\n                    <div class=\"elementskit-box-header elementor-animation-\">\n                <div class=\"elementskit-info-box-icon  \">\n                    <i aria-hidden=\"true\" class=\"elementkit-infobox-icon icon icon-earth\"><\/i>\n                <\/div>\n          <\/div>\n                        <div class=\"box-body\">\n                            <h3 class=\"elementskit-info-box-title\">\n                    Gemeinschaft                <\/h3>\n                        \t\t  \t<p>Verbindet Iech mat aneren Benotzer, deelt \u00c4r Erfarungen, an l\u00e9iert vun aneren an eisem liewegen Gemeinschaftsforum. <\/p>\n                                        <div class=\"box-footer disable_hover_button\">\n                    <div class=\"btn-wraper\">\n                                                            <a class=\"elementskit-btn whitespace--normal\" href=\"#\">\n                                        Kuckt et eens!                                    <\/a>\n                                                        <\/div>\n                <\/div>\n                    <\/div>\n        \n        \n                <\/div>\n        <\/div>\t\t\t\t<\/div>\n\t\t\t\t<\/div>\n\t\t\t\t<\/div>\n\t\t\t\t<\/div>\n\t\t\t\t\t<\/div>\n\t\t\t\t<\/div>\n\t\t\t\t<\/div>\n\t\t","protected":false},"excerpt":{"rendered":"<p>Kontakt\u00e9iert eis Mir sinn do fir Iech Hutt Dir eng Fro oder Feedback? F\u00ebllt de Formulaire hei \u00ebnnen aus, a mir mellen eis sou s\u00e9ier w\u00e9i m\u00e9iglech zr\u00e9ck. Name Email address Message Sicht Dir no \u00cbnnerst\u00ebtzung? Mir verstoen, datt Dir manchmol eng h\u00ebllefend Hand braucht. Fannt d\u00e9i H\u00ebllef, d\u00e9i Dir hei \u00ebnnen braucht. Mir bidden [&hellip;]<\/p>\n","protected":false},"author":1,"featured_media":0,"parent":0,"menu_order":0,"comment_status":"closed","ping_status":"closed","template":"","meta":{"footnotes":""},"class_list":["post-25887","page","type-page","status-publish","hentry"],"_links":{"self":[{"href":"https:\/\/mailprovider.com\/lb\/wp-json\/wp\/v2\/pages\/25887","targetHints":{"allow":["GET"]}}],"collection":[{"href":"https:\/\/mailprovider.com\/lb\/wp-json\/wp\/v2\/pages"}],"about":[{"href":"https:\/\/mailprovider.com\/lb\/wp-json\/wp\/v2\/types\/page"}],"author":[{"embeddable":true,"href":"https:\/\/mailprovider.com\/lb\/wp-json\/wp\/v2\/users\/1"}],"replies":[{"embeddable":true,"href":"https:\/\/mailprovider.com\/lb\/wp-json\/wp\/v2\/comments?post=25887"}],"version-history":[{"count":0,"href":"https:\/\/mailprovider.com\/lb\/wp-json\/wp\/v2\/pages\/25887\/revisions"}],"wp:attachment":[{"href":"https:\/\/mailprovider.com\/lb\/wp-json\/wp\/v2\/media?parent=25887"}],"curies":[{"name":"wp","href":"https:\/\/api.w.org\/{rel}","templated":true}]}}