{"id":25225,"date":"2023-09-28T12:28:59","date_gmt":"2023-09-28T12:28:59","guid":{"rendered":"https:\/\/mailprovider.com\/conditions-dutilisation\/"},"modified":"2024-10-25T16:31:22","modified_gmt":"2024-10-25T16:31:22","slug":"conditions-dutilisation","status":"publish","type":"page","link":"https:\/\/mailprovider.com\/fr\/conditions-dutilisation\/","title":{"rendered":"Conditions d&#8217;utilisation"},"content":{"rendered":"\t\t<div data-elementor-type=\"wp-page\" data-elementor-id=\"25225\" class=\"elementor elementor-25225 elementor-21194\">\n\t\t\t\t<div class=\"elementor-element elementor-element-b62330e e-flex e-con-boxed e-con e-parent\" data-id=\"b62330e\" data-element_type=\"container\" data-settings=\"{&quot;background_background&quot;:&quot;classic&quot;}\">\n\t\t\t\t\t<div class=\"e-con-inner\">\n\t\t<div class=\"elementor-element elementor-element-a4ec2f3 e-con-full e-flex e-con e-child\" data-id=\"a4ec2f3\" data-element_type=\"container\">\n\t\t\t\t<div class=\"elementor-element elementor-element-740f14c animated-fast elementor-invisible elementor-widget elementor-widget-elementskit-heading\" data-id=\"740f14c\" data-element_type=\"widget\" data-settings=\"{&quot;ekit_we_effect_on&quot;:&quot;css&quot;,&quot;_animation&quot;:&quot;fadeIn&quot;,&quot;_animation_delay&quot;:100}\" data-widget_type=\"elementskit-heading.default\">\n\t\t\t\t<div class=\"elementor-widget-container\">\n\t\t\t\t\t<div class=\"ekit-wid-con\" ><div class=\"ekit-heading elementskit-section-title-wraper text_left   ekit_heading_tablet-   ekit_heading_mobile-\"><h1 class=\"ekit-heading--title elementskit-section-title \">Conditions d'utilisation<\/h1>\t\t\t\t<div class='ekit-heading__description'>\n\t\t\t\t\t<p><strong>Derni\u00e8re modification :<\/strong> 15 novembre 2023<\/p>\n\t\t\t\t<\/div>\n\t\t\t<\/div><\/div>\t\t\t\t<\/div>\n\t\t\t\t<\/div>\n\t\t\t\t<\/div>\n\t\t\t\t\t<\/div>\n\t\t\t\t<\/div>\n\t\t<div class=\"elementor-element elementor-element-1ce56c6 e-flex e-con-boxed e-con e-parent\" data-id=\"1ce56c6\" data-element_type=\"container\" data-settings=\"{&quot;animation&quot;:&quot;none&quot;}\">\n\t\t\t\t\t<div class=\"e-con-inner\">\n\t\t<div class=\"elementor-element elementor-element-9b1569b e-con-full elementor-hidden-tablet elementor-hidden-mobile e-flex e-con e-child\" data-id=\"9b1569b\" data-element_type=\"container\">\n\t\t<div class=\"elementor-element elementor-element-8cea221 e-con-full ekit-sticky--top e-flex e-con e-child\" data-id=\"8cea221\" data-element_type=\"container\" data-settings=\"{&quot;ekit_sticky&quot;:&quot;top&quot;,&quot;ekit_sticky_offset&quot;:{&quot;unit&quot;:&quot;px&quot;,&quot;size&quot;:175,&quot;sizes&quot;:[]},&quot;ekit_sticky_until&quot;:&quot;section5&quot;,&quot;ekit_sticky_on_desktop&quot;:&quot;desktop&quot;,&quot;ekit_sticky_offset_tablet&quot;:{&quot;unit&quot;:&quot;px&quot;,&quot;size&quot;:&quot;&quot;,&quot;sizes&quot;:[]},&quot;ekit_sticky_offset_mobile&quot;:{&quot;unit&quot;:&quot;px&quot;,&quot;size&quot;:&quot;&quot;,&quot;sizes&quot;:[]},&quot;ekit_sticky_effect_offset&quot;:{&quot;unit&quot;:&quot;px&quot;,&quot;size&quot;:0,&quot;sizes&quot;:[]},&quot;ekit_sticky_effect_offset_tablet&quot;:{&quot;unit&quot;:&quot;px&quot;,&quot;size&quot;:&quot;&quot;,&quot;sizes&quot;:[]},&quot;ekit_sticky_effect_offset_mobile&quot;:{&quot;unit&quot;:&quot;px&quot;,&quot;size&quot;:&quot;&quot;,&quot;sizes&quot;:[]}}\">\n\t\t\t\t<div class=\"elementor-element elementor-element-f3b891c sticky-navigation animated-fast elementor-hidden-tablet elementor-hidden-mobile elementor-invisible elementor-widget elementor-widget-elementskit-stylish-list\" data-id=\"f3b891c\" data-element_type=\"widget\" data-settings=\"{&quot;_animation&quot;:&quot;fadeIn&quot;,&quot;ekit_we_effect_on&quot;:&quot;none&quot;}\" data-widget_type=\"elementskit-stylish-list.default\">\n\t\t\t\t<div class=\"elementor-widget-container\">\n\t\t\t\t\t<div class=\"ekit-wid-con\">\t\t<ul class=\"ekit-stylish-list \" >\n\t\t\t\t\t\t\t<li class=\"ekit-stylish-list-content-wrapper elementor-repeater-item-dbd1c0d\" >\n\t\t\t\t\t\t\t\t\t\t\t<a class=\"ekit-wrapper-link\" href=\"#section1\"><\/a>\n\t\t\t\t\t\t\t\t\t\t<div class=\"ekit-stylish-list-content\">\n\t\t\t\t\t\t\t\t\t\t\t\t\t\t\t\t\t\t\t\t\t\t\t\t<div class=\"ekit-stylish-list-content-text\">\n\t\t\t\t\t\t\t<span class=\"ekit-stylish-list-content-title\">Nos services<\/span>\n\t\t\t\t\t\t\t\t\t\t\t\t\t<\/div>\n\t\t\t\t\t\t\t\t\t\t\t<\/div>\n\t\t\t\t\t\n\t\t\t\t<\/li>\n\t\t\t\t\t\t\t\t\t\t\t<li class=\"ekit-stylish-list-content-wrapper elementor-repeater-item-54477fc\" >\n\t\t\t\t\t\t\t\t\t\t\t<a class=\"ekit-wrapper-link\" href=\"#section2\"><\/a>\n\t\t\t\t\t\t\t\t\t\t<div class=\"ekit-stylish-list-content\">\n\t\t\t\t\t\t\t\t\t\t\t\t\t\t\t\t\t\t\t\t\t\t\t\t<div class=\"ekit-stylish-list-content-text\">\n\t\t\t\t\t\t\t<span class=\"ekit-stylish-list-content-title\">Droits de propri\u00e9t\u00e9<\/span>\n\t\t\t\t\t\t\t\t\t\t\t\t\t<\/div>\n\t\t\t\t\t\t\t\t\t\t\t<\/div>\n\t\t\t\t\t\n\t\t\t\t<\/li>\n\t\t\t\t\t\t\t\t\t\t\t<li class=\"ekit-stylish-list-content-wrapper elementor-repeater-item-f32fb77\" >\n\t\t\t\t\t\t\t\t\t\t\t<a class=\"ekit-wrapper-link\" href=\"#section3\"><\/a>\n\t\t\t\t\t\t\t\t\t\t<div class=\"ekit-stylish-list-content\">\n\t\t\t\t\t\t\t\t\t\t\t\t\t\t\t\t\t\t\t\t\t\t\t\t<div class=\"ekit-stylish-list-content-text\">\n\t\t\t\t\t\t\t<span class=\"ekit-stylish-list-content-title\">Activit\u00e9s interdites<\/span>\n\t\t\t\t\t\t\t\t\t\t\t\t\t<\/div>\n\t\t\t\t\t\t\t\t\t\t\t<\/div>\n\t\t\t\t\t\n\t\t\t\t<\/li>\n\t\t\t\t\t\t\t\t\t\t\t<li class=\"ekit-stylish-list-content-wrapper elementor-repeater-item-a8fe059\" >\n\t\t\t\t\t\t\t\t\t\t\t<a class=\"ekit-wrapper-link\" href=\"#section4\"><\/a>\n\t\t\t\t\t\t\t\t\t\t<div class=\"ekit-stylish-list-content\">\n\t\t\t\t\t\t\t\t\t\t\t\t\t\t\t\t\t\t\t\t\t\t\t\t<div class=\"ekit-stylish-list-content-text\">\n\t\t\t\t\t\t\t<span class=\"ekit-stylish-list-content-title\">Gestion des services<\/span>\n\t\t\t\t\t\t\t\t\t\t\t\t\t<\/div>\n\t\t\t\t\t\t\t\t\t\t\t<\/div>\n\t\t\t\t\t\n\t\t\t\t<\/li>\n\t\t\t\t\t\t\t\t\t\t\t<li class=\"ekit-stylish-list-content-wrapper elementor-repeater-item-d0b391d\" >\n\t\t\t\t\t\t\t\t\t\t\t<a class=\"ekit-wrapper-link\" href=\"#section5\"><\/a>\n\t\t\t\t\t\t\t\t\t\t<div class=\"ekit-stylish-list-content\">\n\t\t\t\t\t\t\t\t\t\t\t\t\t\t\t\t\t\t\t\t\t\t\t\t<div class=\"ekit-stylish-list-content-text\">\n\t\t\t\t\t\t\t<span class=\"ekit-stylish-list-content-title\">Informations sur le contact<\/span>\n\t\t\t\t\t\t\t\t\t\t\t\t\t<\/div>\n\t\t\t\t\t\t\t\t\t\t\t<\/div>\n\t\t\t\t\t\n\t\t\t\t<\/li>\n\t\t\t\t\t\t\t\t\t<\/ul>\n\t<\/div>\t\t\t\t<\/div>\n\t\t\t\t<\/div>\n\t\t\t\t<\/div>\n\t\t\t\t<\/div>\n\t\t<div class=\"elementor-element elementor-element-f046f91 e-con-full e-flex e-con e-child\" data-id=\"f046f91\" data-element_type=\"container\">\n\t\t<div class=\"elementor-element elementor-element-dd04d7b e-con-full sticky-section e-flex e-con e-child\" data-id=\"dd04d7b\" data-element_type=\"container\" id=\"section1\">\n\t\t<div class=\"elementor-element elementor-element-02ec645 e-con-full e-flex e-con e-child\" data-id=\"02ec645\" data-element_type=\"container\">\n\t\t\t\t<div class=\"elementor-element elementor-element-3fec37c animated-fast elementor-invisible elementor-widget elementor-widget-elementskit-heading\" data-id=\"3fec37c\" data-element_type=\"widget\" data-settings=\"{&quot;_animation&quot;:&quot;fadeIn&quot;,&quot;_animation_delay&quot;:100,&quot;ekit_we_effect_on&quot;:&quot;none&quot;}\" data-widget_type=\"elementskit-heading.default\">\n\t\t\t\t<div class=\"elementor-widget-container\">\n\t\t\t\t\t<div class=\"ekit-wid-con\" ><div class=\"ekit-heading elementskit-section-title-wraper text_left   ekit_heading_tablet-   ekit_heading_mobile-\"><h3 class=\"ekit-heading--title elementskit-section-title \">Nos services<\/h3><\/div><\/div>\t\t\t\t<\/div>\n\t\t\t\t<\/div>\n\t\t\t\t<\/div>\n\t\t<div class=\"elementor-element elementor-element-060d787 e-con-full e-flex e-con e-child\" data-id=\"060d787\" data-element_type=\"container\">\n\t\t\t\t<div class=\"elementor-element elementor-element-a247b33 animated-fast elementor-invisible elementor-widget elementor-widget-text-editor\" data-id=\"a247b33\" data-element_type=\"widget\" data-settings=\"{&quot;_animation&quot;:&quot;fadeIn&quot;,&quot;_animation_delay&quot;:100,&quot;ekit_we_effect_on&quot;:&quot;none&quot;}\" data-widget_type=\"text-editor.default\">\n\t\t\t\t<div class=\"elementor-widget-container\">\n\t\t\t\t\t\t\t\t\t<p><strong>Acceptation des conditions :<\/strong> Les pr\u00e9sentes conditions g\u00e9n\u00e9rales (&#8220;conditions&#8221;) r\u00e9gissent votre utilisation des th\u00e8mes WordPress et des services connexes (&#8220;services&#8221;) fournis par (&#8220;soci\u00e9t\u00e9&#8221;). En acc\u00e9dant \u00e0 nos services ou en les utilisant, vous acceptez de vous conformer \u00e0 ces conditions et d&#8217;\u00eatre li\u00e9 par elles. <\/p>\n<p><strong>Licence :<\/strong> La soci\u00e9t\u00e9 vous accorde une licence non exclusive, non transf\u00e9rable et r\u00e9vocable pour utiliser les th\u00e8mes pour vos sites web personnels ou commerciaux, sous r\u00e9serve des limitations sp\u00e9cifi\u00e9es dans les pr\u00e9sentes conditions.<\/p>\n<p><strong>Mises \u00e0 jour :<\/strong> Vous avez le droit de recevoir des mises \u00e0 jour pour les th\u00e8mes achet\u00e9s pendant un an \u00e0 compter de la date d&#8217;achat. Apr\u00e8s cette p\u00e9riode, vous pouvez renouveler votre licence pour continuer \u00e0 b\u00e9n\u00e9ficier des mises \u00e0 jour. <\/p>\n\t\t\t\t\t\t\t\t<\/div>\n\t\t\t\t<\/div>\n\t\t\t\t<\/div>\n\t\t\t\t<\/div>\n\t\t<div class=\"elementor-element elementor-element-2b54291 e-con-full sticky-section e-flex e-con e-child\" data-id=\"2b54291\" data-element_type=\"container\" id=\"section2\">\n\t\t<div class=\"elementor-element elementor-element-15eb213 e-con-full e-flex e-con e-child\" data-id=\"15eb213\" data-element_type=\"container\">\n\t\t\t\t<div class=\"elementor-element elementor-element-d485a3d elementor-widget elementor-widget-spacer\" data-id=\"d485a3d\" data-element_type=\"widget\" data-settings=\"{&quot;ekit_we_effect_on&quot;:&quot;none&quot;}\" data-widget_type=\"spacer.default\">\n\t\t\t\t<div class=\"elementor-widget-container\">\n\t\t\t\t\t\t\t<div class=\"elementor-spacer\">\n\t\t\t<div class=\"elementor-spacer-inner\"><\/div>\n\t\t<\/div>\n\t\t\t\t\t\t<\/div>\n\t\t\t\t<\/div>\n\t\t\t\t<div class=\"elementor-element elementor-element-ac2306d animated-fast elementor-invisible elementor-widget elementor-widget-elementskit-heading\" data-id=\"ac2306d\" data-element_type=\"widget\" data-settings=\"{&quot;_animation&quot;:&quot;fadeIn&quot;,&quot;_animation_delay&quot;:100,&quot;ekit_we_effect_on&quot;:&quot;none&quot;}\" data-widget_type=\"elementskit-heading.default\">\n\t\t\t\t<div class=\"elementor-widget-container\">\n\t\t\t\t\t<div class=\"ekit-wid-con\" ><div class=\"ekit-heading elementskit-section-title-wraper text_left   ekit_heading_tablet-   ekit_heading_mobile-\"><h3 class=\"ekit-heading--title elementskit-section-title \">Droits de propri\u00e9t\u00e9<\/h3><\/div><\/div>\t\t\t\t<\/div>\n\t\t\t\t<\/div>\n\t\t\t\t<\/div>\n\t\t<div class=\"elementor-element elementor-element-7502f41 e-con-full e-flex e-con e-child\" data-id=\"7502f41\" data-element_type=\"container\">\n\t\t\t\t<div class=\"elementor-element elementor-element-d97cda0 animated-fast elementor-invisible elementor-widget elementor-widget-text-editor\" data-id=\"d97cda0\" data-element_type=\"widget\" data-settings=\"{&quot;_animation&quot;:&quot;fadeIn&quot;,&quot;_animation_delay&quot;:100,&quot;ekit_we_effect_on&quot;:&quot;none&quot;}\" data-widget_type=\"text-editor.default\">\n\t\t\t\t<div class=\"elementor-widget-container\">\n\t\t\t\t\t\t\t\t\t<p><strong>Propri\u00e9t\u00e9 :<\/strong> Tous les th\u00e8mes, contenus et mat\u00e9riels fournis par la soci\u00e9t\u00e9 sont prot\u00e9g\u00e9s par les lois sur les droits d&#8217;auteur et la propri\u00e9t\u00e9 intellectuelle. Vous ne pouvez pas reproduire, distribuer ou modifier toute partie de nos th\u00e8mes ou mat\u00e9riaux sans notre consentement \u00e9crit explicite. <\/p>\n<p><strong>Prix :<\/strong> Les prix de nos th\u00e8mes peuvent \u00eatre modifi\u00e9s sans pr\u00e9avis. La soci\u00e9t\u00e9 se r\u00e9serve le droit de modifier ou d&#8217;interrompre des th\u00e8mes ou des services \u00e0 tout moment sans responsabilit\u00e9. <\/p>\n<p><strong>Paiement :<\/strong> Tous les paiements sont trait\u00e9s en toute s\u00e9curit\u00e9 par l&#8217;interm\u00e9diaire d&#8217;une soci\u00e9t\u00e9 tierce de traitement des paiements. Vous acceptez de fournir des informations de paiement exactes et compl\u00e8tes et vous nous autorisez \u00e0 d\u00e9biter votre mode de paiement pour tous les achats effectu\u00e9s par l&#8217;interm\u00e9diaire de nos services. <\/p>\n\t\t\t\t\t\t\t\t<\/div>\n\t\t\t\t<\/div>\n\t\t\t\t<\/div>\n\t\t\t\t<\/div>\n\t\t<div class=\"elementor-element elementor-element-c792ced e-con-full sticky-section e-flex e-con e-child\" data-id=\"c792ced\" data-element_type=\"container\" id=\"section3\">\n\t\t<div class=\"elementor-element elementor-element-4ed214a e-con-full e-flex e-con e-child\" data-id=\"4ed214a\" data-element_type=\"container\">\n\t\t\t\t<div class=\"elementor-element elementor-element-d06594b elementor-widget elementor-widget-spacer\" data-id=\"d06594b\" data-element_type=\"widget\" data-settings=\"{&quot;ekit_we_effect_on&quot;:&quot;none&quot;}\" data-widget_type=\"spacer.default\">\n\t\t\t\t<div class=\"elementor-widget-container\">\n\t\t\t\t\t\t\t<div class=\"elementor-spacer\">\n\t\t\t<div class=\"elementor-spacer-inner\"><\/div>\n\t\t<\/div>\n\t\t\t\t\t\t<\/div>\n\t\t\t\t<\/div>\n\t\t\t\t<div class=\"elementor-element elementor-element-711e27d animated-fast elementor-invisible elementor-widget elementor-widget-elementskit-heading\" data-id=\"711e27d\" data-element_type=\"widget\" data-settings=\"{&quot;_animation&quot;:&quot;fadeIn&quot;,&quot;_animation_delay&quot;:100,&quot;ekit_we_effect_on&quot;:&quot;none&quot;}\" data-widget_type=\"elementskit-heading.default\">\n\t\t\t\t<div class=\"elementor-widget-container\">\n\t\t\t\t\t<div class=\"ekit-wid-con\" ><div class=\"ekit-heading elementskit-section-title-wraper text_left   ekit_heading_tablet-   ekit_heading_mobile-\"><h3 class=\"ekit-heading--title elementskit-section-title \">Activit\u00e9s interdites<\/h3><\/div><\/div>\t\t\t\t<\/div>\n\t\t\t\t<\/div>\n\t\t\t\t<\/div>\n\t\t<div class=\"elementor-element elementor-element-c56bb6c e-con-full e-flex e-con e-child\" data-id=\"c56bb6c\" data-element_type=\"container\">\n\t\t\t\t<div class=\"elementor-element elementor-element-1c1ac75 animated-fast elementor-invisible elementor-widget elementor-widget-text-editor\" data-id=\"1c1ac75\" data-element_type=\"widget\" data-settings=\"{&quot;_animation&quot;:&quot;fadeIn&quot;,&quot;_animation_delay&quot;:100,&quot;ekit_we_effect_on&quot;:&quot;none&quot;}\" data-widget_type=\"text-editor.default\">\n\t\t\t\t<div class=\"elementor-widget-container\">\n\t\t\t\t\t\t\t\t\t<p><strong>Utilisation non autoris\u00e9e :<\/strong> vous ne pouvez pas utiliser nos th\u00e8mes ou nos services \u00e0 des fins ill\u00e9gales ou interdites, y compris, mais sans s&#8217;y limiter, la distribution de logiciels malveillants, le piratage ou la violation de toute loi applicable.<\/p>\n<p><strong>Ing\u00e9nierie inverse :<\/strong> Vous ne pouvez pas d\u00e9compiler, faire de l&#8217;ing\u00e9nierie inverse ou tenter d&#8217;obtenir le code source d&#8217;un th\u00e8me ou d&#8217;un logiciel fourni par la Soci\u00e9t\u00e9.<\/p>\n\t\t\t\t\t\t\t\t<\/div>\n\t\t\t\t<\/div>\n\t\t\t\t<\/div>\n\t\t\t\t<\/div>\n\t\t<div class=\"elementor-element elementor-element-755b155 e-con-full sticky-section e-flex e-con e-child\" data-id=\"755b155\" data-element_type=\"container\" id=\"section4\">\n\t\t<div class=\"elementor-element elementor-element-da39ed6 e-con-full e-flex e-con e-child\" data-id=\"da39ed6\" data-element_type=\"container\">\n\t\t\t\t<div class=\"elementor-element elementor-element-5c79ffe elementor-widget elementor-widget-spacer\" data-id=\"5c79ffe\" data-element_type=\"widget\" data-settings=\"{&quot;ekit_we_effect_on&quot;:&quot;none&quot;}\" data-widget_type=\"spacer.default\">\n\t\t\t\t<div class=\"elementor-widget-container\">\n\t\t\t\t\t\t\t<div class=\"elementor-spacer\">\n\t\t\t<div class=\"elementor-spacer-inner\"><\/div>\n\t\t<\/div>\n\t\t\t\t\t\t<\/div>\n\t\t\t\t<\/div>\n\t\t\t\t<div class=\"elementor-element elementor-element-9b93183 animated-fast elementor-invisible elementor-widget elementor-widget-elementskit-heading\" data-id=\"9b93183\" data-element_type=\"widget\" data-settings=\"{&quot;_animation&quot;:&quot;fadeIn&quot;,&quot;_animation_delay&quot;:100,&quot;ekit_we_effect_on&quot;:&quot;none&quot;}\" data-widget_type=\"elementskit-heading.default\">\n\t\t\t\t<div class=\"elementor-widget-container\">\n\t\t\t\t\t<div class=\"ekit-wid-con\" ><div class=\"ekit-heading elementskit-section-title-wraper text_left   ekit_heading_tablet-   ekit_heading_mobile-\"><h3 class=\"ekit-heading--title elementskit-section-title \">Gestion des services<\/h3><\/div><\/div>\t\t\t\t<\/div>\n\t\t\t\t<\/div>\n\t\t\t\t<\/div>\n\t\t<div class=\"elementor-element elementor-element-6c1b3d5 e-con-full e-flex e-con e-child\" data-id=\"6c1b3d5\" data-element_type=\"container\">\n\t\t\t\t<div class=\"elementor-element elementor-element-7c0f251 animated-fast elementor-invisible elementor-widget elementor-widget-text-editor\" data-id=\"7c0f251\" data-element_type=\"widget\" data-settings=\"{&quot;_animation&quot;:&quot;fadeIn&quot;,&quot;_animation_delay&quot;:100,&quot;ekit_we_effect_on&quot;:&quot;none&quot;}\" data-widget_type=\"text-editor.default\">\n\t\t\t\t<div class=\"elementor-widget-container\">\n\t\t\t\t\t\t\t\t\t<p><strong>Assistance :<\/strong> L&#8217;entreprise fournit une assistance pour ses th\u00e8mes comme d\u00e9crit dans la politique d&#8217;assistance et de mise \u00e0 jour. Les demandes d&#8217;assistance doivent \u00eatre adress\u00e9es par l&#8217;interm\u00e9diaire de nos canaux d&#8217;assistance d\u00e9sign\u00e9s. <\/p>\n<p><strong>R\u00e9siliation :<\/strong> La soci\u00e9t\u00e9 se r\u00e9serve le droit de r\u00e9silier ou de suspendre votre acc\u00e8s \u00e0 nos services \u00e0 sa discr\u00e9tion, sans pr\u00e9avis, pour toute violation des pr\u00e9sentes conditions.<\/p>\n<p><strong>Modifications des conditions :<\/strong> La soci\u00e9t\u00e9 peut mettre \u00e0 jour les pr\u00e9sentes conditions de temps \u00e0 autre. Il vous incombe de revoir les conditions p\u00e9riodiquement. Le fait de continuer \u00e0 utiliser les services apr\u00e8s toute modification des pr\u00e9sentes conditions constitue une acceptation de ces modifications.  <\/p>\n\t\t\t\t\t\t\t\t<\/div>\n\t\t\t\t<\/div>\n\t\t\t\t<\/div>\n\t\t\t\t<\/div>\n\t\t<div class=\"elementor-element elementor-element-a980a37 e-con-full sticky-section e-flex e-con e-child\" data-id=\"a980a37\" data-element_type=\"container\" id=\"section5\">\n\t\t<div class=\"elementor-element elementor-element-d10cd20 e-con-full e-flex e-con e-child\" data-id=\"d10cd20\" data-element_type=\"container\">\n\t\t\t\t<div class=\"elementor-element elementor-element-065058f elementor-widget elementor-widget-spacer\" data-id=\"065058f\" data-element_type=\"widget\" data-settings=\"{&quot;ekit_we_effect_on&quot;:&quot;none&quot;}\" data-widget_type=\"spacer.default\">\n\t\t\t\t<div class=\"elementor-widget-container\">\n\t\t\t\t\t\t\t<div class=\"elementor-spacer\">\n\t\t\t<div class=\"elementor-spacer-inner\"><\/div>\n\t\t<\/div>\n\t\t\t\t\t\t<\/div>\n\t\t\t\t<\/div>\n\t\t\t\t<div class=\"elementor-element elementor-element-24d517e animated-fast elementor-invisible elementor-widget elementor-widget-elementskit-heading\" data-id=\"24d517e\" data-element_type=\"widget\" data-settings=\"{&quot;_animation&quot;:&quot;fadeIn&quot;,&quot;_animation_delay&quot;:100,&quot;ekit_we_effect_on&quot;:&quot;none&quot;}\" data-widget_type=\"elementskit-heading.default\">\n\t\t\t\t<div class=\"elementor-widget-container\">\n\t\t\t\t\t<div class=\"ekit-wid-con\" ><div class=\"ekit-heading elementskit-section-title-wraper text_left   ekit_heading_tablet-   ekit_heading_mobile-\"><h3 class=\"ekit-heading--title elementskit-section-title \">Informations sur le contact<\/h3><\/div><\/div>\t\t\t\t<\/div>\n\t\t\t\t<\/div>\n\t\t\t\t<\/div>\n\t\t<div class=\"elementor-element elementor-element-f6840ba e-con-full e-flex e-con e-child\" data-id=\"f6840ba\" data-element_type=\"container\">\n\t\t\t\t<div class=\"elementor-element elementor-element-263401e animated-fast elementor-invisible elementor-widget elementor-widget-text-editor\" data-id=\"263401e\" data-element_type=\"widget\" data-settings=\"{&quot;_animation&quot;:&quot;fadeIn&quot;,&quot;_animation_delay&quot;:100,&quot;ekit_we_effect_on&quot;:&quot;none&quot;}\" data-widget_type=\"text-editor.default\">\n\t\t\t\t<div class=\"elementor-widget-container\">\n\t\t\t\t\t\t\t\t\t<p>Si vous avez des questions ou des pr\u00e9occupations concernant les pr\u00e9sentes conditions g\u00e9n\u00e9rales, veuillez nous contacter.<\/p>\n<p>En utilisant nos services, vous acceptez de vous conformer aux pr\u00e9sentes conditions g\u00e9n\u00e9rales, ainsi qu&#8217;\u00e0 notre politique de protection de la vie priv\u00e9e, qui est incorpor\u00e9e aux pr\u00e9sentes par r\u00e9f\u00e9rence.<\/p>\n\t\t\t\t\t\t\t\t<\/div>\n\t\t\t\t<\/div>\n\t\t\t\t<\/div>\n\t\t\t\t<\/div>\n\t\t\t\t<\/div>\n\t\t\t\t\t<\/div>\n\t\t\t\t<\/div>\n\t\t\t\t<\/div>\n\t\t","protected":false},"excerpt":{"rendered":"<p>Conditions d&#8217;utilisation Derni\u00e8re modification : 15 novembre 2023 Nos services Droits de propri\u00e9t\u00e9 Activit\u00e9s interdites Gestion des services Informations sur le contact Nos services Acceptation des conditions : Les pr\u00e9sentes conditions g\u00e9n\u00e9rales (&#8220;conditions&#8221;) r\u00e9gissent votre utilisation des th\u00e8mes WordPress et des services connexes (&#8220;services&#8221;) fournis par (&#8220;soci\u00e9t\u00e9&#8221;). En acc\u00e9dant \u00e0 nos services ou en les [&hellip;]<\/p>\n","protected":false},"author":1,"featured_media":0,"parent":0,"menu_order":0,"comment_status":"closed","ping_status":"closed","template":"","meta":{"footnotes":""},"class_list":["post-25225","page","type-page","status-publish","hentry"],"_links":{"self":[{"href":"https:\/\/mailprovider.com\/fr\/wp-json\/wp\/v2\/pages\/25225","targetHints":{"allow":["GET"]}}],"collection":[{"href":"https:\/\/mailprovider.com\/fr\/wp-json\/wp\/v2\/pages"}],"about":[{"href":"https:\/\/mailprovider.com\/fr\/wp-json\/wp\/v2\/types\/page"}],"author":[{"embeddable":true,"href":"https:\/\/mailprovider.com\/fr\/wp-json\/wp\/v2\/users\/1"}],"replies":[{"embeddable":true,"href":"https:\/\/mailprovider.com\/fr\/wp-json\/wp\/v2\/comments?post=25225"}],"version-history":[{"count":0,"href":"https:\/\/mailprovider.com\/fr\/wp-json\/wp\/v2\/pages\/25225\/revisions"}],"wp:attachment":[{"href":"https:\/\/mailprovider.com\/fr\/wp-json\/wp\/v2\/media?parent=25225"}],"curies":[{"name":"wp","href":"https:\/\/api.w.org\/{rel}","templated":true}]}}