{"id":25104,"date":"2024-10-21T12:03:58","date_gmt":"2024-10-21T12:03:58","guid":{"rendered":"https:\/\/mailprovider.com\/a-propos-de-mailprovider\/"},"modified":"2024-10-25T16:22:57","modified_gmt":"2024-10-25T16:22:57","slug":"a-propos-de-mailprovider","status":"publish","type":"page","link":"https:\/\/mailprovider.com\/fr\/a-propos-de-mailprovider\/","title":{"rendered":"\u00e0 propos de mailprovider"},"content":{"rendered":"\t\t<div data-elementor-type=\"wp-page\" data-elementor-id=\"25104\" class=\"elementor elementor-25104 elementor-23117\">\n\t\t\t\t<div class=\"elementor-element elementor-element-567238a2 e-con-full e-flex e-con e-parent\" data-id=\"567238a2\" data-element_type=\"container\">\n\t\t<div class=\"elementor-element elementor-element-4b1656a9 hero-section e-flex e-con-boxed e-con e-child\" data-id=\"4b1656a9\" data-element_type=\"container\" data-settings=\"{&quot;background_background&quot;:&quot;classic&quot;,&quot;ekit_section_parallax_bg&quot;:&quot;yes&quot;,&quot;ekit_section_parallax_bg_speed&quot;:0.8}\">\n\t\t\t\t\t<div class=\"e-con-inner\">\n\t\t<div class=\"elementor-element elementor-element-4c1c2137 e-con-full e-flex e-con e-child\" data-id=\"4c1c2137\" data-element_type=\"container\">\n\t\t\t\t<div class=\"elementor-element elementor-element-15877a9d elementor-widget elementor-widget-elementskit-fancy-animated-text\" data-id=\"15877a9d\" data-element_type=\"widget\" data-settings=\"{&quot;ekit_we_effect_on&quot;:&quot;none&quot;}\" data-widget_type=\"elementskit-fancy-animated-text.default\">\n\t\t\t\t<div class=\"elementor-widget-container\">\n\t\t\t\t\t<div class=\"ekit-wid-con\" >            <h1 class=\"ekit-fancy-text push\" data-id=\"15877a9d\" data-animation-settings=\"{&quot;animationStyle&quot;:&quot;animated&quot;,&quot;animationDelay&quot;:2000,&quot;loadingBar&quot;:3800,&quot;lettersDelay&quot;:50,&quot;typeLettersDelay&quot;:150,&quot;duration&quot;:500,&quot;revealDuration&quot;:600,&quot;revealAnimationDelay&quot;:1500}\">\n                            <span class=\"ekit-fancy-prefix-text\">Un monde meilleur commence par<\/span>\n                        <span class=\"ekit-fancy-text-lists\">\n                                        <b class=\"ekit-fancy-text elementor-repeater-item-b9b00af is-visible\">Vie priv\u00e9e<\/b>\n                                        <b class=\"ekit-fancy-text elementor-repeater-item-7c0a76c \">libert\u00e9 num\u00e9rique<\/b>\n                                        <b class=\"ekit-fancy-text elementor-repeater-item-7722b76 \">S\u00e9curis\u00e9<\/b>\n                                    <\/span>\n                        <\/h1>\n        <\/div>\t\t\t\t<\/div>\n\t\t\t\t<\/div>\n\t\t\t\t<div class=\"elementor-element elementor-element-e3d9b19 elementor-widget elementor-widget-elementskit-heading\" data-id=\"e3d9b19\" data-element_type=\"widget\" data-settings=\"{&quot;ekit_we_effect_on&quot;:&quot;css&quot;}\" data-widget_type=\"elementskit-heading.default\">\n\t\t\t\t<div class=\"elementor-widget-container\">\n\t\t\t\t\t<div class=\"ekit-wid-con\" ><div class=\"ekit-heading elementskit-section-title-wraper text_left   ekit_heading_tablet-   ekit_heading_mobile-\"><h1 class=\"ekit-heading--title elementskit-section-title \">Outils de communication<\/h1>\t\t\t\t<div class='ekit-heading__description'>\n\t\t\t\t\t<p>MailProvider.com a \u00e9t\u00e9 fond\u00e9 au Luxembourg en 2024 par un groupe de visionnaires de l'informatique qui ont imagin\u00e9 un meilleur Internet o\u00f9 la protection de la vie priv\u00e9e est la norme.<\/p>\n\t\t\t\t<\/div>\n\t\t\t<\/div><\/div>\t\t\t\t<\/div>\n\t\t\t\t<\/div>\n\t\t<div class=\"elementor-element elementor-element-7ca05f7f e-con-full e-flex e-con e-child\" data-id=\"7ca05f7f\" data-element_type=\"container\">\n\t\t\t\t<div class=\"elementor-element elementor-element-48c1a804 elementor-align-left elementor-widget__width-auto elementor-widget elementor-widget-elementskit-button\" data-id=\"48c1a804\" data-element_type=\"widget\" data-settings=\"{&quot;ekit_we_effect_on&quot;:&quot;none&quot;}\" data-widget_type=\"elementskit-button.default\">\n\t\t\t\t<div class=\"elementor-widget-container\">\n\t\t\t\t\t<div class=\"ekit-wid-con\" >\t\t<div class=\"ekit-btn-wraper\">\n\t\t\t\t\t\t\t<a href=\"#\" class=\"elementskit-btn  whitespace--normal\" id=\"\">\n\t\t\t\t\tEn savoir plus<i class=\"fas fa-caret-right\"><\/i>\t\t\t\t<\/a>\n\t\t\t\t\t<\/div>\n        <\/div>\t\t\t\t<\/div>\n\t\t\t\t<\/div>\n\t\t\t\t<\/div>\n\t\t\t\t<\/div>\n\t\t\t\t\t<\/div>\n\t\t\t\t<\/div>\n\t\t\t\t<\/div>\n\t\t<div class=\"elementor-element elementor-element-3e11bc93 e-flex e-con-boxed e-con e-parent\" data-id=\"3e11bc93\" data-element_type=\"container\" data-settings=\"{&quot;background_background&quot;:&quot;classic&quot;}\">\n\t\t\t\t\t<div class=\"e-con-inner\">\n\t\t<div class=\"elementor-element elementor-element-21c9fa1a e-con-full e-flex e-con e-child\" data-id=\"21c9fa1a\" data-element_type=\"container\">\n\t\t<div class=\"elementor-element elementor-element-32214dbd e-con-full e-flex e-con e-child\" data-id=\"32214dbd\" data-element_type=\"container\">\n\t\t\t\t<div class=\"elementor-element elementor-element-4ff20371 animated-fast elementor-invisible elementor-widget elementor-widget-elementskit-heading\" data-id=\"4ff20371\" data-element_type=\"widget\" data-settings=\"{&quot;_animation&quot;:&quot;fadeIn&quot;,&quot;ekit_we_effect_on&quot;:&quot;css&quot;,&quot;_animation_delay&quot;:100}\" data-widget_type=\"elementskit-heading.default\">\n\t\t\t\t<div class=\"elementor-widget-container\">\n\t\t\t\t\t<div class=\"ekit-wid-con\" ><div class=\"ekit-heading elementskit-section-title-wraper text_center   ekit_heading_tablet-   ekit_heading_mobile-text_left\"><h6 class=\"elementskit-section-subtitle  \">\n\t\t\t\t\t\tRejoindre la communaut\u00e9 de notre \u00e9glise a \u00e9t\u00e9 une exp\u00e9rience incroyablement \u00e9difiante.\n\t\t\t\t\t<\/h6><h2 class=\"ekit-heading--title elementskit-section-title \">Nous avons d\u00e9velopp\u00e9 MailProvider.com pour offrir une option diff\u00e9rente.<\/h2>\t\t\t\t<div class='ekit-heading__description'>\n\t\t\t\t\t<p>Tout a commenc\u00e9 avec le World Wide Web. Depuis sa cr\u00e9ation, le web a transform\u00e9 nos vies. Pourtant, pour beaucoup, acc\u00e9der \u00e0 l'internet aujourd'hui signifie souvent livrer de grandes quantit\u00e9s de donn\u00e9es personnelles \u00e0 des entreprises qui privil\u00e9gient le profit au d\u00e9triment de la vie priv\u00e9e. Dans de nombreuses r\u00e9gions, les gouvernements utilisent ces donn\u00e9es \u00e0 mauvais escient pour restreindre les libert\u00e9s de leurs citoyens.   <\/p>\n\t\t\t\t<\/div>\n\t\t\t<\/div><\/div>\t\t\t\t<\/div>\n\t\t\t\t<\/div>\n\t\t\t\t<\/div>\n\t\t\t\t<\/div>\n\t\t<div class=\"elementor-element elementor-element-75b0f3b4 e-con-full e-flex e-con e-child\" data-id=\"75b0f3b4\" data-element_type=\"container\">\n\t\t<div class=\"elementor-element elementor-element-19e6333d e-con-full elementor-hidden-tablet e-flex e-con e-child\" data-id=\"19e6333d\" data-element_type=\"container\">\n\t\t\t\t<div class=\"elementor-element elementor-element-77961bdc animated-fast elementor-invisible elementor-widget elementor-widget-image\" data-id=\"77961bdc\" data-element_type=\"widget\" data-settings=\"{&quot;_animation&quot;:&quot;fadeInUp&quot;,&quot;_animation_delay&quot;:100,&quot;ekit_we_effect_on&quot;:&quot;none&quot;}\" data-widget_type=\"image.default\">\n\t\t\t\t<div class=\"elementor-widget-container\">\n\t\t\t\t\t\t\t\t\t\t\t\t\t\t\t<img fetchpriority=\"high\" decoding=\"async\" width=\"900\" height=\"1200\" src=\"https:\/\/mailprovider.com\/wp-content\/uploads\/2024\/10\/sd1170fyb2y.jpg\" class=\"attachment-full size-full wp-image-24506\" alt=\"\" srcset=\"https:\/\/mailprovider.com\/wp-content\/uploads\/2024\/10\/sd1170fyb2y.jpg 900w, https:\/\/mailprovider.com\/wp-content\/uploads\/2024\/10\/sd1170fyb2y-225x300.jpg 225w, https:\/\/mailprovider.com\/wp-content\/uploads\/2024\/10\/sd1170fyb2y-768x1024.jpg 768w, https:\/\/mailprovider.com\/wp-content\/uploads\/2024\/10\/sd1170fyb2y-710x947.jpg 710w\" sizes=\"(max-width: 900px) 100vw, 900px\" title=\"\">\t\t\t\t\t\t\t\t\t\t\t\t\t\t\t<\/div>\n\t\t\t\t<\/div>\n\t\t\t\t<div class=\"elementor-element elementor-element-5ccc5826 animated-fast elementor-invisible elementor-widget elementor-widget-image\" data-id=\"5ccc5826\" data-element_type=\"widget\" data-settings=\"{&quot;_animation&quot;:&quot;fadeInUp&quot;,&quot;_animation_delay&quot;:100,&quot;ekit_we_effect_on&quot;:&quot;none&quot;}\" data-widget_type=\"image.default\">\n\t\t\t\t<div class=\"elementor-widget-container\">\n\t\t\t\t\t\t\t\t\t\t\t\t\t\t\t<img decoding=\"async\" width=\"1600\" height=\"1071\" data-src=\"https:\/\/mailprovider.com\/wp-content\/uploads\/2024\/10\/evwwr6nmdf8.jpg\" class=\"attachment-full size-full wp-image-24512 lazyload\" alt=\"\" data-srcset=\"https:\/\/mailprovider.com\/wp-content\/uploads\/2024\/10\/evwwr6nmdf8.jpg 1600w, https:\/\/mailprovider.com\/wp-content\/uploads\/2024\/10\/evwwr6nmdf8-300x201.jpg 300w, https:\/\/mailprovider.com\/wp-content\/uploads\/2024\/10\/evwwr6nmdf8-1024x685.jpg 1024w, https:\/\/mailprovider.com\/wp-content\/uploads\/2024\/10\/evwwr6nmdf8-768x514.jpg 768w, https:\/\/mailprovider.com\/wp-content\/uploads\/2024\/10\/evwwr6nmdf8-1536x1028.jpg 1536w, https:\/\/mailprovider.com\/wp-content\/uploads\/2024\/10\/evwwr6nmdf8-710x475.jpg 710w\" data-sizes=\"(max-width: 1600px) 100vw, 1600px\" title=\"\" src=\"data:image\/svg+xml;base64,PHN2ZyB3aWR0aD0iMSIgaGVpZ2h0PSIxIiB4bWxucz0iaHR0cDovL3d3dy53My5vcmcvMjAwMC9zdmciPjwvc3ZnPg==\" style=\"--smush-placeholder-width: 1600px; --smush-placeholder-aspect-ratio: 1600\/1071;\">\t\t\t\t\t\t\t\t\t\t\t\t\t\t\t<\/div>\n\t\t\t\t<\/div>\n\t\t\t\t<\/div>\n\t\t<div class=\"elementor-element elementor-element-a5164fb e-con-full elementor-hidden-tablet e-flex e-con e-child\" data-id=\"a5164fb\" data-element_type=\"container\">\n\t\t\t\t<div class=\"elementor-element elementor-element-726f7927 animated-fast elementor-invisible elementor-widget elementor-widget-image\" data-id=\"726f7927\" data-element_type=\"widget\" data-settings=\"{&quot;_animation&quot;:&quot;fadeInUp&quot;,&quot;_animation_delay&quot;:200,&quot;ekit_we_effect_on&quot;:&quot;none&quot;}\" data-widget_type=\"image.default\">\n\t\t\t\t<div class=\"elementor-widget-container\">\n\t\t\t\t\t\t\t\t\t\t\t\t\t\t\t<img decoding=\"async\" width=\"1600\" height=\"1067\" data-src=\"https:\/\/mailprovider.com\/wp-content\/uploads\/2024\/10\/qyeaig-nyni.jpg\" class=\"attachment-full size-full wp-image-24509 lazyload\" alt=\"\" data-srcset=\"https:\/\/mailprovider.com\/wp-content\/uploads\/2024\/10\/qyeaig-nyni.jpg 1600w, https:\/\/mailprovider.com\/wp-content\/uploads\/2024\/10\/qyeaig-nyni-300x200.jpg 300w, https:\/\/mailprovider.com\/wp-content\/uploads\/2024\/10\/qyeaig-nyni-1024x683.jpg 1024w, https:\/\/mailprovider.com\/wp-content\/uploads\/2024\/10\/qyeaig-nyni-768x512.jpg 768w, https:\/\/mailprovider.com\/wp-content\/uploads\/2024\/10\/qyeaig-nyni-1536x1024.jpg 1536w, https:\/\/mailprovider.com\/wp-content\/uploads\/2024\/10\/qyeaig-nyni-710x473.jpg 710w\" data-sizes=\"(max-width: 1600px) 100vw, 1600px\" title=\"\" src=\"data:image\/svg+xml;base64,PHN2ZyB3aWR0aD0iMSIgaGVpZ2h0PSIxIiB4bWxucz0iaHR0cDovL3d3dy53My5vcmcvMjAwMC9zdmciPjwvc3ZnPg==\" style=\"--smush-placeholder-width: 1600px; --smush-placeholder-aspect-ratio: 1600\/1067;\">\t\t\t\t\t\t\t\t\t\t\t\t\t\t\t<\/div>\n\t\t\t\t<\/div>\n\t\t\t\t<div class=\"elementor-element elementor-element-8f27842 animated-fast elementor-invisible elementor-widget elementor-widget-image\" data-id=\"8f27842\" data-element_type=\"widget\" data-settings=\"{&quot;_animation&quot;:&quot;fadeInUp&quot;,&quot;_animation_delay&quot;:200,&quot;ekit_we_effect_on&quot;:&quot;none&quot;}\" data-widget_type=\"image.default\">\n\t\t\t\t<div class=\"elementor-widget-container\">\n\t\t\t\t\t\t\t\t\t\t\t\t\t\t\t<img decoding=\"async\" width=\"900\" height=\"1200\" data-src=\"https:\/\/mailprovider.com\/wp-content\/uploads\/2024\/10\/gf6vc-nmwrq.jpg\" class=\"attachment-full size-full wp-image-24515 lazyload\" alt=\"\" data-srcset=\"https:\/\/mailprovider.com\/wp-content\/uploads\/2024\/10\/gf6vc-nmwrq.jpg 900w, https:\/\/mailprovider.com\/wp-content\/uploads\/2024\/10\/gf6vc-nmwrq-225x300.jpg 225w, https:\/\/mailprovider.com\/wp-content\/uploads\/2024\/10\/gf6vc-nmwrq-768x1024.jpg 768w, https:\/\/mailprovider.com\/wp-content\/uploads\/2024\/10\/gf6vc-nmwrq-710x947.jpg 710w\" data-sizes=\"(max-width: 900px) 100vw, 900px\" title=\"\" src=\"data:image\/svg+xml;base64,PHN2ZyB3aWR0aD0iMSIgaGVpZ2h0PSIxIiB4bWxucz0iaHR0cDovL3d3dy53My5vcmcvMjAwMC9zdmciPjwvc3ZnPg==\" style=\"--smush-placeholder-width: 900px; --smush-placeholder-aspect-ratio: 900\/1200;\">\t\t\t\t\t\t\t\t\t\t\t\t\t\t\t<\/div>\n\t\t\t\t<\/div>\n\t\t\t\t<\/div>\n\t\t<div class=\"elementor-element elementor-element-e860aba e-con-full e-flex e-con e-child\" data-id=\"e860aba\" data-element_type=\"container\">\n\t\t\t\t<div class=\"elementor-element elementor-element-40dd3214 animated-fast ekit-equal-height-disable elementor-invisible elementor-widget elementor-widget-elementskit-icon-box\" data-id=\"40dd3214\" data-element_type=\"widget\" data-settings=\"{&quot;_animation&quot;:&quot;fadeInUp&quot;,&quot;_animation_delay&quot;:100,&quot;ekit_we_effect_on&quot;:&quot;none&quot;}\" data-widget_type=\"elementskit-icon-box.default\">\n\t\t\t\t<div class=\"elementor-widget-container\">\n\t\t\t\t\t<div class=\"ekit-wid-con\" >        <!-- link opening -->\n                <!-- end link opening -->\n\n        <div class=\"elementskit-infobox text-left text-left icon-top-align elementor-animation-   \">\n                    <div class=\"elementskit-box-header elementor-animation-\">\n                <div class=\"elementskit-info-box-icon  \">\n                    <i aria-hidden=\"true\" class=\"elementkit-infobox-icon icon icon-book1\"><\/i>\n                <\/div>\n          <\/div>\n                        <div class=\"box-body\">\n                            <h4 class=\"elementskit-info-box-title\">\n                    Un internet centr\u00e9 sur les personnes                <\/h4>\n                        \t\t  \t<p>MailProvider a \u00e9t\u00e9 cr\u00e9\u00e9 pour donner la priorit\u00e9 aux individus plut\u00f4t qu'aux profits, en permettant \u00e0 chacun de prendre le contr\u00f4le de sa vie num\u00e9rique.<\/p>\n                                <\/div>\n        \n        \n                <\/div>\n        <\/div>\t\t\t\t<\/div>\n\t\t\t\t<\/div>\n\t\t\t\t<div class=\"elementor-element elementor-element-4f994ab9 animated-fast ekit-equal-height-disable elementor-invisible elementor-widget elementor-widget-elementskit-icon-box\" data-id=\"4f994ab9\" data-element_type=\"widget\" data-settings=\"{&quot;_animation&quot;:&quot;fadeInUp&quot;,&quot;_animation_delay&quot;:200,&quot;ekit_we_effect_on&quot;:&quot;none&quot;}\" data-widget_type=\"elementskit-icon-box.default\">\n\t\t\t\t<div class=\"elementor-widget-container\">\n\t\t\t\t\t<div class=\"ekit-wid-con\" >        <!-- link opening -->\n                <!-- end link opening -->\n\n        <div class=\"elementskit-infobox text-left text-left icon-top-align elementor-animation-   \">\n                    <div class=\"elementskit-box-header elementor-animation-\">\n                <div class=\"elementskit-info-box-icon  \">\n                    <i aria-hidden=\"true\" class=\"elementkit-infobox-icon icon icon-basket1\"><\/i>\n                <\/div>\n          <\/div>\n                        <div class=\"box-body\">\n                            <h4 class=\"elementskit-info-box-title\">\n                    Une communication s\u00fbre et s\u00e9curis\u00e9e                <\/h4>\n                        \t\t  \t<p>Dans ce nouveau paradigme, les utilisateurs peuvent communiquer librement tout en prot\u00e9geant leurs donn\u00e9es, leur identit\u00e9 et leur vie priv\u00e9e contre l'exploitation et les cybermenaces.<\/p>\n                                <\/div>\n        \n        \n                <\/div>\n        <\/div>\t\t\t\t<\/div>\n\t\t\t\t<\/div>\n\t\t\t\t<div class=\"elementor-element elementor-element-5e135c0b animated-fast ekit-equal-height-disable elementor-invisible elementor-widget elementor-widget-elementskit-icon-box\" data-id=\"5e135c0b\" data-element_type=\"widget\" data-settings=\"{&quot;_animation&quot;:&quot;fadeInUp&quot;,&quot;_animation_delay&quot;:300,&quot;ekit_we_effect_on&quot;:&quot;none&quot;}\" data-widget_type=\"elementskit-icon-box.default\">\n\t\t\t\t<div class=\"elementor-widget-container\">\n\t\t\t\t\t<div class=\"ekit-wid-con\" >        <!-- link opening -->\n                <!-- end link opening -->\n\n        <div class=\"elementskit-infobox text-left text-left icon-top-align elementor-animation-   \">\n                    <div class=\"elementskit-box-header elementor-animation-\">\n                <div class=\"elementskit-info-box-icon  \">\n                    <i aria-hidden=\"true\" class=\"elementkit-infobox-icon icon icon-heart\"><\/i>\n                <\/div>\n          <\/div>\n                        <div class=\"box-body\">\n                            <h4 class=\"elementskit-info-box-title\">\n                    Une mission ax\u00e9e sur la communaut\u00e9                <\/h4>\n                        \t\t  \t<p>Lanc\u00e9 en 2024 gr\u00e2ce \u00e0 des fonds priv\u00e9s, MailProvider reste fid\u00e8le \u00e0 ses racines non lucratives, garantissant que notre objectif est toujours de servir nos utilisateurs, et non les annonceurs.<\/p>\n                                <\/div>\n        \n        \n                <\/div>\n        <\/div>\t\t\t\t<\/div>\n\t\t\t\t<\/div>\n\t\t\t\t<\/div>\n\t\t\t\t<\/div>\n\t\t\t\t\t<\/div>\n\t\t\t\t<\/div>\n\t\t\t\t<\/div>\n\t\t","protected":false},"excerpt":{"rendered":"<p>Un monde meilleur commence par Vie priv\u00e9e libert\u00e9 num\u00e9rique S\u00e9curis\u00e9 Outils de communication MailProvider.com a \u00e9t\u00e9 fond\u00e9 au Luxembourg en 2024 par un groupe de visionnaires de l&#8217;informatique qui ont imagin\u00e9 un meilleur Internet o\u00f9 la protection de la vie priv\u00e9e est la norme. En savoir plus Rejoindre la communaut\u00e9 de notre \u00e9glise a \u00e9t\u00e9 [&hellip;]<\/p>\n","protected":false},"author":1,"featured_media":0,"parent":0,"menu_order":0,"comment_status":"closed","ping_status":"closed","template":"","meta":{"footnotes":""},"class_list":["post-25104","page","type-page","status-publish","hentry"],"_links":{"self":[{"href":"https:\/\/mailprovider.com\/fr\/wp-json\/wp\/v2\/pages\/25104","targetHints":{"allow":["GET"]}}],"collection":[{"href":"https:\/\/mailprovider.com\/fr\/wp-json\/wp\/v2\/pages"}],"about":[{"href":"https:\/\/mailprovider.com\/fr\/wp-json\/wp\/v2\/types\/page"}],"author":[{"embeddable":true,"href":"https:\/\/mailprovider.com\/fr\/wp-json\/wp\/v2\/users\/1"}],"replies":[{"embeddable":true,"href":"https:\/\/mailprovider.com\/fr\/wp-json\/wp\/v2\/comments?post=25104"}],"version-history":[{"count":0,"href":"https:\/\/mailprovider.com\/fr\/wp-json\/wp\/v2\/pages\/25104\/revisions"}],"wp:attachment":[{"href":"https:\/\/mailprovider.com\/fr\/wp-json\/wp\/v2\/media?parent=25104"}],"curies":[{"name":"wp","href":"https:\/\/api.w.org\/{rel}","templated":true}]}}