{"id":25099,"date":"2024-10-22T07:20:58","date_gmt":"2024-10-22T07:20:58","guid":{"rendered":"https:\/\/mailprovider.com\/livres-et-rapports-electroniques\/"},"modified":"2024-10-25T16:23:13","modified_gmt":"2024-10-25T16:23:13","slug":"livres-et-rapports-electroniques","status":"publish","type":"page","link":"https:\/\/mailprovider.com\/fr\/livres-et-rapports-electroniques\/","title":{"rendered":"Livres et rapports \u00e9lectroniques"},"content":{"rendered":"\t\t<div data-elementor-type=\"wp-page\" data-elementor-id=\"25099\" class=\"elementor elementor-25099 elementor-23218\">\n\t\t\t\t<div class=\"elementor-element elementor-element-1a72d0d1 e-con-full e-flex e-con e-parent\" data-id=\"1a72d0d1\" data-element_type=\"container\">\n\t\t<div class=\"elementor-element elementor-element-8f52af7 hero-section e-flex e-con-boxed e-con e-child\" data-id=\"8f52af7\" data-element_type=\"container\" data-settings=\"{&quot;background_background&quot;:&quot;classic&quot;,&quot;ekit_section_parallax_bg&quot;:&quot;yes&quot;,&quot;ekit_section_parallax_bg_speed&quot;:0.8}\">\n\t\t\t\t\t<div class=\"e-con-inner\">\n\t\t<div class=\"elementor-element elementor-element-2532463a e-con-full e-flex e-con e-child\" data-id=\"2532463a\" data-element_type=\"container\">\n\t\t\t\t<div class=\"elementor-element elementor-element-60e2846d elementor-widget elementor-widget-elementskit-fancy-animated-text\" data-id=\"60e2846d\" data-element_type=\"widget\" data-settings=\"{&quot;ekit_we_effect_on&quot;:&quot;none&quot;}\" data-widget_type=\"elementskit-fancy-animated-text.default\">\n\t\t\t\t<div class=\"elementor-widget-container\">\n\t\t\t\t\t<div class=\"ekit-wid-con\" >            <h1 class=\"ekit-fancy-text push\" data-id=\"60e2846d\" data-animation-settings=\"{&quot;animationStyle&quot;:&quot;animated&quot;,&quot;animationDelay&quot;:2000,&quot;loadingBar&quot;:3800,&quot;lettersDelay&quot;:50,&quot;typeLettersDelay&quot;:150,&quot;duration&quot;:500,&quot;revealDuration&quot;:600,&quot;revealAnimationDelay&quot;:1500}\">\n                            <span class=\"ekit-fancy-prefix-text\">Cr\u00e9ation<\/span>\n                        <span class=\"ekit-fancy-text-lists\">\n                                        <b class=\"ekit-fancy-text elementor-repeater-item-b9b00af is-visible\">le\u00e7ons<\/b>\n                                        <b class=\"ekit-fancy-text elementor-repeater-item-7c0a76c \">livres \u00e9lectroniques<\/b>\n                                        <b class=\"ekit-fancy-text elementor-repeater-item-7722b76 \">Connaissances<\/b>\n                                    <\/span>\n                        <\/h1>\n        <\/div>\t\t\t\t<\/div>\n\t\t\t\t<\/div>\n\t\t\t\t<div class=\"elementor-element elementor-element-6ffc8c15 elementor-widget elementor-widget-elementskit-heading\" data-id=\"6ffc8c15\" data-element_type=\"widget\" data-settings=\"{&quot;ekit_we_effect_on&quot;:&quot;css&quot;}\" data-widget_type=\"elementskit-heading.default\">\n\t\t\t\t<div class=\"elementor-widget-container\">\n\t\t\t\t\t<div class=\"ekit-wid-con\" ><div class=\"ekit-heading elementskit-section-title-wraper text_left   ekit_heading_tablet-   ekit_heading_mobile-\"><h1 class=\"ekit-heading--title elementskit-section-title \">\u00c0 propos du courrier<\/h1>\t\t\t\t<div class='ekit-heading__description'>\n\t\t\t\t\t<p>D\u00e9couvrez nos \u00e9tudes de cas et l'exp\u00e9rience que nous partagerons avec vous.<\/p>\n\t\t\t\t<\/div>\n\t\t\t<\/div><\/div>\t\t\t\t<\/div>\n\t\t\t\t<\/div>\n\t\t<div class=\"elementor-element elementor-element-adcabf0 e-con-full e-flex e-con e-child\" data-id=\"adcabf0\" data-element_type=\"container\">\n\t\t\t\t<div class=\"elementor-element elementor-element-6e539916 elementor-align-left elementor-widget__width-auto elementor-widget elementor-widget-elementskit-button\" data-id=\"6e539916\" data-element_type=\"widget\" data-settings=\"{&quot;ekit_we_effect_on&quot;:&quot;none&quot;}\" data-widget_type=\"elementskit-button.default\">\n\t\t\t\t<div class=\"elementor-widget-container\">\n\t\t\t\t\t<div class=\"ekit-wid-con\" >\t\t<div class=\"ekit-btn-wraper\">\n\t\t\t\t\t\t\t<a href=\"#e-books\" class=\"elementskit-btn  whitespace--normal\" id=\"\">\n\t\t\t\t\tEn savoir plus<i class=\"fas fa-caret-right\"><\/i>\t\t\t\t<\/a>\n\t\t\t\t\t<\/div>\n        <\/div>\t\t\t\t<\/div>\n\t\t\t\t<\/div>\n\t\t\t\t<\/div>\n\t\t\t\t<\/div>\n\t\t\t\t\t<\/div>\n\t\t\t\t<\/div>\n\t\t\t\t<\/div>\n\t\t<div class=\"elementor-element elementor-element-787bd7f1 e-flex e-con-boxed e-con e-parent\" data-id=\"787bd7f1\" data-element_type=\"container\">\n\t\t\t\t\t<div class=\"e-con-inner\">\n\t\t<div class=\"elementor-element elementor-element-19498134 e-con-full e-flex e-con e-child\" data-id=\"19498134\" data-element_type=\"container\">\n\t\t<div class=\"elementor-element elementor-element-c7bfeef e-con-full e-flex e-con e-child\" data-id=\"c7bfeef\" data-element_type=\"container\">\n\t\t\t\t<div class=\"elementor-element elementor-element-2bea092 animated-fast elementor-invisible elementor-widget elementor-widget-elementskit-heading\" data-id=\"2bea092\" data-element_type=\"widget\" id=\"e-books\" data-settings=\"{&quot;_animation&quot;:&quot;fadeIn&quot;,&quot;ekit_we_effect_on&quot;:&quot;css&quot;}\" data-widget_type=\"elementskit-heading.default\">\n\t\t\t\t<div class=\"elementor-widget-container\">\n\t\t\t\t\t<div class=\"ekit-wid-con\" ><div class=\"ekit-heading elementskit-section-title-wraper text_center   ekit_heading_tablet-   ekit_heading_mobile-\"><h2 class=\"ekit-heading--title elementskit-section-title \">Tous les <span><span>E-Books<\/span><\/span> et <span><span>Reports<\/span><\/span><\/h2>\t\t\t\t<div class='ekit-heading__description'>\n\t\t\t\t\t<p>Nous comprenons que vous ayez parfois besoin d'un coup de pouce. Vous trouverez ci-dessous l'assistance dont vous avez besoin. <\/p>\n\t\t\t\t<\/div>\n\t\t\t<\/div><\/div>\t\t\t\t<\/div>\n\t\t\t\t<\/div>\n\t\t\t\t<\/div>\n\t\t\t\t<\/div>\n\t\t<div class=\"elementor-element elementor-element-668ed6eb e-con-full e-flex e-con e-child\" data-id=\"668ed6eb\" data-element_type=\"container\">\n\t\t<div class=\"elementor-element elementor-element-3bcf0a94 e-con-full e-flex e-con e-child\" data-id=\"3bcf0a94\" data-element_type=\"container\">\n\t\t\t\t<div class=\"elementor-element elementor-element-2f1419e9 animated-fast elementor-invisible elementor-widget elementor-widget-elementskit-image-hover-effect\" data-id=\"2f1419e9\" data-element_type=\"widget\" data-settings=\"{&quot;_animation&quot;:&quot;fadeInUp&quot;,&quot;ekit_we_effect_on&quot;:&quot;none&quot;}\" data-widget_type=\"elementskit-image-hover-effect.default\">\n\t\t\t\t<div class=\"elementor-widget-container\">\n\t\t\t\t\t<div class=\"ekit-wid-con\" >\t\t\t<div class=\"ekit_image_hover ekit_image_zoom_out\">\n\t\t\t\t<img fetchpriority=\"high\" decoding=\"async\" width=\"400\" height=\"500\" src=\"https:\/\/mailprovider.com\/wp-content\/uploads\/2024\/10\/image-hover-1.jpg\" class=\"attachment-full size-full wp-image-23584\" alt=\"\" srcset=\"https:\/\/mailprovider.com\/wp-content\/uploads\/2024\/10\/image-hover-1.jpg 400w, https:\/\/mailprovider.com\/wp-content\/uploads\/2024\/10\/image-hover-1-240x300.jpg 240w\" sizes=\"(max-width: 400px) 100vw, 400px\" title=\"\">\t\t\t\t<div class=\"ekit_image_caption ekit_text_none \">\n\t\t\t\t\t<h2 class=\"ekit_image_caption_title    animated none\" data-settings=\"{&quot;_animation&quot;:&quot;none&quot;}\">\n\t\t\t\t\t\tChanger de fournisseur de services de courrier \u00e9lectronique\t\t\t\t\t<\/h2>\n\t\t\t\t\t<p class=\"ekit_image_caption_description ekit_hover_show   animated none\" data-settings=\"{&quot;_animation&quot;:&quot;none&quot;}\">\n\t\t\t\t\t\tUn guide d\u00e9taill\u00e9 pour une migration en douceur.\t\t\t\t\t<\/p>\n\t\t\t\t\t\t\n\t\t\t\t\t\t<a class=\"elementskit-btn ekit_image_caption_button ekit_hover_show   animated none\" data-settings=\"{&quot;_animation&quot;:&quot;none&quot;}\" href=\"#\" target=\"_blank\" rel=\"nofollow\">\n\t\t\t\t\t\t\tEn savoir plus\t\t\t\t\t\t<\/a>\t\t\n\t\t\t\t\t\t\t\t\t<\/div>\n\t\t\t<\/div>\n\t\t<\/div>\t\t\t\t<\/div>\n\t\t\t\t<\/div>\n\t\t\t\t<\/div>\n\t\t<div class=\"elementor-element elementor-element-1e6465a2 e-con-full e-flex e-con e-child\" data-id=\"1e6465a2\" data-element_type=\"container\">\n\t\t\t\t<div class=\"elementor-element elementor-element-f40bd2f animated-fast elementor-invisible elementor-widget elementor-widget-elementskit-image-hover-effect\" data-id=\"f40bd2f\" data-element_type=\"widget\" data-settings=\"{&quot;_animation&quot;:&quot;fadeInUp&quot;,&quot;_animation_delay&quot;:100,&quot;ekit_we_effect_on&quot;:&quot;none&quot;}\" data-widget_type=\"elementskit-image-hover-effect.default\">\n\t\t\t\t<div class=\"elementor-widget-container\">\n\t\t\t\t\t<div class=\"ekit-wid-con\" >\t\t\t<div class=\"ekit_image_hover ekit_image_zoom_out\">\n\t\t\t\t<img decoding=\"async\" width=\"400\" height=\"500\" data-src=\"https:\/\/mailprovider.com\/wp-content\/uploads\/2024\/10\/image-hover-2.jpg\" class=\"attachment-full size-full wp-image-23586 lazyload\" alt=\"\" data-srcset=\"https:\/\/mailprovider.com\/wp-content\/uploads\/2024\/10\/image-hover-2.jpg 400w, https:\/\/mailprovider.com\/wp-content\/uploads\/2024\/10\/image-hover-2-240x300.jpg 240w\" data-sizes=\"(max-width: 400px) 100vw, 400px\" title=\"\" src=\"data:image\/svg+xml;base64,PHN2ZyB3aWR0aD0iMSIgaGVpZ2h0PSIxIiB4bWxucz0iaHR0cDovL3d3dy53My5vcmcvMjAwMC9zdmciPjwvc3ZnPg==\" style=\"--smush-placeholder-width: 400px; --smush-placeholder-aspect-ratio: 400\/500;\">\t\t\t\t<div class=\"ekit_image_caption ekit_text_none \">\n\t\t\t\t\t<h2 class=\"ekit_image_caption_title    animated none\" data-settings=\"{&quot;_animation&quot;:&quot;none&quot;}\">\n\t\t\t\t\t\tSauvegarde du courrier \u00e9lectronique\t\t\t\t\t<\/h2>\n\t\t\t\t\t<p class=\"ekit_image_caption_description ekit_hover_show   animated none\" data-settings=\"{&quot;_animation&quot;:&quot;none&quot;}\">\n\t\t\t\t\t\tTout savoir sur les fonctions de sauvegarde\t\t\t\t\t<\/p>\n\t\t\t\t\t\t\n\t\t\t\t\t\t<a class=\"elementskit-btn ekit_image_caption_button ekit_hover_show   animated none\" data-settings=\"{&quot;_animation&quot;:&quot;none&quot;}\" href=\"#\" target=\"_blank\" rel=\"nofollow\">\n\t\t\t\t\t\t\tEn savoir plus\t\t\t\t\t\t<\/a>\t\t\n\t\t\t\t\t\t\t\t\t<\/div>\n\t\t\t<\/div>\n\t\t<\/div>\t\t\t\t<\/div>\n\t\t\t\t<\/div>\n\t\t\t\t<\/div>\n\t\t<div class=\"elementor-element elementor-element-672e78bf e-con-full e-flex e-con e-child\" data-id=\"672e78bf\" data-element_type=\"container\">\n\t\t\t\t<div class=\"elementor-element elementor-element-6f4f2d15 animated-fast elementor-invisible elementor-widget elementor-widget-elementskit-image-hover-effect\" data-id=\"6f4f2d15\" data-element_type=\"widget\" data-settings=\"{&quot;_animation&quot;:&quot;fadeInUp&quot;,&quot;_animation_delay&quot;:200,&quot;ekit_we_effect_on&quot;:&quot;none&quot;}\" data-widget_type=\"elementskit-image-hover-effect.default\">\n\t\t\t\t<div class=\"elementor-widget-container\">\n\t\t\t\t\t<div class=\"ekit-wid-con\" >\t\t\t<div class=\"ekit_image_hover ekit_image_zoom_out\">\n\t\t\t\t<img decoding=\"async\" width=\"400\" height=\"500\" data-src=\"https:\/\/mailprovider.com\/wp-content\/uploads\/2024\/10\/image-hover-3.jpg\" class=\"attachment-full size-full wp-image-23588 lazyload\" alt=\"\" data-srcset=\"https:\/\/mailprovider.com\/wp-content\/uploads\/2024\/10\/image-hover-3.jpg 400w, https:\/\/mailprovider.com\/wp-content\/uploads\/2024\/10\/image-hover-3-240x300.jpg 240w\" data-sizes=\"(max-width: 400px) 100vw, 400px\" title=\"\" src=\"data:image\/svg+xml;base64,PHN2ZyB3aWR0aD0iMSIgaGVpZ2h0PSIxIiB4bWxucz0iaHR0cDovL3d3dy53My5vcmcvMjAwMC9zdmciPjwvc3ZnPg==\" style=\"--smush-placeholder-width: 400px; --smush-placeholder-aspect-ratio: 400\/500;\">\t\t\t\t<div class=\"ekit_image_caption ekit_text_none \">\n\t\t\t\t\t<h2 class=\"ekit_image_caption_title    animated none\" data-settings=\"{&quot;_animation&quot;:&quot;none&quot;}\">\n\t\t\t\t\t\tChoisir le bon fournisseur de courrier\t\t\t\t\t<\/h2>\n\t\t\t\t\t<p class=\"ekit_image_caption_description ekit_hover_show   animated none\" data-settings=\"{&quot;_animation&quot;:&quot;none&quot;}\">\n\t\t\t\t\t\tD\u00e9couvrez ce que vous devez rechercher aupr\u00e8s de votre fournisseur de services de messagerie \u00e9lectronique\t\t\t\t\t<\/p>\n\t\t\t\t\t\t\n\t\t\t\t\t\t<a class=\"elementskit-btn ekit_image_caption_button ekit_hover_show   animated none\" data-settings=\"{&quot;_animation&quot;:&quot;none&quot;}\" href=\"#\" target=\"_blank\" rel=\"nofollow\">\n\t\t\t\t\t\t\tEn savoir plus\t\t\t\t\t\t<\/a>\t\t\n\t\t\t\t\t\t\t\t\t<\/div>\n\t\t\t<\/div>\n\t\t<\/div>\t\t\t\t<\/div>\n\t\t\t\t<\/div>\n\t\t\t\t<\/div>\n\t\t\t\t<\/div>\n\t\t\t\t\t<\/div>\n\t\t\t\t<\/div>\n\t\t\t\t<\/div>\n\t\t","protected":false},"excerpt":{"rendered":"<p>Cr\u00e9ation le\u00e7ons livres \u00e9lectroniques Connaissances \u00c0 propos du courrier D\u00e9couvrez nos \u00e9tudes de cas et l&#8217;exp\u00e9rience que nous partagerons avec vous. En savoir plus Tous les E-Books et Reports Nous comprenons que vous ayez parfois besoin d&#8217;un coup de pouce. Vous trouverez ci-dessous l&#8217;assistance dont vous avez besoin. Changer de fournisseur de services de courrier [&hellip;]<\/p>\n","protected":false},"author":1,"featured_media":0,"parent":0,"menu_order":0,"comment_status":"closed","ping_status":"closed","template":"","meta":{"footnotes":""},"class_list":["post-25099","page","type-page","status-publish","hentry"],"_links":{"self":[{"href":"https:\/\/mailprovider.com\/fr\/wp-json\/wp\/v2\/pages\/25099","targetHints":{"allow":["GET"]}}],"collection":[{"href":"https:\/\/mailprovider.com\/fr\/wp-json\/wp\/v2\/pages"}],"about":[{"href":"https:\/\/mailprovider.com\/fr\/wp-json\/wp\/v2\/types\/page"}],"author":[{"embeddable":true,"href":"https:\/\/mailprovider.com\/fr\/wp-json\/wp\/v2\/users\/1"}],"replies":[{"embeddable":true,"href":"https:\/\/mailprovider.com\/fr\/wp-json\/wp\/v2\/comments?post=25099"}],"version-history":[{"count":0,"href":"https:\/\/mailprovider.com\/fr\/wp-json\/wp\/v2\/pages\/25099\/revisions"}],"wp:attachment":[{"href":"https:\/\/mailprovider.com\/fr\/wp-json\/wp\/v2\/media?parent=25099"}],"curies":[{"name":"wp","href":"https:\/\/api.w.org\/{rel}","templated":true}]}}