{"id":24913,"date":"2023-10-26T11:26:33","date_gmt":"2023-10-26T11:26:33","guid":{"rendered":"https:\/\/mailprovider.com\/histoires-de-reussite\/portefeuille-detaille-en-maconnerie-4-colonnes\/"},"modified":"2024-10-25T15:52:34","modified_gmt":"2024-10-25T15:52:34","slug":"portefeuille-detaille-en-maconnerie-4-colonnes","status":"publish","type":"page","link":"https:\/\/mailprovider.com\/fr\/histoires-de-reussite\/portefeuille-detaille-en-maconnerie-4-colonnes\/","title":{"rendered":"Portefeuille d\u00e9taill\u00e9 en ma\u00e7onnerie 4 colonnes"},"content":{"rendered":"\t\t<div data-elementor-type=\"wp-page\" data-elementor-id=\"24913\" class=\"elementor elementor-24913 elementor-11110\">\n\t\t\t\t<div class=\"elementor-element elementor-element-26987f2 e-flex e-con-boxed e-con e-parent\" data-id=\"26987f2\" data-element_type=\"container\">\n\t\t\t\t\t<div class=\"e-con-inner\">\n\t\t<div class=\"elementor-element elementor-element-585af2e e-con-full e-flex e-con e-child\" data-id=\"585af2e\" data-element_type=\"container\">\n\t\t<div class=\"elementor-element elementor-element-dd7ad34 e-con-full e-flex e-con e-child\" data-id=\"dd7ad34\" data-element_type=\"container\">\n\t\t\t\t<div class=\"elementor-element elementor-element-5b75efb elementor-invisible elementor-widget elementor-widget-elementskit-breadcrumb\" data-id=\"5b75efb\" data-element_type=\"widget\" data-settings=\"{&quot;_animation&quot;:&quot;fadeIn&quot;,&quot;_animation_delay&quot;:200,&quot;ekit_we_effect_on&quot;:&quot;none&quot;}\" data-widget_type=\"elementskit-breadcrumb.default\">\n\t\t\t\t<div class=\"elementor-widget-container\">\n\t\t\t\t\t<div class=\"ekit-wid-con\" ><ol class=\"ekit-breadcrumb\"><li class=\"ekit_breadcrumbs_start\"><a href=\"https:\/\/mailprovider.com\/fr\/\">Home<\/a><\/li><\/ol><\/div>\t\t\t\t<\/div>\n\t\t\t\t<\/div>\n\t\t\t\t<div class=\"elementor-element elementor-element-7bbe95f elementor-invisible elementor-widget elementor-widget-elementskit-heading\" data-id=\"7bbe95f\" data-element_type=\"widget\" data-settings=\"{&quot;ekit_we_effect_on&quot;:&quot;css&quot;,&quot;_animation&quot;:&quot;fadeIn&quot;,&quot;_animation_delay&quot;:200}\" data-widget_type=\"elementskit-heading.default\">\n\t\t\t\t<div class=\"elementor-widget-container\">\n\t\t\t\t\t<div class=\"ekit-wid-con\" ><div class=\"ekit-heading elementskit-section-title-wraper text_center   ekit_heading_tablet-   ekit_heading_mobile-\"><h1 class=\"ekit-heading--title elementskit-section-title \">Ma\u00e7onnerie d\u00e9taill\u00e9e <span><span>portfolio<\/span><\/span> 4 colonnes<\/h1>\t\t\t\t<div class='ekit-heading__description'>\n\t\t\t\t\t<p>Nous guidons les entreprises qui changent la donne, sur toutes les plateformes et dans tous les lieux, gr\u00e2ce \u00e0 une conception agile et \u00e0 l'exp\u00e9rience num\u00e9rique.<\/p>\n\t\t\t\t<\/div>\n\t\t\t<\/div><\/div>\t\t\t\t<\/div>\n\t\t\t\t<\/div>\n\t\t\t\t<\/div>\n\t\t\t\t<\/div>\n\t\t\t\t\t<\/div>\n\t\t\t\t<\/div>\n\t\t<div class=\"elementor-element elementor-element-759cb15 e-con-full e-flex e-con e-parent\" data-id=\"759cb15\" data-element_type=\"container\">\n\t\t<div class=\"elementor-element elementor-element-c7610c2 e-con-full e-flex e-con e-child\" data-id=\"c7610c2\" data-element_type=\"container\">\n\t\t\t\t<div class=\"elementor-element elementor-element-c2b1d6e elementor-grid-4 elementor-grid-tablet-2 elementor-grid-mobile-1 keydesign-portfolio-gutter-30 elementor-widget elementor-widget-portfolio-grid\" data-id=\"c2b1d6e\" data-element_type=\"widget\" data-settings=\"{&quot;columns&quot;:&quot;4&quot;,&quot;grid_layout&quot;:&quot;masonry&quot;,&quot;columns_tablet&quot;:&quot;2&quot;,&quot;columns_mobile&quot;:&quot;1&quot;,&quot;query_orderby&quot;:&quot;post_date&quot;,&quot;query_order&quot;:&quot;desc&quot;,&quot;ekit_we_effect_on&quot;:&quot;none&quot;}\" data-widget_type=\"portfolio-grid.default\">\n\t\t\t\t<div class=\"elementor-widget-container\">\n\t\t\t\t\t\t\t<div id=\"keydesign-portfolio-c2b1d6e\">\n\t\t\t\t<div class=\"keydesign-portfolio-grid elementor-grid keydesign-portfolio-layout-masonry keydesign-portfolio-item-design-2\">\n\t\t\t\t<article class=\"keydesign-portfolio-grid-item  post-11006 keydesign-portfolio type-keydesign-portfolio status-publish has-post-thumbnail hentry\">\n\t\t<div class=\"keydesign-portfolio-grid-item__wrapper\">\n\t\t\t\t<a class=\"keydesign-portfolio-grid-item__link\" href=\"https:\/\/mailprovider.com\/fr\/?p=11006\">\n\t\t\t<div class=\"keydesign-portfolio-grid-item__img\">\n\t\t\t\t<img fetchpriority=\"high\" decoding=\"async\" width=\"1800\" height=\"1800\" src=\"https:\/\/mailprovider.com\/wp-content\/uploads\/2023\/03\/portfolio2.jpg\" class=\"attachment-post-thumbnail size-post-thumbnail wp-post-image\" alt=\"\" title=\"\">\t\t\t<\/div>\n\t\t<\/a>\n\t\t\t\t<div class=\"keydesign-portfolio-grid-item__content\">\n\t\t\t\t<a class=\"keydesign-portfolio-grid-item__link\" href=\"https:\/\/mailprovider.com\/fr\/?p=11006\">\n\t\t\t<h4 class=\"keydesign-portfolio-grid-item__title\">Fratelli Cosulich<\/h4>\n\t\t<\/a>\n\t\t\t\t<\/div>\n\t\t\t\t<\/div>\n\t\t<\/article>\n\t\t\t\t<\/div>\n\t\t<\/div>\n\t\t       \t<script>\n           ( function($) {\n               \t$( function() {\n\t\t\t\t   \tvar $portfolio = $('#keydesign-portfolio-c2b1d6e');\n                   \tvar $grid = $portfolio.find('.keydesign-portfolio-grid');\n\t\t\t\t\tvar $portfolio_filter = $portfolio.find('.keydesign-portfolio-grid__filters');\n\n                   \t$grid.imagesLoaded( function() {\n\t\t\t\t\t\t$grid.isotope({\n\t\t\t\t\t\t\titemSelector: '.keydesign-portfolio-grid-item',\n\t\t\t\t\t\t\tmasonry: {\n    \t\t\t\t\t\t\tgutter: 30  \t\t\t\t\t\t\t}\n\t\t\t\t\t\t})\n                   \t});\n\n\t\t\t\t\t$portfolio_filter.on( \"click\", \"li\", ( function() {\n\t\t\t\t\t\tvar filterValue = $(this).attr('data-filter');\n \t\t\t\t\t   \t$portfolio_filter.find(\"li\").removeClass(\"active\"),\n \t\t\t\t\t   \t$(this).addClass(\"active\"),\n \t\t\t\t\t   \t$grid.isotope({\n \t\t\t\t\t\t   filter: filterValue\n \t\t\t\t\t   })\n\t\t\t\t\t}));\n               \t});\n           \t}( jQuery ) );\n       \t<\/script>\n       \t\t\t\t\t<\/div>\n\t\t\t\t<\/div>\n\t\t\t\t<\/div>\n\t\t\t\t<\/div>\n\t\t\t\t<\/div>\n\t\t","protected":false},"excerpt":{"rendered":"<p>Home Ma\u00e7onnerie d\u00e9taill\u00e9e portfolio 4 colonnes Nous guidons les entreprises qui changent la donne, sur toutes les plateformes et dans tous les lieux, gr\u00e2ce \u00e0 une conception agile et \u00e0 l&#8217;exp\u00e9rience num\u00e9rique. All Business Corporate Creative Lingua franca Corporate Creative Fratelli Cosulich Business Corporate Full-scale expression Corporate Creative Just your type Business Corporate Visualizing concepts [&hellip;]<\/p>\n","protected":false},"author":1,"featured_media":0,"parent":24905,"menu_order":0,"comment_status":"closed","ping_status":"closed","template":"","meta":{"footnotes":""},"class_list":["post-24913","page","type-page","status-publish","hentry"],"_links":{"self":[{"href":"https:\/\/mailprovider.com\/fr\/wp-json\/wp\/v2\/pages\/24913","targetHints":{"allow":["GET"]}}],"collection":[{"href":"https:\/\/mailprovider.com\/fr\/wp-json\/wp\/v2\/pages"}],"about":[{"href":"https:\/\/mailprovider.com\/fr\/wp-json\/wp\/v2\/types\/page"}],"author":[{"embeddable":true,"href":"https:\/\/mailprovider.com\/fr\/wp-json\/wp\/v2\/users\/1"}],"replies":[{"embeddable":true,"href":"https:\/\/mailprovider.com\/fr\/wp-json\/wp\/v2\/comments?post=24913"}],"version-history":[{"count":0,"href":"https:\/\/mailprovider.com\/fr\/wp-json\/wp\/v2\/pages\/24913\/revisions"}],"up":[{"embeddable":true,"href":"https:\/\/mailprovider.com\/fr\/wp-json\/wp\/v2\/pages\/24905"}],"wp:attachment":[{"href":"https:\/\/mailprovider.com\/fr\/wp-json\/wp\/v2\/media?parent=24913"}],"curies":[{"name":"wp","href":"https:\/\/api.w.org\/{rel}","templated":true}]}}