{"id":24905,"date":"2023-10-26T11:24:49","date_gmt":"2023-10-26T11:24:49","guid":{"rendered":"https:\/\/mailprovider.com\/histoires-de-reussite\/"},"modified":"2024-10-25T15:52:28","modified_gmt":"2024-10-25T15:52:28","slug":"histoires-de-reussite","status":"publish","type":"page","link":"https:\/\/mailprovider.com\/fr\/histoires-de-reussite\/","title":{"rendered":"Histoires de r\u00e9ussite"},"content":{"rendered":"\t\t<div data-elementor-type=\"wp-page\" data-elementor-id=\"24905\" class=\"elementor elementor-24905 elementor-11069\">\n\t\t\t\t<div class=\"elementor-element elementor-element-b341a9f e-flex e-con-boxed e-con e-parent\" data-id=\"b341a9f\" data-element_type=\"container\">\n\t\t\t\t\t<div class=\"e-con-inner\">\n\t\t<div class=\"elementor-element elementor-element-3ca9bc0 e-con-full e-flex e-con e-child\" data-id=\"3ca9bc0\" data-element_type=\"container\">\n\t\t<div class=\"elementor-element elementor-element-200ffb5 e-con-full e-flex e-con e-child\" data-id=\"200ffb5\" data-element_type=\"container\">\n\t\t\t\t<div class=\"elementor-element elementor-element-15be1a1 elementor-invisible elementor-widget elementor-widget-elementskit-breadcrumb\" data-id=\"15be1a1\" data-element_type=\"widget\" data-settings=\"{&quot;_animation&quot;:&quot;fadeIn&quot;,&quot;_animation_delay&quot;:200,&quot;ekit_we_effect_on&quot;:&quot;none&quot;}\" data-widget_type=\"elementskit-breadcrumb.default\">\n\t\t\t\t<div class=\"elementor-widget-container\">\n\t\t\t\t\t<div class=\"ekit-wid-con\" ><ol class=\"ekit-breadcrumb\"><li class=\"ekit_breadcrumbs_start\"><a href=\"https:\/\/mailprovider.com\/fr\/\">Home<\/a><\/li><\/ol><\/div>\t\t\t\t<\/div>\n\t\t\t\t<\/div>\n\t\t\t\t<div class=\"elementor-element elementor-element-7407e68 elementor-invisible elementor-widget elementor-widget-elementskit-heading\" data-id=\"7407e68\" data-element_type=\"widget\" data-settings=\"{&quot;ekit_we_effect_on&quot;:&quot;css&quot;,&quot;_animation&quot;:&quot;fadeIn&quot;,&quot;_animation_delay&quot;:200}\" data-widget_type=\"elementskit-heading.default\">\n\t\t\t\t<div class=\"elementor-widget-container\">\n\t\t\t\t\t<div class=\"ekit-wid-con\" ><div class=\"ekit-heading elementskit-section-title-wraper text_center   ekit_heading_tablet-   ekit_heading_mobile-\"><h1 class=\"ekit-heading--title elementskit-section-title \"><span><span>Succ\u00e8s<\/span><\/span> et \u00e9tudes de cas<\/h1>\t\t\t\t<div class='ekit-heading__description'>\n\t\t\t\t\t<p>D\u00e9couvrez comment MailProvider r\u00e9alise des analyses de vuln\u00e9rabilit\u00e9 structurelle et des analyses des besoins du projet pour ses clients, des plans de solution et des avantages apr\u00e8s la mise en \u0153uvre !<\/p>\n\t\t\t\t<\/div>\n\t\t\t<\/div><\/div>\t\t\t\t<\/div>\n\t\t\t\t<\/div>\n\t\t\t\t<\/div>\n\t\t\t\t<\/div>\n\t\t\t\t\t<\/div>\n\t\t\t\t<\/div>\n\t\t<div class=\"elementor-element elementor-element-c440650 e-flex e-con-boxed e-con e-parent\" data-id=\"c440650\" data-element_type=\"container\">\n\t\t\t\t\t<div class=\"e-con-inner\">\n\t\t<div class=\"elementor-element elementor-element-e5bcd62 e-con-full e-flex e-con e-child\" data-id=\"e5bcd62\" data-element_type=\"container\">\n\t\t\t\t<div class=\"elementor-element elementor-element-64a3688 elementor-grid-3 elementor-grid-tablet-2 elementor-grid-mobile-1 keydesign-portfolio-gutter-30 elementor-widget elementor-widget-portfolio-grid\" data-id=\"64a3688\" data-element_type=\"widget\" data-settings=\"{&quot;aspect_ratio&quot;:{&quot;unit&quot;:&quot;px&quot;,&quot;size&quot;:0.75,&quot;sizes&quot;:[]},&quot;grid_layout&quot;:&quot;grid&quot;,&quot;columns&quot;:&quot;3&quot;,&quot;columns_tablet&quot;:&quot;2&quot;,&quot;columns_mobile&quot;:&quot;1&quot;,&quot;query_orderby&quot;:&quot;post_date&quot;,&quot;query_order&quot;:&quot;desc&quot;,&quot;ekit_we_effect_on&quot;:&quot;none&quot;}\" data-widget_type=\"portfolio-grid.default\">\n\t\t\t\t<div class=\"elementor-widget-container\">\n\t\t\t\t\t\t\t<div id=\"keydesign-portfolio-64a3688\">\n\t\t\t\t<div class=\"keydesign-portfolio-grid elementor-grid keydesign-portfolio-layout-grid keydesign-portfolio-item-design-2\">\n\t\t\t\t<article class=\"keydesign-portfolio-grid-item  post-11006 keydesign-portfolio type-keydesign-portfolio status-publish has-post-thumbnail hentry\">\n\t\t<div class=\"keydesign-portfolio-grid-item__wrapper\">\n\t\t\t\t<a class=\"keydesign-portfolio-grid-item__link\" href=\"https:\/\/mailprovider.com\/fr\/?p=11006\">\n\t\t\t<div class=\"keydesign-portfolio-grid-item__img\">\n\t\t\t\t<img fetchpriority=\"high\" decoding=\"async\" width=\"1800\" height=\"1800\" src=\"https:\/\/mailprovider.com\/wp-content\/uploads\/2023\/03\/portfolio2.jpg\" class=\"attachment-post-thumbnail size-post-thumbnail wp-post-image\" alt=\"\" title=\"\">\t\t\t<\/div>\n\t\t<\/a>\n\t\t\t\t<div class=\"keydesign-portfolio-grid-item__content\">\n\t\t\t\t<a class=\"keydesign-portfolio-grid-item__link\" href=\"https:\/\/mailprovider.com\/fr\/?p=11006\">\n\t\t\t<h4 class=\"keydesign-portfolio-grid-item__title\">Fratelli Cosulich<\/h4>\n\t\t<\/a>\n\t\t\t\t<\/div>\n\t\t\t\t<\/div>\n\t\t<\/article>\n\t\t\t\t<\/div>\n\t\t<\/div>\n\t\t       \t<script>\n           ( function($) {\n               \t$( function() {\n\t\t\t\t   \tvar $portfolio = $('#keydesign-portfolio-64a3688');\n                   \tvar $grid = $portfolio.find('.keydesign-portfolio-grid');\n\t\t\t\t\tvar $portfolio_filter = $portfolio.find('.keydesign-portfolio-grid__filters');\n\n                   \t$grid.imagesLoaded( function() {\n\t\t\t\t\t\t$grid.isotope({\n\t\t\t\t\t\t\titemSelector: '.keydesign-portfolio-grid-item',\n\t\t\t\t\t\t\tmasonry: {\n    \t\t\t\t\t\t\tgutter: 30  \t\t\t\t\t\t\t}\n\t\t\t\t\t\t})\n                   \t});\n\n\t\t\t\t\t$portfolio_filter.on( \"click\", \"li\", ( function() {\n\t\t\t\t\t\tvar filterValue = $(this).attr('data-filter');\n \t\t\t\t\t   \t$portfolio_filter.find(\"li\").removeClass(\"active\"),\n \t\t\t\t\t   \t$(this).addClass(\"active\"),\n \t\t\t\t\t   \t$grid.isotope({\n \t\t\t\t\t\t   filter: filterValue\n \t\t\t\t\t   })\n\t\t\t\t\t}));\n               \t});\n           \t}( jQuery ) );\n       \t<\/script>\n       \t\t\t\t\t<\/div>\n\t\t\t\t<\/div>\n\t\t\t\t<\/div>\n\t\t\t\t\t<\/div>\n\t\t\t\t<\/div>\n\t\t\t\t<\/div>\n\t\t","protected":false},"excerpt":{"rendered":"<p>Home Succ\u00e8s et \u00e9tudes de cas D\u00e9couvrez comment MailProvider r\u00e9alise des analyses de vuln\u00e9rabilit\u00e9 structurelle et des analyses des besoins du projet pour ses clients, des plans de solution et des avantages apr\u00e8s la mise en \u0153uvre ! All Business Corporate Creative Lingua franca Corporate Creative Fratelli Cosulich Business Corporate Full-scale expression Corporate Creative Just [&hellip;]<\/p>\n","protected":false},"author":1,"featured_media":0,"parent":0,"menu_order":0,"comment_status":"closed","ping_status":"closed","template":"","meta":{"footnotes":""},"class_list":["post-24905","page","type-page","status-publish","hentry"],"_links":{"self":[{"href":"https:\/\/mailprovider.com\/fr\/wp-json\/wp\/v2\/pages\/24905","targetHints":{"allow":["GET"]}}],"collection":[{"href":"https:\/\/mailprovider.com\/fr\/wp-json\/wp\/v2\/pages"}],"about":[{"href":"https:\/\/mailprovider.com\/fr\/wp-json\/wp\/v2\/types\/page"}],"author":[{"embeddable":true,"href":"https:\/\/mailprovider.com\/fr\/wp-json\/wp\/v2\/users\/1"}],"replies":[{"embeddable":true,"href":"https:\/\/mailprovider.com\/fr\/wp-json\/wp\/v2\/comments?post=24905"}],"version-history":[{"count":0,"href":"https:\/\/mailprovider.com\/fr\/wp-json\/wp\/v2\/pages\/24905\/revisions"}],"wp:attachment":[{"href":"https:\/\/mailprovider.com\/fr\/wp-json\/wp\/v2\/media?parent=24905"}],"curies":[{"name":"wp","href":"https:\/\/api.w.org\/{rel}","templated":true}]}}