{"id":25228,"date":"2023-09-28T12:28:59","date_gmt":"2023-09-28T12:28:59","guid":{"rendered":"https:\/\/mailprovider.com\/bedingungen-und-konditionen\/"},"modified":"2024-10-25T16:31:25","modified_gmt":"2024-10-25T16:31:25","slug":"bedingungen-und-konditionen","status":"publish","type":"page","link":"https:\/\/mailprovider.com\/de\/bedingungen-und-konditionen\/","title":{"rendered":"Bedingungen und Konditionen"},"content":{"rendered":"\t\t<div data-elementor-type=\"wp-page\" data-elementor-id=\"25228\" class=\"elementor elementor-25228 elementor-21194\">\n\t\t\t\t<div class=\"elementor-element elementor-element-b62330e e-flex e-con-boxed e-con e-parent\" data-id=\"b62330e\" data-element_type=\"container\" data-settings=\"{&quot;background_background&quot;:&quot;classic&quot;}\">\n\t\t\t\t\t<div class=\"e-con-inner\">\n\t\t<div class=\"elementor-element elementor-element-a4ec2f3 e-con-full e-flex e-con e-child\" data-id=\"a4ec2f3\" data-element_type=\"container\">\n\t\t\t\t<div class=\"elementor-element elementor-element-740f14c animated-fast elementor-invisible elementor-widget elementor-widget-elementskit-heading\" data-id=\"740f14c\" data-element_type=\"widget\" data-settings=\"{&quot;ekit_we_effect_on&quot;:&quot;css&quot;,&quot;_animation&quot;:&quot;fadeIn&quot;,&quot;_animation_delay&quot;:100}\" data-widget_type=\"elementskit-heading.default\">\n\t\t\t\t<div class=\"elementor-widget-container\">\n\t\t\t\t\t<div class=\"ekit-wid-con\" ><div class=\"ekit-heading elementskit-section-title-wraper text_left   ekit_heading_tablet-   ekit_heading_mobile-\"><h1 class=\"ekit-heading--title elementskit-section-title \">Bedingungen und Konditionen<\/h1>\t\t\t\t<div class='ekit-heading__description'>\n\t\t\t\t\t<p><strong>Zuletzt ge\u00e4ndert:<\/strong> November 15, 2023<\/p>\n\t\t\t\t<\/div>\n\t\t\t<\/div><\/div>\t\t\t\t<\/div>\n\t\t\t\t<\/div>\n\t\t\t\t<\/div>\n\t\t\t\t\t<\/div>\n\t\t\t\t<\/div>\n\t\t<div class=\"elementor-element elementor-element-1ce56c6 e-flex e-con-boxed e-con e-parent\" data-id=\"1ce56c6\" data-element_type=\"container\" data-settings=\"{&quot;animation&quot;:&quot;none&quot;}\">\n\t\t\t\t\t<div class=\"e-con-inner\">\n\t\t<div class=\"elementor-element elementor-element-9b1569b e-con-full elementor-hidden-tablet elementor-hidden-mobile e-flex e-con e-child\" data-id=\"9b1569b\" data-element_type=\"container\">\n\t\t<div class=\"elementor-element elementor-element-8cea221 e-con-full ekit-sticky--top e-flex e-con e-child\" data-id=\"8cea221\" data-element_type=\"container\" data-settings=\"{&quot;ekit_sticky&quot;:&quot;top&quot;,&quot;ekit_sticky_offset&quot;:{&quot;unit&quot;:&quot;px&quot;,&quot;size&quot;:175,&quot;sizes&quot;:[]},&quot;ekit_sticky_until&quot;:&quot;section5&quot;,&quot;ekit_sticky_on_desktop&quot;:&quot;desktop&quot;,&quot;ekit_sticky_offset_tablet&quot;:{&quot;unit&quot;:&quot;px&quot;,&quot;size&quot;:&quot;&quot;,&quot;sizes&quot;:[]},&quot;ekit_sticky_offset_mobile&quot;:{&quot;unit&quot;:&quot;px&quot;,&quot;size&quot;:&quot;&quot;,&quot;sizes&quot;:[]},&quot;ekit_sticky_effect_offset&quot;:{&quot;unit&quot;:&quot;px&quot;,&quot;size&quot;:0,&quot;sizes&quot;:[]},&quot;ekit_sticky_effect_offset_tablet&quot;:{&quot;unit&quot;:&quot;px&quot;,&quot;size&quot;:&quot;&quot;,&quot;sizes&quot;:[]},&quot;ekit_sticky_effect_offset_mobile&quot;:{&quot;unit&quot;:&quot;px&quot;,&quot;size&quot;:&quot;&quot;,&quot;sizes&quot;:[]}}\">\n\t\t\t\t<div class=\"elementor-element elementor-element-f3b891c sticky-navigation animated-fast elementor-hidden-tablet elementor-hidden-mobile elementor-invisible elementor-widget elementor-widget-elementskit-stylish-list\" data-id=\"f3b891c\" data-element_type=\"widget\" data-settings=\"{&quot;_animation&quot;:&quot;fadeIn&quot;,&quot;ekit_we_effect_on&quot;:&quot;none&quot;}\" data-widget_type=\"elementskit-stylish-list.default\">\n\t\t\t\t<div class=\"elementor-widget-container\">\n\t\t\t\t\t<div class=\"ekit-wid-con\">\t\t<ul class=\"ekit-stylish-list \" >\n\t\t\t\t\t\t\t<li class=\"ekit-stylish-list-content-wrapper elementor-repeater-item-dbd1c0d\" >\n\t\t\t\t\t\t\t\t\t\t\t<a class=\"ekit-wrapper-link\" href=\"#section1\"><\/a>\n\t\t\t\t\t\t\t\t\t\t<div class=\"ekit-stylish-list-content\">\n\t\t\t\t\t\t\t\t\t\t\t\t\t\t\t\t\t\t\t\t\t\t\t\t<div class=\"ekit-stylish-list-content-text\">\n\t\t\t\t\t\t\t<span class=\"ekit-stylish-list-content-title\">Unsere Dienstleistungen<\/span>\n\t\t\t\t\t\t\t\t\t\t\t\t\t<\/div>\n\t\t\t\t\t\t\t\t\t\t\t<\/div>\n\t\t\t\t\t\n\t\t\t\t<\/li>\n\t\t\t\t\t\t\t\t\t\t\t<li class=\"ekit-stylish-list-content-wrapper elementor-repeater-item-54477fc\" >\n\t\t\t\t\t\t\t\t\t\t\t<a class=\"ekit-wrapper-link\" href=\"#section2\"><\/a>\n\t\t\t\t\t\t\t\t\t\t<div class=\"ekit-stylish-list-content\">\n\t\t\t\t\t\t\t\t\t\t\t\t\t\t\t\t\t\t\t\t\t\t\t\t<div class=\"ekit-stylish-list-content-text\">\n\t\t\t\t\t\t\t<span class=\"ekit-stylish-list-content-title\">Eigentumsrechte<\/span>\n\t\t\t\t\t\t\t\t\t\t\t\t\t<\/div>\n\t\t\t\t\t\t\t\t\t\t\t<\/div>\n\t\t\t\t\t\n\t\t\t\t<\/li>\n\t\t\t\t\t\t\t\t\t\t\t<li class=\"ekit-stylish-list-content-wrapper elementor-repeater-item-f32fb77\" >\n\t\t\t\t\t\t\t\t\t\t\t<a class=\"ekit-wrapper-link\" href=\"#section3\"><\/a>\n\t\t\t\t\t\t\t\t\t\t<div class=\"ekit-stylish-list-content\">\n\t\t\t\t\t\t\t\t\t\t\t\t\t\t\t\t\t\t\t\t\t\t\t\t<div class=\"ekit-stylish-list-content-text\">\n\t\t\t\t\t\t\t<span class=\"ekit-stylish-list-content-title\">Verbotene Aktivit\u00e4ten<\/span>\n\t\t\t\t\t\t\t\t\t\t\t\t\t<\/div>\n\t\t\t\t\t\t\t\t\t\t\t<\/div>\n\t\t\t\t\t\n\t\t\t\t<\/li>\n\t\t\t\t\t\t\t\t\t\t\t<li class=\"ekit-stylish-list-content-wrapper elementor-repeater-item-a8fe059\" >\n\t\t\t\t\t\t\t\t\t\t\t<a class=\"ekit-wrapper-link\" href=\"#section4\"><\/a>\n\t\t\t\t\t\t\t\t\t\t<div class=\"ekit-stylish-list-content\">\n\t\t\t\t\t\t\t\t\t\t\t\t\t\t\t\t\t\t\t\t\t\t\t\t<div class=\"ekit-stylish-list-content-text\">\n\t\t\t\t\t\t\t<span class=\"ekit-stylish-list-content-title\">Verwaltung von Dienstleistungen<\/span>\n\t\t\t\t\t\t\t\t\t\t\t\t\t<\/div>\n\t\t\t\t\t\t\t\t\t\t\t<\/div>\n\t\t\t\t\t\n\t\t\t\t<\/li>\n\t\t\t\t\t\t\t\t\t\t\t<li class=\"ekit-stylish-list-content-wrapper elementor-repeater-item-d0b391d\" >\n\t\t\t\t\t\t\t\t\t\t\t<a class=\"ekit-wrapper-link\" href=\"#section5\"><\/a>\n\t\t\t\t\t\t\t\t\t\t<div class=\"ekit-stylish-list-content\">\n\t\t\t\t\t\t\t\t\t\t\t\t\t\t\t\t\t\t\t\t\t\t\t\t<div class=\"ekit-stylish-list-content-text\">\n\t\t\t\t\t\t\t<span class=\"ekit-stylish-list-content-title\">Kontaktinformationen<\/span>\n\t\t\t\t\t\t\t\t\t\t\t\t\t<\/div>\n\t\t\t\t\t\t\t\t\t\t\t<\/div>\n\t\t\t\t\t\n\t\t\t\t<\/li>\n\t\t\t\t\t\t\t\t\t<\/ul>\n\t<\/div>\t\t\t\t<\/div>\n\t\t\t\t<\/div>\n\t\t\t\t<\/div>\n\t\t\t\t<\/div>\n\t\t<div class=\"elementor-element elementor-element-f046f91 e-con-full e-flex e-con e-child\" data-id=\"f046f91\" data-element_type=\"container\">\n\t\t<div class=\"elementor-element elementor-element-dd04d7b e-con-full sticky-section e-flex e-con e-child\" data-id=\"dd04d7b\" data-element_type=\"container\" id=\"section1\">\n\t\t<div class=\"elementor-element elementor-element-02ec645 e-con-full e-flex e-con e-child\" data-id=\"02ec645\" data-element_type=\"container\">\n\t\t\t\t<div class=\"elementor-element elementor-element-3fec37c animated-fast elementor-invisible elementor-widget elementor-widget-elementskit-heading\" data-id=\"3fec37c\" data-element_type=\"widget\" data-settings=\"{&quot;_animation&quot;:&quot;fadeIn&quot;,&quot;_animation_delay&quot;:100,&quot;ekit_we_effect_on&quot;:&quot;none&quot;}\" data-widget_type=\"elementskit-heading.default\">\n\t\t\t\t<div class=\"elementor-widget-container\">\n\t\t\t\t\t<div class=\"ekit-wid-con\" ><div class=\"ekit-heading elementskit-section-title-wraper text_left   ekit_heading_tablet-   ekit_heading_mobile-\"><h3 class=\"ekit-heading--title elementskit-section-title \">Unsere Dienstleistungen<\/h3><\/div><\/div>\t\t\t\t<\/div>\n\t\t\t\t<\/div>\n\t\t\t\t<\/div>\n\t\t<div class=\"elementor-element elementor-element-060d787 e-con-full e-flex e-con e-child\" data-id=\"060d787\" data-element_type=\"container\">\n\t\t\t\t<div class=\"elementor-element elementor-element-a247b33 animated-fast elementor-invisible elementor-widget elementor-widget-text-editor\" data-id=\"a247b33\" data-element_type=\"widget\" data-settings=\"{&quot;_animation&quot;:&quot;fadeIn&quot;,&quot;_animation_delay&quot;:100,&quot;ekit_we_effect_on&quot;:&quot;none&quot;}\" data-widget_type=\"text-editor.default\">\n\t\t\t\t<div class=\"elementor-widget-container\">\n\t\t\t\t\t\t\t\t\t<p><strong>Akzeptanz der Bedingungen:<\/strong> Diese Allgemeinen Gesch\u00e4ftsbedingungen (&#8220;Bedingungen&#8221;) regeln Ihre Nutzung der WordPress-Themes und der damit verbundenen Dienste (&#8220;Dienste&#8221;), die von (&#8220;Unternehmen&#8221;) bereitgestellt werden. Indem Sie auf unsere Dienste zugreifen oder sie nutzen, erkl\u00e4ren Sie sich damit einverstanden, diese Bedingungen einzuhalten und an sie gebunden zu sein. <\/p>\n<p><strong>Lizenz:<\/strong> Das Unternehmen gew\u00e4hrt Ihnen eine nicht-exklusive, nicht \u00fcbertragbare, widerrufliche Lizenz zur Nutzung der Themes f\u00fcr Ihre pers\u00f6nlichen oder kommerziellen Websites, vorbehaltlich der in diesen Bedingungen genannten Einschr\u00e4nkungen.<\/p>\n<p><strong>Updates:<\/strong> Sie sind ab dem Kaufdatum ein Jahr lang berechtigt, Updates f\u00fcr gekaufte Themen zu erhalten. Nach diesem Zeitraum k\u00f6nnen Sie Ihre Lizenz verl\u00e4ngern, um weiterhin Zugang zu Updates zu erhalten. <\/p>\n\t\t\t\t\t\t\t\t<\/div>\n\t\t\t\t<\/div>\n\t\t\t\t<\/div>\n\t\t\t\t<\/div>\n\t\t<div class=\"elementor-element elementor-element-2b54291 e-con-full sticky-section e-flex e-con e-child\" data-id=\"2b54291\" data-element_type=\"container\" id=\"section2\">\n\t\t<div class=\"elementor-element elementor-element-15eb213 e-con-full e-flex e-con e-child\" data-id=\"15eb213\" data-element_type=\"container\">\n\t\t\t\t<div class=\"elementor-element elementor-element-d485a3d elementor-widget elementor-widget-spacer\" data-id=\"d485a3d\" data-element_type=\"widget\" data-settings=\"{&quot;ekit_we_effect_on&quot;:&quot;none&quot;}\" data-widget_type=\"spacer.default\">\n\t\t\t\t<div class=\"elementor-widget-container\">\n\t\t\t\t\t\t\t<div class=\"elementor-spacer\">\n\t\t\t<div class=\"elementor-spacer-inner\"><\/div>\n\t\t<\/div>\n\t\t\t\t\t\t<\/div>\n\t\t\t\t<\/div>\n\t\t\t\t<div class=\"elementor-element elementor-element-ac2306d animated-fast elementor-invisible elementor-widget elementor-widget-elementskit-heading\" data-id=\"ac2306d\" data-element_type=\"widget\" data-settings=\"{&quot;_animation&quot;:&quot;fadeIn&quot;,&quot;_animation_delay&quot;:100,&quot;ekit_we_effect_on&quot;:&quot;none&quot;}\" data-widget_type=\"elementskit-heading.default\">\n\t\t\t\t<div class=\"elementor-widget-container\">\n\t\t\t\t\t<div class=\"ekit-wid-con\" ><div class=\"ekit-heading elementskit-section-title-wraper text_left   ekit_heading_tablet-   ekit_heading_mobile-\"><h3 class=\"ekit-heading--title elementskit-section-title \">Eigentumsrechte<\/h3><\/div><\/div>\t\t\t\t<\/div>\n\t\t\t\t<\/div>\n\t\t\t\t<\/div>\n\t\t<div class=\"elementor-element elementor-element-7502f41 e-con-full e-flex e-con e-child\" data-id=\"7502f41\" data-element_type=\"container\">\n\t\t\t\t<div class=\"elementor-element elementor-element-d97cda0 animated-fast elementor-invisible elementor-widget elementor-widget-text-editor\" data-id=\"d97cda0\" data-element_type=\"widget\" data-settings=\"{&quot;_animation&quot;:&quot;fadeIn&quot;,&quot;_animation_delay&quot;:100,&quot;ekit_we_effect_on&quot;:&quot;none&quot;}\" data-widget_type=\"text-editor.default\">\n\t\t\t\t<div class=\"elementor-widget-container\">\n\t\t\t\t\t\t\t\t\t<p><strong>Eigentumsrecht:<\/strong> Alle Themen, Inhalte und Materialien, die vom Unternehmen zur Verf\u00fcgung gestellt werden, sind durch das Urheberrecht und die Gesetze zum Schutz des geistigen Eigentums gesch\u00fctzt. Sie d\u00fcrfen unsere Themen oder Materialien ohne unsere ausdr\u00fcckliche schriftliche Zustimmung weder reproduzieren noch verteilen oder ver\u00e4ndern. <\/p>\n<p><strong>Die Preise:<\/strong> Die Preise f\u00fcr unsere Themen k\u00f6nnen ohne vorherige Ank\u00fcndigung ge\u00e4ndert werden. Das Unternehmen beh\u00e4lt sich das Recht vor, Themen oder Dienste jederzeit zu \u00e4ndern oder einzustellen, ohne daf\u00fcr zu haften. <\/p>\n<p><strong>Bezahlung:<\/strong> Alle Zahlungen werden sicher \u00fcber einen externen Zahlungsdienstleister abgewickelt. Sie erkl\u00e4ren sich damit einverstanden, genaue und vollst\u00e4ndige Zahlungsinformationen anzugeben und uns zu erm\u00e4chtigen, Ihre Zahlungsmethode f\u00fcr alle \u00fcber unsere Dienste get\u00e4tigten K\u00e4ufe zu belasten. <\/p>\n\t\t\t\t\t\t\t\t<\/div>\n\t\t\t\t<\/div>\n\t\t\t\t<\/div>\n\t\t\t\t<\/div>\n\t\t<div class=\"elementor-element elementor-element-c792ced e-con-full sticky-section e-flex e-con e-child\" data-id=\"c792ced\" data-element_type=\"container\" id=\"section3\">\n\t\t<div class=\"elementor-element elementor-element-4ed214a e-con-full e-flex e-con e-child\" data-id=\"4ed214a\" data-element_type=\"container\">\n\t\t\t\t<div class=\"elementor-element elementor-element-d06594b elementor-widget elementor-widget-spacer\" data-id=\"d06594b\" data-element_type=\"widget\" data-settings=\"{&quot;ekit_we_effect_on&quot;:&quot;none&quot;}\" data-widget_type=\"spacer.default\">\n\t\t\t\t<div class=\"elementor-widget-container\">\n\t\t\t\t\t\t\t<div class=\"elementor-spacer\">\n\t\t\t<div class=\"elementor-spacer-inner\"><\/div>\n\t\t<\/div>\n\t\t\t\t\t\t<\/div>\n\t\t\t\t<\/div>\n\t\t\t\t<div class=\"elementor-element elementor-element-711e27d animated-fast elementor-invisible elementor-widget elementor-widget-elementskit-heading\" data-id=\"711e27d\" data-element_type=\"widget\" data-settings=\"{&quot;_animation&quot;:&quot;fadeIn&quot;,&quot;_animation_delay&quot;:100,&quot;ekit_we_effect_on&quot;:&quot;none&quot;}\" data-widget_type=\"elementskit-heading.default\">\n\t\t\t\t<div class=\"elementor-widget-container\">\n\t\t\t\t\t<div class=\"ekit-wid-con\" ><div class=\"ekit-heading elementskit-section-title-wraper text_left   ekit_heading_tablet-   ekit_heading_mobile-\"><h3 class=\"ekit-heading--title elementskit-section-title \">Verbotene Aktivit\u00e4ten<\/h3><\/div><\/div>\t\t\t\t<\/div>\n\t\t\t\t<\/div>\n\t\t\t\t<\/div>\n\t\t<div class=\"elementor-element elementor-element-c56bb6c e-con-full e-flex e-con e-child\" data-id=\"c56bb6c\" data-element_type=\"container\">\n\t\t\t\t<div class=\"elementor-element elementor-element-1c1ac75 animated-fast elementor-invisible elementor-widget elementor-widget-text-editor\" data-id=\"1c1ac75\" data-element_type=\"widget\" data-settings=\"{&quot;_animation&quot;:&quot;fadeIn&quot;,&quot;_animation_delay&quot;:100,&quot;ekit_we_effect_on&quot;:&quot;none&quot;}\" data-widget_type=\"text-editor.default\">\n\t\t\t\t<div class=\"elementor-widget-container\">\n\t\t\t\t\t\t\t\t\t<p><strong>Unerlaubte Nutzung:<\/strong> Sie d\u00fcrfen unsere Themen oder Dienste nicht f\u00fcr ungesetzliche oder verbotene Zwecke verwenden, einschlie\u00dflich, aber nicht beschr\u00e4nkt auf die Verbreitung von Malware, Hacking oder die Verletzung geltender Gesetze.<\/p>\n<p><strong>Reverse Engineering:<\/strong> Es ist Ihnen nicht gestattet, den Quellcode eines Themas oder einer Software, die vom Unternehmen bereitgestellt wird, zu dekompilieren, zur\u00fcckzuentwickeln oder zu versuchen, diesen zu erhalten.<\/p>\n\t\t\t\t\t\t\t\t<\/div>\n\t\t\t\t<\/div>\n\t\t\t\t<\/div>\n\t\t\t\t<\/div>\n\t\t<div class=\"elementor-element elementor-element-755b155 e-con-full sticky-section e-flex e-con e-child\" data-id=\"755b155\" data-element_type=\"container\" id=\"section4\">\n\t\t<div class=\"elementor-element elementor-element-da39ed6 e-con-full e-flex e-con e-child\" data-id=\"da39ed6\" data-element_type=\"container\">\n\t\t\t\t<div class=\"elementor-element elementor-element-5c79ffe elementor-widget elementor-widget-spacer\" data-id=\"5c79ffe\" data-element_type=\"widget\" data-settings=\"{&quot;ekit_we_effect_on&quot;:&quot;none&quot;}\" data-widget_type=\"spacer.default\">\n\t\t\t\t<div class=\"elementor-widget-container\">\n\t\t\t\t\t\t\t<div class=\"elementor-spacer\">\n\t\t\t<div class=\"elementor-spacer-inner\"><\/div>\n\t\t<\/div>\n\t\t\t\t\t\t<\/div>\n\t\t\t\t<\/div>\n\t\t\t\t<div class=\"elementor-element elementor-element-9b93183 animated-fast elementor-invisible elementor-widget elementor-widget-elementskit-heading\" data-id=\"9b93183\" data-element_type=\"widget\" data-settings=\"{&quot;_animation&quot;:&quot;fadeIn&quot;,&quot;_animation_delay&quot;:100,&quot;ekit_we_effect_on&quot;:&quot;none&quot;}\" data-widget_type=\"elementskit-heading.default\">\n\t\t\t\t<div class=\"elementor-widget-container\">\n\t\t\t\t\t<div class=\"ekit-wid-con\" ><div class=\"ekit-heading elementskit-section-title-wraper text_left   ekit_heading_tablet-   ekit_heading_mobile-\"><h3 class=\"ekit-heading--title elementskit-section-title \">Verwaltung von Dienstleistungen<\/h3><\/div><\/div>\t\t\t\t<\/div>\n\t\t\t\t<\/div>\n\t\t\t\t<\/div>\n\t\t<div class=\"elementor-element elementor-element-6c1b3d5 e-con-full e-flex e-con e-child\" data-id=\"6c1b3d5\" data-element_type=\"container\">\n\t\t\t\t<div class=\"elementor-element elementor-element-7c0f251 animated-fast elementor-invisible elementor-widget elementor-widget-text-editor\" data-id=\"7c0f251\" data-element_type=\"widget\" data-settings=\"{&quot;_animation&quot;:&quot;fadeIn&quot;,&quot;_animation_delay&quot;:100,&quot;ekit_we_effect_on&quot;:&quot;none&quot;}\" data-widget_type=\"text-editor.default\">\n\t\t\t\t<div class=\"elementor-widget-container\">\n\t\t\t\t\t\t\t\t\t<p><strong>Unterst\u00fctzung:<\/strong> Das Unternehmen bietet Support f\u00fcr seine Themen, wie in der Richtlinie f\u00fcr Support und Updates beschrieben. Support-Anfragen sollten \u00fcber die daf\u00fcr vorgesehenen Support-Kan\u00e4le gerichtet werden. <\/p>\n<p><strong>Beendigung:<\/strong> Das Unternehmen beh\u00e4lt sich das Recht vor, Ihren Zugang zu unseren Diensten nach eigenem Ermessen und ohne Vorank\u00fcndigung zu k\u00fcndigen oder auszusetzen, wenn Sie gegen diese Bedingungen versto\u00dfen.<\/p>\n<p><strong>\u00c4nderungen der Bedingungen:<\/strong> Das Unternehmen kann diese Bedingungen von Zeit zu Zeit aktualisieren. Es liegt in Ihrer Verantwortung, die Bedingungen regelm\u00e4\u00dfig zu \u00fcberpr\u00fcfen. Wenn Sie die Dienste nach einer \u00c4nderung dieser Bedingungen weiterhin nutzen, erkl\u00e4ren Sie sich mit diesen \u00c4nderungen einverstanden.  <\/p>\n\t\t\t\t\t\t\t\t<\/div>\n\t\t\t\t<\/div>\n\t\t\t\t<\/div>\n\t\t\t\t<\/div>\n\t\t<div class=\"elementor-element elementor-element-a980a37 e-con-full sticky-section e-flex e-con e-child\" data-id=\"a980a37\" data-element_type=\"container\" id=\"section5\">\n\t\t<div class=\"elementor-element elementor-element-d10cd20 e-con-full e-flex e-con e-child\" data-id=\"d10cd20\" data-element_type=\"container\">\n\t\t\t\t<div class=\"elementor-element elementor-element-065058f elementor-widget elementor-widget-spacer\" data-id=\"065058f\" data-element_type=\"widget\" data-settings=\"{&quot;ekit_we_effect_on&quot;:&quot;none&quot;}\" data-widget_type=\"spacer.default\">\n\t\t\t\t<div class=\"elementor-widget-container\">\n\t\t\t\t\t\t\t<div class=\"elementor-spacer\">\n\t\t\t<div class=\"elementor-spacer-inner\"><\/div>\n\t\t<\/div>\n\t\t\t\t\t\t<\/div>\n\t\t\t\t<\/div>\n\t\t\t\t<div class=\"elementor-element elementor-element-24d517e animated-fast elementor-invisible elementor-widget elementor-widget-elementskit-heading\" data-id=\"24d517e\" data-element_type=\"widget\" data-settings=\"{&quot;_animation&quot;:&quot;fadeIn&quot;,&quot;_animation_delay&quot;:100,&quot;ekit_we_effect_on&quot;:&quot;none&quot;}\" data-widget_type=\"elementskit-heading.default\">\n\t\t\t\t<div class=\"elementor-widget-container\">\n\t\t\t\t\t<div class=\"ekit-wid-con\" ><div class=\"ekit-heading elementskit-section-title-wraper text_left   ekit_heading_tablet-   ekit_heading_mobile-\"><h3 class=\"ekit-heading--title elementskit-section-title \">Kontaktinformationen<\/h3><\/div><\/div>\t\t\t\t<\/div>\n\t\t\t\t<\/div>\n\t\t\t\t<\/div>\n\t\t<div class=\"elementor-element elementor-element-f6840ba e-con-full e-flex e-con e-child\" data-id=\"f6840ba\" data-element_type=\"container\">\n\t\t\t\t<div class=\"elementor-element elementor-element-263401e animated-fast elementor-invisible elementor-widget elementor-widget-text-editor\" data-id=\"263401e\" data-element_type=\"widget\" data-settings=\"{&quot;_animation&quot;:&quot;fadeIn&quot;,&quot;_animation_delay&quot;:100,&quot;ekit_we_effect_on&quot;:&quot;none&quot;}\" data-widget_type=\"text-editor.default\">\n\t\t\t\t<div class=\"elementor-widget-container\">\n\t\t\t\t\t\t\t\t\t<p>Wenn Sie Fragen oder Bedenken zu diesen Allgemeinen Gesch\u00e4ftsbedingungen haben, kontaktieren Sie uns bitte.<\/p>\n<p>Durch die Nutzung unserer Dienste erkl\u00e4ren Sie sich mit diesen Allgemeinen Gesch\u00e4ftsbedingungen sowie mit unserer Datenschutzrichtlinie einverstanden, die durch Verweis in diese Nutzungsbedingungen aufgenommen wird.<\/p>\n\t\t\t\t\t\t\t\t<\/div>\n\t\t\t\t<\/div>\n\t\t\t\t<\/div>\n\t\t\t\t<\/div>\n\t\t\t\t<\/div>\n\t\t\t\t\t<\/div>\n\t\t\t\t<\/div>\n\t\t\t\t<\/div>\n\t\t","protected":false},"excerpt":{"rendered":"<p>Bedingungen und Konditionen Zuletzt ge\u00e4ndert: November 15, 2023 Unsere Dienstleistungen Eigentumsrechte Verbotene Aktivit\u00e4ten Verwaltung von Dienstleistungen Kontaktinformationen Unsere Dienstleistungen Akzeptanz der Bedingungen: Diese Allgemeinen Gesch\u00e4ftsbedingungen (&#8220;Bedingungen&#8221;) regeln Ihre Nutzung der WordPress-Themes und der damit verbundenen Dienste (&#8220;Dienste&#8221;), die von (&#8220;Unternehmen&#8221;) bereitgestellt werden. Indem Sie auf unsere Dienste zugreifen oder sie nutzen, erkl\u00e4ren Sie sich damit [&hellip;]<\/p>\n","protected":false},"author":1,"featured_media":0,"parent":0,"menu_order":0,"comment_status":"closed","ping_status":"closed","template":"","meta":{"footnotes":""},"class_list":["post-25228","page","type-page","status-publish","hentry"],"_links":{"self":[{"href":"https:\/\/mailprovider.com\/de\/wp-json\/wp\/v2\/pages\/25228","targetHints":{"allow":["GET"]}}],"collection":[{"href":"https:\/\/mailprovider.com\/de\/wp-json\/wp\/v2\/pages"}],"about":[{"href":"https:\/\/mailprovider.com\/de\/wp-json\/wp\/v2\/types\/page"}],"author":[{"embeddable":true,"href":"https:\/\/mailprovider.com\/de\/wp-json\/wp\/v2\/users\/1"}],"replies":[{"embeddable":true,"href":"https:\/\/mailprovider.com\/de\/wp-json\/wp\/v2\/comments?post=25228"}],"version-history":[{"count":0,"href":"https:\/\/mailprovider.com\/de\/wp-json\/wp\/v2\/pages\/25228\/revisions"}],"wp:attachment":[{"href":"https:\/\/mailprovider.com\/de\/wp-json\/wp\/v2\/media?parent=25228"}],"curies":[{"name":"wp","href":"https:\/\/api.w.org\/{rel}","templated":true}]}}