{"id":24921,"date":"2023-09-27T15:45:09","date_gmt":"2023-09-27T15:45:09","guid":{"rendered":"https:\/\/mailprovider.com\/kontakt\/"},"modified":"2024-10-25T15:52:41","modified_gmt":"2024-10-25T15:52:41","slug":"kontakt","status":"publish","type":"page","link":"https:\/\/mailprovider.com\/de\/kontakt\/","title":{"rendered":"Kontakt"},"content":{"rendered":"\t\t<div data-elementor-type=\"wp-page\" data-elementor-id=\"24921\" class=\"elementor elementor-24921 elementor-844\">\n\t\t\t\t<div class=\"elementor-element elementor-element-ed479d7 e-con-full e-flex e-con e-parent\" data-id=\"ed479d7\" data-element_type=\"container\" data-settings=\"{&quot;background_background&quot;:&quot;classic&quot;}\">\n\t\t<div class=\"elementor-element elementor-element-4a456d74 e-con-full animated-fast e-flex elementor-invisible e-con e-child\" data-id=\"4a456d74\" data-element_type=\"container\" data-settings=\"{&quot;background_background&quot;:&quot;classic&quot;,&quot;animation&quot;:&quot;fadeIn&quot;,&quot;animation_delay&quot;:100}\">\n\t\t\t\t<div class=\"elementor-element elementor-element-5d38f555 elementor-widget__width-inherit elementor-widget elementor-widget-elementskit-google-map\" data-id=\"5d38f555\" data-element_type=\"widget\" data-settings=\"{&quot;ekit_we_effect_on&quot;:&quot;none&quot;}\" data-widget_type=\"elementskit-google-map.default\">\n\t\t\t\t<div class=\"elementor-widget-container\">\n\t\t\t\t\t<div class=\"ekit-wid-con\" >\n\t\t\t<div class=\"ekit-google-map\" id=\"ekit-google-map-5d38f555\" data-id=\"5d38f555\" data-api_key=\"AIzaSyAtNHF_zcTz4lpsUoDy7z71vwZPSfR5Rkk\" style=\"margin-left:auto;margin-right:auto;text-align:center;\" data-map_type=\"marker\" data-map_zoom=\"6\" data-map_theme=\"%22%5B%7B%5C%22featureType%5C%22%3A%5C%22administrative%5C%22%2C%5C%22elementType%5C%22%3A%5C%22labels.text.fill%5C%22%2C%5C%22stylers%5C%22%3A%5B%7B%5C%22color%5C%22%3A%5C%22%236195a0%5C%22%7D%5D%7D%2C%7B%5C%22featureType%5C%22%3A%5C%22administrative.province%5C%22%2C%5C%22elementType%5C%22%3A%5C%22geometry.stroke%5C%22%2C%5C%22stylers%5C%22%3A%5B%7B%5C%22visibility%5C%22%3A%5C%22off%5C%22%7D%5D%7D%2C%7B%5C%22featureType%5C%22%3A%5C%22landscape%5C%22%2C%5C%22elementType%5C%22%3A%5C%22geometry%5C%22%2C%5C%22stylers%5C%22%3A%5B%7B%5C%22lightness%5C%22%3A%5C%220%5C%22%7D%2C%7B%5C%22saturation%5C%22%3A%5C%220%5C%22%7D%2C%7B%5C%22color%5C%22%3A%5C%22%23f5f5f2%5C%22%7D%2C%7B%5C%22gamma%5C%22%3A%5C%221%5C%22%7D%5D%7D%2C%7B%5C%22featureType%5C%22%3A%5C%22landscape.man_made%5C%22%2C%5C%22elementType%5C%22%3A%5C%22all%5C%22%2C%5C%22stylers%5C%22%3A%5B%7B%5C%22lightness%5C%22%3A%5C%22-3%5C%22%7D%2C%7B%5C%22gamma%5C%22%3A%5C%221.00%5C%22%7D%5D%7D%2C%7B%5C%22featureType%5C%22%3A%5C%22landscape.natural.terrain%5C%22%2C%5C%22elementType%5C%22%3A%5C%22all%5C%22%2C%5C%22stylers%5C%22%3A%5B%7B%5C%22visibility%5C%22%3A%5C%22off%5C%22%7D%5D%7D%2C%7B%5C%22featureType%5C%22%3A%5C%22poi%5C%22%2C%5C%22elementType%5C%22%3A%5C%22all%5C%22%2C%5C%22stylers%5C%22%3A%5B%7B%5C%22visibility%5C%22%3A%5C%22off%5C%22%7D%5D%7D%2C%7B%5C%22featureType%5C%22%3A%5C%22poi.park%5C%22%2C%5C%22elementType%5C%22%3A%5C%22geometry.fill%5C%22%2C%5C%22stylers%5C%22%3A%5B%7B%5C%22color%5C%22%3A%5C%22%23bae5ce%5C%22%7D%2C%7B%5C%22visibility%5C%22%3A%5C%22on%5C%22%7D%5D%7D%2C%7B%5C%22featureType%5C%22%3A%5C%22road%5C%22%2C%5C%22elementType%5C%22%3A%5C%22all%5C%22%2C%5C%22stylers%5C%22%3A%5B%7B%5C%22saturation%5C%22%3A-100%7D%2C%7B%5C%22lightness%5C%22%3A45%7D%2C%7B%5C%22visibility%5C%22%3A%5C%22simplified%5C%22%7D%5D%7D%2C%7B%5C%22featureType%5C%22%3A%5C%22road.highway%5C%22%2C%5C%22elementType%5C%22%3A%5C%22all%5C%22%2C%5C%22stylers%5C%22%3A%5B%7B%5C%22visibility%5C%22%3A%5C%22simplified%5C%22%7D%5D%7D%2C%7B%5C%22featureType%5C%22%3A%5C%22road.highway%5C%22%2C%5C%22elementType%5C%22%3A%5C%22geometry.fill%5C%22%2C%5C%22stylers%5C%22%3A%5B%7B%5C%22color%5C%22%3A%5C%22%23fac9a9%5C%22%7D%2C%7B%5C%22visibility%5C%22%3A%5C%22simplified%5C%22%7D%5D%7D%2C%7B%5C%22featureType%5C%22%3A%5C%22road.highway%5C%22%2C%5C%22elementType%5C%22%3A%5C%22labels.text%5C%22%2C%5C%22stylers%5C%22%3A%5B%7B%5C%22color%5C%22%3A%5C%22%234e4e4e%5C%22%7D%5D%7D%2C%7B%5C%22featureType%5C%22%3A%5C%22road.arterial%5C%22%2C%5C%22elementType%5C%22%3A%5C%22labels.text.fill%5C%22%2C%5C%22stylers%5C%22%3A%5B%7B%5C%22color%5C%22%3A%5C%22%23787878%5C%22%7D%5D%7D%2C%7B%5C%22featureType%5C%22%3A%5C%22road.arterial%5C%22%2C%5C%22elementType%5C%22%3A%5C%22labels.icon%5C%22%2C%5C%22stylers%5C%22%3A%5B%7B%5C%22visibility%5C%22%3A%5C%22off%5C%22%7D%5D%7D%2C%7B%5C%22featureType%5C%22%3A%5C%22transit%5C%22%2C%5C%22elementType%5C%22%3A%5C%22all%5C%22%2C%5C%22stylers%5C%22%3A%5B%7B%5C%22visibility%5C%22%3A%5C%22simplified%5C%22%7D%5D%7D%2C%7B%5C%22featureType%5C%22%3A%5C%22transit.station.airport%5C%22%2C%5C%22elementType%5C%22%3A%5C%22labels.icon%5C%22%2C%5C%22stylers%5C%22%3A%5B%7B%5C%22hue%5C%22%3A%5C%22%230a00ff%5C%22%7D%2C%7B%5C%22saturation%5C%22%3A%5C%22-77%5C%22%7D%2C%7B%5C%22gamma%5C%22%3A%5C%220.57%5C%22%7D%2C%7B%5C%22lightness%5C%22%3A%5C%220%5C%22%7D%5D%7D%2C%7B%5C%22featureType%5C%22%3A%5C%22transit.station.rail%5C%22%2C%5C%22elementType%5C%22%3A%5C%22labels.text.fill%5C%22%2C%5C%22stylers%5C%22%3A%5B%7B%5C%22color%5C%22%3A%5C%22%2343321e%5C%22%7D%5D%7D%2C%7B%5C%22featureType%5C%22%3A%5C%22transit.station.rail%5C%22%2C%5C%22elementType%5C%22%3A%5C%22labels.icon%5C%22%2C%5C%22stylers%5C%22%3A%5B%7B%5C%22hue%5C%22%3A%5C%22%23ff6c00%5C%22%7D%2C%7B%5C%22lightness%5C%22%3A%5C%224%5C%22%7D%2C%7B%5C%22gamma%5C%22%3A%5C%220.75%5C%22%7D%2C%7B%5C%22saturation%5C%22%3A%5C%22-68%5C%22%7D%5D%7D%2C%7B%5C%22featureType%5C%22%3A%5C%22water%5C%22%2C%5C%22elementType%5C%22%3A%5C%22all%5C%22%2C%5C%22stylers%5C%22%3A%5B%7B%5C%22color%5C%22%3A%5C%22%23eaf6f8%5C%22%7D%2C%7B%5C%22visibility%5C%22%3A%5C%22on%5C%22%7D%5D%7D%2C%7B%5C%22featureType%5C%22%3A%5C%22water%5C%22%2C%5C%22elementType%5C%22%3A%5C%22geometry.fill%5C%22%2C%5C%22stylers%5C%22%3A%5B%7B%5C%22color%5C%22%3A%5C%22%23c7eced%5C%22%7D%5D%7D%2C%7B%5C%22featureType%5C%22%3A%5C%22water%5C%22%2C%5C%22elementType%5C%22%3A%5C%22labels.text.fill%5C%22%2C%5C%22stylers%5C%22%3A%5B%7B%5C%22lightness%5C%22%3A%5C%22-49%5C%22%7D%2C%7B%5C%22saturation%5C%22%3A%5C%22-53%5C%22%7D%2C%7B%5C%22gamma%5C%22%3A%5C%220.79%5C%22%7D%5D%7D%5D%22\" data-map_markers=\"%5B%7B%22map_marker_title%22%3A%22B%5Cu00fcro+Luxemburg%22%2C%22map_marker_lat%22%3A%2249.60859501157802%22%2C%22map_marker_lng%22%3A%226.119345341937968%22%2C%22_id%22%3A%22526ee5f%22%2C%22map_marker_content%22%3A%22%3Cstrong%3EUnser+B%5Cu00fcro+in+Luxemburg+%3C%5C%2Fstrong%3E%3Cbr%3E29+Bd+Grande-Duchesse+Charlotte%2C+1331+Belair+Luxemburg%22%2C%22index%22%3A0%2C%22map_marker_icon_enable%22%3A%22no%22%2C%22map_marker_icon%22%3Anull%2C%22map_marker_icon_width%22%3Anull%2C%22map_marker_icon_height%22%3Anull%7D%2C%7B%22map_marker_title%22%3A%22B%5Cu00fcro+Niederlande%22%2C%22map_marker_lat%22%3A%2251.84772372130777%22%2C%22map_marker_lng%22%3A%224.4907523151395266%22%2C%22_id%22%3A%2230c9daa%22%2C%22map_marker_content%22%3A%22%3Cstrong%3ENiederl%5Cu00e4ndisches+B%5Cu00fcro%3C%5C%2Fstrong%3E%3Cbr%3E+Waddenring+207%2C+2993+VC%2C+Barendrecht%2C+die+Niederlande%22%2C%22index%22%3A1%2C%22map_marker_icon_enable%22%3A%22no%22%2C%22map_marker_icon%22%3Anull%2C%22map_marker_icon_width%22%3Anull%2C%22map_marker_icon_height%22%3Anull%7D%5D\" data-map_polylines=\"null\" data-map_streeview_control=\"false\" data-map_type_control=\"false\" data-map_zoom_control=\"true\" data-map_fullscreen_control=\"true\" data-map_scroll_zoom=\"false\"><\/div>\n\t\t\t<div class=\"google-map-notice\"><\/div>\n\t<\/div>\t\t\t\t<\/div>\n\t\t\t\t<\/div>\n\t\t\t\t<\/div>\n\t\t<div class=\"elementor-element elementor-element-3f28b265 e-con-full e-flex e-con e-child\" data-id=\"3f28b265\" data-element_type=\"container\">\n\t\t<div class=\"elementor-element elementor-element-17e0f8db e-con-full e-flex e-con e-child\" data-id=\"17e0f8db\" data-element_type=\"container\">\n\t\t\t\t<div class=\"elementor-element elementor-element-5192039f animated-fast elementor-invisible elementor-widget elementor-widget-elementskit-heading\" data-id=\"5192039f\" data-element_type=\"widget\" data-settings=\"{&quot;_animation&quot;:&quot;fadeIn&quot;,&quot;_animation_delay&quot;:200,&quot;ekit_we_effect_on&quot;:&quot;none&quot;}\" data-widget_type=\"elementskit-heading.default\">\n\t\t\t\t<div class=\"elementor-widget-container\">\n\t\t\t\t\t<div class=\"ekit-wid-con\" ><div class=\"ekit-heading elementskit-section-title-wraper text_left   ekit_heading_tablet-   ekit_heading_mobile-\"><h6 class=\"elementskit-section-subtitle   ekit-heading__subtitle-has-border\">\n\t\t\t\t\t\tKontaktieren Sie uns\n\t\t\t\t\t<\/h6><h1 class=\"ekit-heading--title elementskit-section-title \">Wir sind f\u00fcr Sie da<\/h1>\t\t\t\t<div class='ekit-heading__description'>\n\t\t\t\t\t<p>Haben Sie eine Frage oder ein Feedback? F\u00fcllen Sie das untenstehende Formular aus, und wir werden uns so schnell wie m\u00f6glich bei Ihnen melden. <\/p>\n\t\t\t\t<\/div>\n\t\t\t<\/div><\/div>\t\t\t\t<\/div>\n\t\t\t\t<\/div>\n\t\t\t\t<div class=\"elementor-element elementor-element-7dfa6215 elementor-widget__width-inherit animated-fast elementor-invisible elementor-widget elementor-widget-elementskit-contact-form7\" data-id=\"7dfa6215\" data-element_type=\"widget\" data-settings=\"{&quot;_animation&quot;:&quot;fadeIn&quot;,&quot;_animation_delay&quot;:200,&quot;ekit_we_effect_on&quot;:&quot;none&quot;}\" data-widget_type=\"elementskit-contact-form7.default\">\n\t\t\t\t<div class=\"elementor-widget-container\">\n\t\t\t\t\t<div class=\"ekit-wid-con\" ><div class=\"ekit-form\">\n<div class=\"wpcf7 no-js\" id=\"wpcf7-f10448-o1\" lang=\"en-US\" dir=\"ltr\" data-wpcf7-id=\"10448\">\n<div class=\"screen-reader-response\"><p role=\"status\" aria-live=\"polite\" aria-atomic=\"true\"><\/p> <ul><\/ul><\/div>\n<form action=\"\/de\/wp-json\/wp\/v2\/pages\/24921#wpcf7-f10448-o1\" method=\"post\" class=\"wpcf7-form init\" aria-label=\"Contact form\" novalidate=\"novalidate\" data-status=\"init\">\n<fieldset class=\"hidden-fields-container\"><input type=\"hidden\" name=\"_wpcf7\" value=\"10448\" \/><input type=\"hidden\" name=\"_wpcf7_version\" value=\"6.1.1\" \/><input type=\"hidden\" name=\"_wpcf7_locale\" value=\"en_US\" \/><input type=\"hidden\" name=\"_wpcf7_unit_tag\" value=\"wpcf7-f10448-o1\" \/><input type=\"hidden\" name=\"_wpcf7_container_post\" value=\"0\" \/><input type=\"hidden\" name=\"_wpcf7_posted_data_hash\" value=\"\" \/>\n<\/fieldset>\n<div class=\"keydesign-label\">\n\t<p><label>Name<\/label><span class=\"wpcf7-form-control-wrap\" data-name=\"your-name\"><input size=\"40\" maxlength=\"400\" class=\"wpcf7-form-control wpcf7-text wpcf7-validates-as-required\" aria-required=\"true\" aria-invalid=\"false\" value=\"\" type=\"text\" name=\"your-name\" \/><\/span>\n\t<\/p>\n<\/div>\n<div class=\"keydesign-label\">\n\t<p><label>Email address<\/label><span class=\"wpcf7-form-control-wrap\" data-name=\"your-email\"><input size=\"40\" maxlength=\"400\" class=\"wpcf7-form-control wpcf7-email wpcf7-validates-as-required wpcf7-text wpcf7-validates-as-email\" aria-required=\"true\" aria-invalid=\"false\" value=\"\" type=\"email\" name=\"your-email\" \/><\/span>\n\t<\/p>\n<\/div>\n<div class=\"keydesign-label\">\n\t<p><label>Message<\/label><span class=\"wpcf7-form-control-wrap\" data-name=\"your-message\"><textarea cols=\"40\" rows=\"10\" maxlength=\"2000\" class=\"wpcf7-form-control wpcf7-textarea\" aria-invalid=\"false\" name=\"your-message\"><\/textarea><\/span>\n\t<\/p>\n<\/div>\n<p><input class=\"wpcf7-form-control wpcf7-submit has-spinner\" type=\"submit\" value=\"Submit\" \/>\n<\/p><div class=\"wpcf7-response-output\" aria-hidden=\"true\"><\/div>\n<\/form>\n<\/div>\n<\/div><\/div>\t\t\t\t<\/div>\n\t\t\t\t<\/div>\n\t\t\t\t<\/div>\n\t\t\t\t<\/div>\n\t\t\t\t<\/div>\n\t\t<div class=\"elementor-element elementor-element-6da51e94 e-flex e-con-boxed e-con e-parent\" data-id=\"6da51e94\" data-element_type=\"container\" data-settings=\"{&quot;background_background&quot;:&quot;classic&quot;}\">\n\t\t\t\t\t<div class=\"e-con-inner\">\n\t\t<div class=\"elementor-element elementor-element-6864f48d e-con-full e-flex e-con e-child\" data-id=\"6864f48d\" data-element_type=\"container\">\n\t\t<div class=\"elementor-element elementor-element-33157fda e-con-full e-flex e-con e-child\" data-id=\"33157fda\" data-element_type=\"container\">\n\t\t\t\t<div class=\"elementor-element elementor-element-72937e76 animated-fast elementor-invisible elementor-widget elementor-widget-elementskit-heading\" data-id=\"72937e76\" data-element_type=\"widget\" data-settings=\"{&quot;_animation&quot;:&quot;fadeIn&quot;,&quot;_animation_delay&quot;:100,&quot;ekit_we_effect_on&quot;:&quot;none&quot;}\" data-widget_type=\"elementskit-heading.default\">\n\t\t\t\t<div class=\"elementor-widget-container\">\n\t\t\t\t\t<div class=\"ekit-wid-con\" ><div class=\"ekit-heading elementskit-section-title-wraper text_left   ekit_heading_tablet-   ekit_heading_mobile-\"><h2 class=\"ekit-heading--title elementskit-section-title \">Sie suchen nach <span>Unterst\u00fctzung?<\/span><\/h2>\t\t\t\t<div class='ekit-heading__description'>\n\t\t\t\t\t<p>Wir verstehen, dass Sie manchmal eine helfende Hand brauchen. Hier finden Sie die Hilfe, die Sie brauchen. <\/p>\n\t\t\t\t<\/div>\n\t\t\t<\/div><\/div>\t\t\t\t<\/div>\n\t\t\t\t<\/div>\n\t\t\t\t<\/div>\n\t\t<div class=\"elementor-element elementor-element-1438549e e-con-full e-flex e-con e-child\" data-id=\"1438549e\" data-element_type=\"container\">\n\t\t\t\t<div class=\"elementor-element elementor-element-6bd17613 animated-fast elementor-invisible elementor-widget elementor-widget-elementskit-heading\" data-id=\"6bd17613\" data-element_type=\"widget\" data-settings=\"{&quot;_animation&quot;:&quot;fadeIn&quot;,&quot;_animation_delay&quot;:200,&quot;ekit_we_effect_on&quot;:&quot;none&quot;}\" data-widget_type=\"elementskit-heading.default\">\n\t\t\t\t<div class=\"elementor-widget-container\">\n\t\t\t\t\t<div class=\"ekit-wid-con\" ><div class=\"ekit-heading elementskit-section-title-wraper text_left   ekit_heading_tablet-   ekit_heading_mobile-\">\t\t\t\t<div class='ekit-heading__description'>\n\t\t\t\t\t<p>Wir bieten eine Reihe umfassender Support-Optionen, die Sie bei jedem Schritt unterst\u00fctzen. Ganz gleich, ob Sie eine technische Frage haben, eine Anleitung zur Nutzung unserer Funktionen ben\u00f6tigen oder sich mit anderen Nutzern austauschen m\u00f6chten - wir haben alles f\u00fcr Sie. <\/p>\n\t\t\t\t<\/div>\n\t\t\t<\/div><\/div>\t\t\t\t<\/div>\n\t\t\t\t<\/div>\n\t\t\t\t<\/div>\n\t\t\t\t<\/div>\n\t\t<div class=\"elementor-element elementor-element-7bbc9607 e-con-full e-flex e-con e-child\" data-id=\"7bbc9607\" data-element_type=\"container\">\n\t\t<div class=\"elementor-element elementor-element-38bd25d9 e-con-full e-flex e-con e-child\" data-id=\"38bd25d9\" data-element_type=\"container\">\n\t\t\t\t<div class=\"elementor-element elementor-element-20955304 widget-link-underline animated-fast ekit-equal-height-disable elementor-invisible elementor-widget elementor-widget-elementskit-icon-box\" data-id=\"20955304\" data-element_type=\"widget\" data-settings=\"{&quot;_animation&quot;:&quot;fadeInUp&quot;,&quot;_animation_delay&quot;:100,&quot;ekit_we_effect_on&quot;:&quot;none&quot;}\" data-widget_type=\"elementskit-icon-box.default\">\n\t\t\t\t<div class=\"elementor-widget-container\">\n\t\t\t\t\t<div class=\"ekit-wid-con\" >        <!-- link opening -->\n                <!-- end link opening -->\n\n        <div class=\"elementskit-infobox text-left text-left icon-top-align elementor-animation-   \">\n                    <div class=\"elementskit-box-header elementor-animation-\">\n                <div class=\"elementskit-info-box-icon  \">\n                    <i aria-hidden=\"true\" class=\"elementkit-infobox-icon icon icon-chat\"><\/i>\n                <\/div>\n          <\/div>\n                        <div class=\"box-body\">\n                            <h3 class=\"elementskit-info-box-title\">\n                    Support Center                <\/h3>\n                        \t\t  \t<p>Finden Sie sofortige Antworten auf h\u00e4ufig gestellte Fragen. Wir haben eine F\u00fclle von Ressourcen f\u00fcr Sie zusammengestellt. <\/p>\n                                        <div class=\"box-footer disable_hover_button\">\n                    <div class=\"btn-wraper\">\n                                                            <a class=\"elementskit-btn whitespace--normal\" href=\"#\">\n                                        \u00dcberpr\u00fcfen Sie es                                    <\/a>\n                                                        <\/div>\n                <\/div>\n                    <\/div>\n        \n        \n                <\/div>\n        <\/div>\t\t\t\t<\/div>\n\t\t\t\t<\/div>\n\t\t\t\t<\/div>\n\t\t<div class=\"elementor-element elementor-element-817fa26 e-con-full e-flex e-con e-child\" data-id=\"817fa26\" data-element_type=\"container\">\n\t\t\t\t<div class=\"elementor-element elementor-element-5e26a4bb widget-link-underline animated-fast ekit-equal-height-disable elementor-invisible elementor-widget elementor-widget-elementskit-icon-box\" data-id=\"5e26a4bb\" data-element_type=\"widget\" data-settings=\"{&quot;_animation&quot;:&quot;fadeInUp&quot;,&quot;_animation_delay&quot;:200,&quot;ekit_we_effect_on&quot;:&quot;none&quot;}\" data-widget_type=\"elementskit-icon-box.default\">\n\t\t\t\t<div class=\"elementor-widget-container\">\n\t\t\t\t\t<div class=\"ekit-wid-con\" >        <!-- link opening -->\n                <!-- end link opening -->\n\n        <div class=\"elementskit-infobox text-left text-left icon-top-align elementor-animation-   \">\n                    <div class=\"elementskit-box-header elementor-animation-\">\n                <div class=\"elementskit-info-box-icon  \">\n                    <i aria-hidden=\"true\" class=\"elementkit-infobox-icon icon icon-settings-2\"><\/i>\n                <\/div>\n          <\/div>\n                        <div class=\"box-body\">\n                            <h3 class=\"elementskit-info-box-title\">\n                    Leitf\u00e4den f\u00fcr Entwickler                <\/h3>\n                        \t\t  \t<p>Ausf\u00fchrliche Dokumentation, Codebeispiele und Best Practices, die Ihnen helfen, Ihre Projekte zu verbessern.<\/p>\n                                        <div class=\"box-footer disable_hover_button\">\n                    <div class=\"btn-wraper\">\n                                                            <a class=\"elementskit-btn whitespace--normal\" href=\"#\">\n                                        \u00dcberpr\u00fcfen Sie es                                    <\/a>\n                                                        <\/div>\n                <\/div>\n                    <\/div>\n        \n        \n                <\/div>\n        <\/div>\t\t\t\t<\/div>\n\t\t\t\t<\/div>\n\t\t\t\t<\/div>\n\t\t<div class=\"elementor-element elementor-element-5a78c6be e-con-full e-flex e-con e-child\" data-id=\"5a78c6be\" data-element_type=\"container\">\n\t\t\t\t<div class=\"elementor-element elementor-element-54993926 widget-link-underline animated-fast ekit-equal-height-disable elementor-invisible elementor-widget elementor-widget-elementskit-icon-box\" data-id=\"54993926\" data-element_type=\"widget\" data-settings=\"{&quot;_animation&quot;:&quot;fadeInUp&quot;,&quot;_animation_delay&quot;:300,&quot;ekit_we_effect_on&quot;:&quot;none&quot;}\" data-widget_type=\"elementskit-icon-box.default\">\n\t\t\t\t<div class=\"elementor-widget-container\">\n\t\t\t\t\t<div class=\"ekit-wid-con\" >        <!-- link opening -->\n                <!-- end link opening -->\n\n        <div class=\"elementskit-infobox text-left text-left icon-top-align elementor-animation-   \">\n                    <div class=\"elementskit-box-header elementor-animation-\">\n                <div class=\"elementskit-info-box-icon  \">\n                    <i aria-hidden=\"true\" class=\"elementkit-infobox-icon icon icon-earth\"><\/i>\n                <\/div>\n          <\/div>\n                        <div class=\"box-body\">\n                            <h3 class=\"elementskit-info-box-title\">\n                    Gemeinschaft                <\/h3>\n                        \t\t  \t<p>Tauschen Sie sich mit anderen Nutzern aus, teilen Sie Ihre Erfahrungen und lernen Sie von anderen in unserem lebhaften Community-Forum.  <\/p>\n                                        <div class=\"box-footer disable_hover_button\">\n                    <div class=\"btn-wraper\">\n                                                            <a class=\"elementskit-btn whitespace--normal\" href=\"#\">\n                                        \u00dcberpr\u00fcfen Sie es                                    <\/a>\n                                                        <\/div>\n                <\/div>\n                    <\/div>\n        \n        \n                <\/div>\n        <\/div>\t\t\t\t<\/div>\n\t\t\t\t<\/div>\n\t\t\t\t<\/div>\n\t\t\t\t<\/div>\n\t\t\t\t\t<\/div>\n\t\t\t\t<\/div>\n\t\t\t\t<\/div>\n\t\t","protected":false},"excerpt":{"rendered":"<p>Kontaktieren Sie uns Wir sind f\u00fcr Sie da Haben Sie eine Frage oder ein Feedback? F\u00fcllen Sie das untenstehende Formular aus, und wir werden uns so schnell wie m\u00f6glich bei Ihnen melden. Name Email address Message Sie suchen nach Unterst\u00fctzung? Wir verstehen, dass Sie manchmal eine helfende Hand brauchen. Hier finden Sie die Hilfe, die [&hellip;]<\/p>\n","protected":false},"author":1,"featured_media":0,"parent":0,"menu_order":0,"comment_status":"closed","ping_status":"closed","template":"","meta":{"footnotes":""},"class_list":["post-24921","page","type-page","status-publish","hentry"],"_links":{"self":[{"href":"https:\/\/mailprovider.com\/de\/wp-json\/wp\/v2\/pages\/24921","targetHints":{"allow":["GET"]}}],"collection":[{"href":"https:\/\/mailprovider.com\/de\/wp-json\/wp\/v2\/pages"}],"about":[{"href":"https:\/\/mailprovider.com\/de\/wp-json\/wp\/v2\/types\/page"}],"author":[{"embeddable":true,"href":"https:\/\/mailprovider.com\/de\/wp-json\/wp\/v2\/users\/1"}],"replies":[{"embeddable":true,"href":"https:\/\/mailprovider.com\/de\/wp-json\/wp\/v2\/comments?post=24921"}],"version-history":[{"count":0,"href":"https:\/\/mailprovider.com\/de\/wp-json\/wp\/v2\/pages\/24921\/revisions"}],"wp:attachment":[{"href":"https:\/\/mailprovider.com\/de\/wp-json\/wp\/v2\/media?parent=24921"}],"curies":[{"name":"wp","href":"https:\/\/api.w.org\/{rel}","templated":true}]}}